{"id":26978,"date":"2023-01-31T12:52:21","date_gmt":"2023-01-31T12:52:21","guid":{"rendered":"https:\/\/rlbhealthagency.com\/?page_id=26978"},"modified":"2023-05-17T12:01:02","modified_gmt":"2023-05-17T12:01:02","slug":"internal-medicine","status":"publish","type":"page","link":"https:\/\/rlbhealthagency.com\/ar\/internal-medicine\/","title":{"rendered":"\u0627\u0644\u0637\u0628 \u0627\u0644\u0628\u0627\u0637\u0646\u064a"},"content":{"rendered":"<p>\u0627\u0644\u0637\u0628 \u0627\u0644\u0628\u0627\u0637\u0646\u064a \u0647\u0648 \u062a\u062e\u0635\u0635 \u0637\u0628\u064a \u064a\u0633\u062a\u062e\u062f\u0645 \u0641\u064a\u0647 \u0627\u0644\u0623\u0637\u0628\u0627\u0621 \u0627\u0644\u0645\u0639\u0631\u0641\u0629 \u0627\u0644\u0639\u0644\u0645\u064a\u0629 \u0648\u0627\u0644\u062e\u0628\u0631\u0629 \u0627\u0644\u0633\u0631\u064a\u0631\u064a\u0629 \u0644\u062a\u0634\u062e\u064a\u0635 \u0648\u0639\u0644\u0627\u062c \u0627\u0644\u0628\u0627\u0644\u063a\u064a\u0646 \u0627\u0644\u0630\u064a\u0646 \u064a\u0639\u0627\u0646\u0648\u0646 \u0645\u0646 \u0645\u062c\u0645\u0648\u0639\u0629 \u0645\u062a\u0646\u0648\u0639\u0629 \u0645\u0646 \u0627\u0644\u0645\u0634\u0627\u0643\u0644 \u0627\u0644\u0635\u062d\u064a\u0629 \u0648\u0627\u0644\u0623\u0645\u0631\u0627\u0636. \u064a\u064f\u0637\u0644\u0642 \u0639\u0644\u0649 \u0627\u0644\u0623\u0637\u0628\u0627\u0621 \u0627\u0644\u0645\u062a\u062e\u0635\u0635\u064a\u0646 \u0641\u064a \u0627\u0644\u0637\u0628 \u0627\u0644\u0628\u0627\u0637\u0646\u064a \u0623\u0637\u0628\u0627\u0621 \u0627\u0644\u0628\u0627\u0637\u0646\u0629 \u0623\u0648 \u0623\u0637\u0628\u0627\u0621 \u0627\u0644\u0628\u0627\u0637\u0646\u0629 \u0627\u0644\u0639\u0627\u0645\u064a\u0646.<\/p>\n\n\n\n<figure class=\"wp-block-image size-large\"><img fetchpriority=\"high\" decoding=\"async\" width=\"1024\" height=\"682\" src=\"https:\/\/rlbhealthagency.com\/wp-content\/uploads\/2023\/01\/doctor-crossing-arms-while-holding-stethoscope-white-coat_176474-8491-1024x682.webp\" alt=\"\" class=\"wp-image-26980\" srcset=\"https:\/\/rlbhealthagency.com\/wp-content\/uploads\/2023\/01\/doctor-crossing-arms-while-holding-stethoscope-white-coat_176474-8491-1024x682.webp 1024w, https:\/\/rlbhealthagency.com\/wp-content\/uploads\/2023\/01\/doctor-crossing-arms-while-holding-stethoscope-white-coat_176474-8491-300x200.webp 300w, https:\/\/rlbhealthagency.com\/wp-content\/uploads\/2023\/01\/doctor-crossing-arms-while-holding-stethoscope-white-coat_176474-8491-768x512.webp 768w, https:\/\/rlbhealthagency.com\/wp-content\/uploads\/2023\/01\/doctor-crossing-arms-while-holding-stethoscope-white-coat_176474-8491-18x12.webp 18w, https:\/\/rlbhealthagency.com\/wp-content\/uploads\/2023\/01\/doctor-crossing-arms-while-holding-stethoscope-white-coat_176474-8491-370x246.webp 370w, https:\/\/rlbhealthagency.com\/wp-content\/uploads\/2023\/01\/doctor-crossing-arms-while-holding-stethoscope-white-coat_176474-8491-840x559.webp 840w, https:\/\/rlbhealthagency.com\/wp-content\/uploads\/2023\/01\/doctor-crossing-arms-while-holding-stethoscope-white-coat_176474-8491-410x273.webp 410w, https:\/\/rlbhealthagency.com\/wp-content\/uploads\/2023\/01\/doctor-crossing-arms-while-holding-stethoscope-white-coat_176474-8491.webp 1060w\" sizes=\"(max-width: 1024px) 100vw, 1024px\" \/><\/figure>\n\n\n\n<h2 class=\"wp-block-heading\">\u0627\u0644\u0627\u062e\u062a\u0644\u0627\u0641\u0627\u062a \u0628\u064a\u0646 \u0627\u0644\u0637\u0628 \u0627\u0644\u0628\u0627\u0637\u0646\u064a \u0648\u0627\u0644\u0637\u0628 \u0627\u0644\u0639\u0627\u0645 \/ \u0637\u0628 \u0627\u0644\u0623\u0633\u0631\u0629<\/h2>\n\n\n\n<p>\u0641\u064a \u062d\u064a\u0646 \u0623\u0646 \u0643\u0644\u0627\u0647\u0645\u0627 \u0645\u0646 \u0623\u0637\u0628\u0627\u0621 \u0627\u0644\u0631\u0639\u0627\u064a\u0629 \u0627\u0644\u0623\u0648\u0644\u064a\u0629 - \u0648\u063a\u0627\u0644\u0628\u064b\u0627 \u0645\u0627 \u064a\u062a\u0645 \u0627\u0633\u062a\u062e\u062f\u0627\u0645 \u0627\u0644\u0645\u0635\u0637\u0644\u062d\u0627\u062a \u0628\u0627\u0644\u062a\u0628\u0627\u062f\u0644 - \u0641\u0625\u0646 \u0627\u0644\u0623\u0637\u0628\u0627\u0621 \u0627\u0644\u0628\u0627\u0637\u0646\u064a\u064a\u0646 \u0644\u064a\u0633\u0648\u0627 \u0645\u062b\u0644 \u0627\u0644\u0645\u0645\u0627\u0631\u0633\u064a\u0646 \u0627\u0644\u0639\u0627\u0645\u064a\u0646 \u0648\u0623\u0637\u0628\u0627\u0621 \u0627\u0644\u0623\u0633\u0631\u0629. \u0623\u062d\u062f \u0627\u0644\u0627\u062e\u062a\u0644\u0627\u0641\u0627\u062a \u0627\u0644\u0631\u0626\u064a\u0633\u064a\u0629 \u0647\u0648 \u0623\u0646 \u0627\u0644\u0623\u0637\u0628\u0627\u0621 \u0627\u0644\u0628\u0627\u0637\u0646\u064a\u064a\u0646 \u0644\u0627 \u064a\u0631\u0648\u0646 \u0633\u0648\u0649 \u0627\u0644\u0628\u0627\u0644\u063a\u064a\u0646 \u060c \u0628\u064a\u0646\u0645\u0627 \u064a\u0631\u0649 \u0645\u0645\u0627\u0631\u0633\u0648 \u0627\u0644\u0623\u0633\u0631\u0629 \u0627\u0644\u0623\u0637\u0641\u0627\u0644 \u0648\u0627\u0644\u0628\u0627\u0644\u063a\u064a\u0646 \u0639\u0644\u0649 \u062d\u062f \u0633\u0648\u0627\u0621.<\/p>\n\n\n\n<h3 class=\"wp-block-heading\">\u0623\u0645\u0631\u0627\u0636 \u0627\u0644\u0628\u0627\u0637\u0646\u0629 \u0627\u0644\u0639\u0627\u0645\u0629<\/h3>\n\n\n\n<p>\u0627\u0644\u0623\u0637\u0628\u0627\u0621 \u0627\u0644\u0628\u0627\u0637\u0646\u064a\u0648\u0646 \u0627\u0644\u0639\u0627\u0645\u0648\u0646 \u0645\u0624\u0647\u0644\u0648\u0646 \u0628\u0634\u0643\u0644 \u0641\u0631\u064a\u062f \u0644\u0645\u0645\u0627\u0631\u0633\u0629 \u0627\u0644\u0631\u0639\u0627\u064a\u0629 \u0627\u0644\u0623\u0648\u0644\u064a\u0629 \u0648\u0645\u062a\u0627\u0628\u0639\u0629 \u0627\u0644\u0645\u0631\u0636\u0649 \u0637\u0648\u0627\u0644 \u062d\u064a\u0627\u062a\u0647\u0645. \u064a\u0639\u0645\u0644 \u0628\u0639\u0636 \u0623\u0637\u0628\u0627\u0621 \u0627\u0644\u0628\u0627\u0637\u0646\u0629 \u0643\u0623\u062e\u0635\u0627\u0626\u064a\u064a \u0631\u0639\u0627\u064a\u0629 \u0635\u062d\u064a\u0629 \u0623\u0648\u0644\u064a\u0629 \u0641\u064a \u0627\u0644\u0645\u0633\u062a\u0634\u0641\u064a\u0627\u062a \u061b \u064a\u0642\u062f\u0645 \u0627\u0644\u0628\u0639\u0636 \u0627\u0644\u0622\u062e\u0631 \u0631\u0639\u0627\u064a\u0629 \u0627\u0644\u0639\u064a\u0627\u062f\u0627\u062a \u0627\u0644\u062e\u0627\u0631\u062c\u064a\u0629 \u0641\u0642\u0637. \u0642\u062f \u064a\u0639\u0645\u0644 \u0623\u0637\u0628\u0627\u0621 \u0627\u0644\u0628\u0627\u0637\u0646\u0629 \u0623\u064a\u0636\u064b\u0627 \u0641\u064a \u0645\u0631\u0627\u0643\u0632 \u0625\u0639\u0627\u062f\u0629 \u0627\u0644\u062a\u0623\u0647\u064a\u0644 \u0648\u0645\u0631\u0627\u0641\u0642 \u0627\u0644\u0631\u0639\u0627\u064a\u0629 \u0637\u0648\u064a\u0644\u0629 \u0627\u0644\u0623\u062c\u0644.<\/p>","protected":false},"excerpt":{"rendered":"<p>Dahiliye, doktorlar\u0131n \u00e7ok \u00e7e\u015fitli sa\u011fl\u0131k sorunlar\u0131 ve hastal\u0131klar\u0131 olan yeti\u015fkinleri te\u015fhis etmek ve tedavi etmek i\u00e7in bilimsel bilgi ve klinik uzmanl\u0131\u011f\u0131 kulland\u0131klar\u0131 bir t\u0131bbi uzmanl\u0131k alan\u0131d\u0131r. \u0130\u00e7 hastal\u0131klar\u0131 konusunda uzmanla\u015fm\u0131\u015f&hellip;<\/p>","protected":false},"author":1,"featured_media":26981,"parent":0,"menu_order":0,"comment_status":"closed","ping_status":"closed","template":"","meta":{"footnotes":""},"class_list":["post-26978","page","type-page","status-publish","has-post-thumbnail","hentry"],"_links":{"self":[{"href":"https:\/\/rlbhealthagency.com\/ar\/wp-json\/wp\/v2\/pages\/26978","targetHints":{"allow":["GET"]}}],"collection":[{"href":"https:\/\/rlbhealthagency.com\/ar\/wp-json\/wp\/v2\/pages"}],"about":[{"href":"https:\/\/rlbhealthagency.com\/ar\/wp-json\/wp\/v2\/types\/page"}],"author":[{"embeddable":true,"href":"https:\/\/rlbhealthagency.com\/ar\/wp-json\/wp\/v2\/users\/1"}],"replies":[{"embeddable":true,"href":"https:\/\/rlbhealthagency.com\/ar\/wp-json\/wp\/v2\/comments?post=26978"}],"version-history":[{"count":0,"href":"https:\/\/rlbhealthagency.com\/ar\/wp-json\/wp\/v2\/pages\/26978\/revisions"}],"wp:featuredmedia":[{"embeddable":true,"href":"https:\/\/rlbhealthagency.com\/ar\/wp-json\/wp\/v2\/media\/26981"}],"wp:attachment":[{"href":"https:\/\/rlbhealthagency.com\/ar\/wp-json\/wp\/v2\/media?parent=26978"}],"curies":[{"name":"wp","href":"https:\/\/api.w.org\/{rel}","templated":true}]}}