{"id":26997,"date":"2023-02-02T11:28:09","date_gmt":"2023-02-02T11:28:09","guid":{"rendered":"https:\/\/rlbhealthagency.com\/?page_id=26997"},"modified":"2023-05-17T12:02:29","modified_gmt":"2023-05-17T12:02:29","slug":"orthopedics","status":"publish","type":"page","link":"https:\/\/rlbhealthagency.com\/ar\/orthopedics\/","title":{"rendered":"\u0637\u0628 \u0627\u0644\u0639\u0638\u0627\u0645"},"content":{"rendered":"<p>\u062c\u0631\u0627\u062d\u0629 \u0627\u0644\u0639\u0638\u0627\u0645 (\u0648\u062a\u0633\u0645\u0649 \u0623\u064a\u0636\u064b\u0627 \u062c\u0631\u0627\u062d\u0629 \u0627\u0644\u0639\u0638\u0627\u0645) \u0647\u064a \u0627\u0644\u062a\u062e\u0635\u0635 \u0627\u0644\u0637\u0628\u064a \u0627\u0644\u0630\u064a \u064a\u0631\u0643\u0632 \u0639\u0644\u0649 \u0627\u0644\u0625\u0635\u0627\u0628\u0627\u062a \u0648\u0627\u0644\u0623\u0645\u0631\u0627\u0636 \u0641\u064a \u0627\u0644\u062c\u0647\u0627\u0632 \u0627\u0644\u0639\u0636\u0644\u064a \u0627\u0644\u0647\u064a\u0643\u0644\u064a \u0628\u062c\u0633\u0645\u0643. \u0647\u0630\u0627 \u0627\u0644\u0646\u0638\u0627\u0645 \u0627\u0644\u0645\u0639\u0642\u062f \u0645\u0646 \u0627\u0644\u0639\u0638\u0627\u0645 \u0648\u0627\u0644\u0645\u0641\u0627\u0635\u0644 \u0648\u0627\u0644\u0623\u0631\u0628\u0637\u0629 \u0648\u0627\u0644\u0623\u0648\u062a\u0627\u0631 \u0648\u0627\u0644\u0639\u0636\u0644\u0627\u062a \u0648\u0627\u0644\u0623\u0639\u0635\u0627\u0628 \u064a\u062c\u0639\u0644\u0643 \u062a\u062a\u062d\u0631\u0643 \u0648\u062a\u0639\u0645\u0644 \u0648\u062a\u0646\u0634\u0637.<\/p>\n\n\n\n<p>\u0644\u0642\u062f \u0643\u0631\u0633 \u0623\u0637\u0628\u0627\u0621 \u0627\u0644\u0639\u0638\u0627\u0645 \u0641\u064a \u0627\u0644\u0633\u0627\u0628\u0642 \u0631\u0639\u0627\u064a\u0629 \u0627\u0644\u0623\u0637\u0641\u0627\u0644 \u0627\u0644\u0630\u064a\u0646 \u064a\u0639\u0627\u0646\u0648\u0646 \u0645\u0646 \u062a\u0634\u0648\u0647\u0627\u062a \u0627\u0644\u0639\u0645\u0648\u062f \u0627\u0644\u0641\u0642\u0631\u064a \u0648\u0627\u0644\u0623\u0637\u0631\u0627\u0641 \u060c \u0648\u0647\u0645 \u0627\u0644\u0622\u0646 \u064a\u0647\u062a\u0645\u0648\u0646 \u0628\u0627\u0644\u0645\u0631\u0636\u0649 \u0645\u0646 \u062c\u0645\u064a\u0639 \u0627\u0644\u0623\u0639\u0645\u0627\u0631 \u060c \u0645\u0646 \u0627\u0644\u0623\u0637\u0641\u0627\u0644 \u062d\u062f\u064a\u062b\u064a \u0627\u0644\u0648\u0644\u0627\u062f\u0629 \u0627\u0644\u0630\u064a\u0646 \u064a\u0639\u0627\u0646\u0648\u0646 \u0645\u0646 \u062d\u0646\u0641 \u0627\u0644\u0642\u062f\u0645 \u0625\u0644\u0649 \u0627\u0644\u0631\u064a\u0627\u0636\u064a\u064a\u0646 \u0627\u0644\u0634\u0628\u0627\u0628 \u0627\u0644\u0630\u064a\u0646 \u064a\u062d\u062a\u0627\u062c\u0648\u0646 \u0625\u0644\u0649 \u062c\u0631\u0627\u062d\u0629 \u0628\u0627\u0644\u0645\u0646\u0638\u0627\u0631 \u0625\u0644\u0649 \u0643\u0628\u0627\u0631 \u0627\u0644\u0633\u0646 \u0627\u0644\u0645\u0635\u0627\u0628\u064a\u0646 \u0628\u0627\u0644\u062a\u0647\u0627\u0628 \u0627\u0644\u0645\u0641\u0627\u0635\u0644. \u0648\u064a\u0645\u0643\u0646 \u0644\u0623\u064a \u0634\u062e\u0635 \u0643\u0633\u0631 \u0639\u0638\u0645 \u0641\u064a \u0623\u064a \u0639\u0645\u0631.<\/p>\n\n\n\n<p>\u0645\u0646 \u0627\u0644\u0645\u0647\u0645 \u0623\u0646 \u062a\u062a\u0630\u0643\u0631 \u0623\u0646 \u0632\u064a\u0627\u0631\u0629 \u062c\u0631\u0627\u062d \u0627\u0644\u0639\u0638\u0627\u0645 \u0644\u0627 \u062a\u0639\u0646\u064a \u0628\u0627\u0644\u0636\u0631\u0648\u0631\u0629 \u0623\u0646\u0643 \u0633\u062a\u062e\u0636\u0639 \u0644\u0639\u0645\u0644\u064a\u0629 \u062c\u0631\u0627\u062d\u064a\u0629. \u0628\u0633\u0628\u0628 \u0627\u0644\u062a\u062f\u0631\u064a\u0628 \u0627\u0644\u0630\u064a \u064a\u062a\u0644\u0642\u0648\u0646\u0647 \u060c \u0641\u0625\u0646 \u062c\u0631\u0627\u062d\u064a \u0627\u0644\u0639\u0638\u0627\u0645 \u0645\u0624\u0647\u0644\u064a\u0646 \u0628\u0634\u0643\u0644 \u0641\u0631\u064a\u062f \u0644\u062a\u062d\u062f\u064a\u062f \u0645\u0627 \u0625\u0630\u0627 \u0643\u0627\u0646\u062a \u0627\u0644\u062c\u0631\u0627\u062d\u0629 \u0647\u064a \u0627\u0644\u062e\u064a\u0627\u0631 \u0627\u0644\u0623\u0641\u0636\u0644 \u0628\u0627\u0644\u0646\u0633\u0628\u0629 \u0644\u0643 \u060c \u0648\u0625\u0630\u0627 \u0643\u0627\u0646 \u0627\u0644\u0623\u0645\u0631 \u0643\u0630\u0644\u0643 \u060c \u0641\u0645\u0627 \u0627\u0644\u0625\u062c\u0631\u0627\u0621 (\u0627\u0644\u0625\u062c\u0631\u0627\u0621\u0627\u062a) \u0627\u0644\u0630\u064a \u0633\u064a\u0639\u0637\u064a\u0643 \u0623\u0641\u0636\u0644 \u0627\u0644\u0646\u062a\u0627\u0626\u062c.<\/p>","protected":false},"excerpt":{"rendered":"<p>Ortopedi (ortopedik cerrahi olarak da adland\u0131r\u0131l\u0131r), v\u00fccudunuzun kas-iskelet sistemindeki yaralanmalara ve hastal\u0131klara odaklanan t\u0131bbi uzmanl\u0131k alan\u0131d\u0131r.&nbsp;Kemiklerinizi, eklemlerinizi, ba\u011flar\u0131n\u0131z\u0131, tendonlar\u0131n\u0131z\u0131, kaslar\u0131n\u0131z\u0131 ve sinirlerinizi i\u00e7eren bu karma\u015f\u0131k sistem hareket etmenizi, \u00e7al\u0131\u015fman\u0131z\u0131 ve&hellip;<\/p>","protected":false},"author":1,"featured_media":27000,"parent":0,"menu_order":0,"comment_status":"closed","ping_status":"closed","template":"","meta":{"footnotes":""},"class_list":["post-26997","page","type-page","status-publish","has-post-thumbnail","hentry"],"_links":{"self":[{"href":"https:\/\/rlbhealthagency.com\/ar\/wp-json\/wp\/v2\/pages\/26997","targetHints":{"allow":["GET"]}}],"collection":[{"href":"https:\/\/rlbhealthagency.com\/ar\/wp-json\/wp\/v2\/pages"}],"about":[{"href":"https:\/\/rlbhealthagency.com\/ar\/wp-json\/wp\/v2\/types\/page"}],"author":[{"embeddable":true,"href":"https:\/\/rlbhealthagency.com\/ar\/wp-json\/wp\/v2\/users\/1"}],"replies":[{"embeddable":true,"href":"https:\/\/rlbhealthagency.com\/ar\/wp-json\/wp\/v2\/comments?post=26997"}],"version-history":[{"count":0,"href":"https:\/\/rlbhealthagency.com\/ar\/wp-json\/wp\/v2\/pages\/26997\/revisions"}],"wp:featuredmedia":[{"embeddable":true,"href":"https:\/\/rlbhealthagency.com\/ar\/wp-json\/wp\/v2\/media\/27000"}],"wp:attachment":[{"href":"https:\/\/rlbhealthagency.com\/ar\/wp-json\/wp\/v2\/media?parent=26997"}],"curies":[{"name":"wp","href":"https:\/\/api.w.org\/{rel}","templated":true}]}}