{"id":27006,"date":"2023-02-02T11:39:10","date_gmt":"2023-02-02T11:39:10","guid":{"rendered":"https:\/\/rlbhealthagency.com\/?page_id=27006"},"modified":"2023-05-17T11:59:56","modified_gmt":"2023-05-17T11:59:56","slug":"brain-surgery","status":"publish","type":"page","link":"https:\/\/rlbhealthagency.com\/ar\/brain-surgery\/","title":{"rendered":"\u062c\u0631\u0627\u062d\u0629 \u0627\u0644\u062f\u0645\u0627\u063a"},"content":{"rendered":"<h1 class=\"wp-block-heading\">\u062c\u0631\u0627\u062d\u0629 \u0627\u0644\u062f\u0645\u0627\u063a<\/h1>\n\n\n\n<figure class=\"wp-block-image size-large\"><img fetchpriority=\"high\" decoding=\"async\" width=\"1024\" height=\"682\" src=\"https:\/\/rlbhealthagency.com\/wp-content\/uploads\/2023\/02\/surgeons-performing-operation-operation-room_1170-2224-1024x682.webp\" alt=\"\" class=\"wp-image-27007\" srcset=\"https:\/\/rlbhealthagency.com\/wp-content\/uploads\/2023\/02\/surgeons-performing-operation-operation-room_1170-2224-1024x682.webp 1024w, https:\/\/rlbhealthagency.com\/wp-content\/uploads\/2023\/02\/surgeons-performing-operation-operation-room_1170-2224-300x200.webp 300w, https:\/\/rlbhealthagency.com\/wp-content\/uploads\/2023\/02\/surgeons-performing-operation-operation-room_1170-2224-768x512.webp 768w, https:\/\/rlbhealthagency.com\/wp-content\/uploads\/2023\/02\/surgeons-performing-operation-operation-room_1170-2224-18x12.webp 18w, https:\/\/rlbhealthagency.com\/wp-content\/uploads\/2023\/02\/surgeons-performing-operation-operation-room_1170-2224-370x246.webp 370w, https:\/\/rlbhealthagency.com\/wp-content\/uploads\/2023\/02\/surgeons-performing-operation-operation-room_1170-2224-840x559.webp 840w, https:\/\/rlbhealthagency.com\/wp-content\/uploads\/2023\/02\/surgeons-performing-operation-operation-room_1170-2224-410x273.webp 410w, https:\/\/rlbhealthagency.com\/wp-content\/uploads\/2023\/02\/surgeons-performing-operation-operation-room_1170-2224.webp 1060w\" sizes=\"(max-width: 1024px) 100vw, 1024px\" \/><\/figure>\n\n\n\n<p>\u062d\u062c \u0627\u0644\u0642\u062d\u0641. \u0627\u0644\u062c\u0631\u0627\u062d\u0629 - \u0627\u0644\u062f\u0645\u0627\u063a \u062c\u0631\u0627\u062d\u0629 \u0627\u0644\u062f\u0645\u0627\u063a\u061b \u0627\u0633\u062a\u0626\u0635\u0627\u0644 \u0627\u0644\u0642\u062d\u0641. \u062d\u062c \u0627\u0644\u0642\u062d\u0641 \u0627\u0644\u062a\u062c\u0633\u064a\u0645\u064a \u062e\u0632\u0639\u0629 \u0627\u0644\u062f\u0645\u0627\u063a \u0627\u0644\u062a\u062c\u0633\u064a\u0645\u064a\u0629. \u062d\u062c \u0627\u0644\u0642\u062d\u0641 \u0628\u0627\u0644\u0645\u0646\u0638\u0627\u0631 \u062c\u0631\u0627\u062d\u0629 \u0627\u0644\u0623\u0639\u0635\u0627\u0628 \u0647\u064a \u0639\u0645\u0644\u064a\u0629 \u0644\u0639\u0644\u0627\u062c \u0645\u0634\u0627\u0643\u0644 \u0627\u0644\u062f\u0645\u0627\u063a \u0648\u0627\u0644\u0647\u064a\u0627\u0643\u0644 \u0627\u0644\u0645\u062d\u064a\u0637\u0629. \u0641\u064a \u0639\u0644\u0627\u062c \u0627\u0644\u0648\u0631\u0645 \u0627\u0644\u062f\u0645\u0648\u064a \u062a\u062d\u062a \u0627\u0644\u062c\u0627\u0641\u064a\u0629 \u060c \u0642\u062f \u062a\u0643\u0648\u0646 \u0647\u0646\u0627\u0643 \u062d\u0627\u062c\u0629 \u0644\u062c\u0631\u0627\u062d\u0629 \u0623\u0639\u0635\u0627\u0628 \u0644\u0625\u0632\u0627\u0644\u0629 \u0627\u0644\u062f\u0645 \u0648\u062a\u0642\u0644\u064a\u0644 \u0627\u0644\u0636\u063a\u0637 \u062f\u0627\u062e\u0644 \u0627\u0644\u062c\u0645\u062c\u0645\u0629. \u062a\u0639\u062a\u0645\u062f \u0646\u062a\u064a\u062c\u0629 \u0627\u0644\u062c\u0631\u0627\u062d\u0629 \u0639\u0644\u0649 \u0645\u0635\u062f\u0631 \u0627\u0644\u0645\u0634\u0643\u0644\u0629 \u0648\u0634\u062f\u062a\u0647\u0627 \u0648\u0645\u0648\u0642\u0639\u0647\u0627. \u064a\u0642\u0639 \u0627\u0644\u062f\u0645\u0627\u063a \u062f\u0627\u062e\u0644 \u0627\u0644\u062c\u0645\u062c\u0645\u0629. \u0627\u0644\u062c\u0645\u062c\u0645\u0629 \u0639\u0628\u0627\u0631\u0629 \u0639\u0646 \u0645\u062c\u0645\u0648\u0639\u0629 \u0645\u0646 \u0627\u0644\u0639\u0638\u0627\u0645 \u0627\u0644\u062a\u064a \u062a\u0634\u0643\u0644 \u0627\u0644\u062c\u0645\u062c\u0645\u0629 \u0648\u062a\u062d\u0645\u064a \u0627\u0644\u062f\u0645\u0627\u063a \u0648\u062a\u062d\u0627\u0641\u0638 \u0639\u0644\u064a\u0647. \u0641\u064a \u0639\u0644\u0627\u062c \u0627\u0644\u0648\u0631\u0645 \u0627\u0644\u062f\u0645\u0648\u064a \u062a\u062d\u062a \u0627\u0644\u062c\u0627\u0641\u064a\u0629 \u060c \u0642\u062f \u062a\u0643\u0648\u0646 \u0647\u0646\u0627\u0643 \u062d\u0627\u062c\u0629 \u0644\u062c\u0631\u0627\u062d\u0629 \u0623\u0639\u0635\u0627\u0628 \u0644\u0625\u0632\u0627\u0644\u0629 \u0627\u0644\u062f\u0645 \u0648\u062a\u0642\u0644\u064a\u0644 \u0627\u0644\u0636\u063a\u0637 \u062f\u0627\u062e\u0644 \u0627\u0644\u062c\u0645\u062c\u0645\u0629. \u062a\u0639\u062a\u0645\u062f \u0646\u062a\u064a\u062c\u0629 \u0627\u0644\u062c\u0631\u0627\u062d\u0629 \u0639\u0644\u0649 \u0645\u0635\u062f\u0631 \u0627\u0644\u0645\u0634\u0643\u0644\u0629 \u0648\u0634\u062f\u062a\u0647\u0627 \u0648\u0645\u0648\u0642\u0639\u0647\u0627. \u064a\u0642\u0639 \u0627\u0644\u062f\u0645\u0627\u063a \u062f\u0627\u062e\u0644 \u0627\u0644\u062c\u0645\u062c\u0645\u0629. \u0627\u0644\u062c\u0645\u062c\u0645\u0629 \u0639\u0628\u0627\u0631\u0629 \u0639\u0646 \u0645\u062c\u0645\u0648\u0639\u0629 \u0645\u0646 \u0627\u0644\u0639\u0638\u0627\u0645 \u0627\u0644\u062a\u064a \u062a\u0634\u0643\u0644 \u0627\u0644\u062c\u0645\u062c\u0645\u0629 \u0648\u062a\u062d\u0645\u064a \u0627\u0644\u062f\u0645\u0627\u063a \u0648\u062a\u062d\u0627\u0641\u0638 \u0639\u0644\u064a\u0647. \u0641\u064a \u0639\u0644\u0627\u062c \u0627\u0644\u0648\u0631\u0645 \u0627\u0644\u062f\u0645\u0648\u064a \u062a\u062d\u062a \u0627\u0644\u062c\u0627\u0641\u064a\u0629 \u060c \u0642\u062f \u062a\u0643\u0648\u0646 \u0647\u0646\u0627\u0643 \u062d\u0627\u062c\u0629 \u0644\u062c\u0631\u0627\u062d\u0629 \u0623\u0639\u0635\u0627\u0628 \u0644\u0625\u0632\u0627\u0644\u0629 \u0627\u0644\u062f\u0645 \u0648\u062a\u0642\u0644\u064a\u0644 \u0627\u0644\u0636\u063a\u0637 \u062f\u0627\u062e\u0644 \u0627\u0644\u062c\u0645\u062c\u0645\u0629. \u062a\u0639\u062a\u0645\u062f \u0646\u062a\u064a\u062c\u0629 \u0627\u0644\u062c\u0631\u0627\u062d\u0629 \u0639\u0644\u0649 \u0645\u0635\u062f\u0631 \u0627\u0644\u0645\u0634\u0643\u0644\u0629 \u0648\u0634\u062f\u062a\u0647\u0627 \u0648\u0645\u0648\u0642\u0639\u0647\u0627. \u064a\u0642\u0639 \u0627\u0644\u062f\u0645\u0627\u063a \u062f\u0627\u062e\u0644 \u0627\u0644\u062c\u0645\u062c\u0645\u0629. \u0627\u0644\u062c\u0645\u062c\u0645\u0629 \u0639\u0628\u0627\u0631\u0629 \u0639\u0646 \u0645\u062c\u0645\u0648\u0639\u0629 \u0645\u0646 \u0627\u0644\u0639\u0638\u0627\u0645 \u0627\u0644\u062a\u064a \u062a\u0634\u0643\u0644 \u0627\u0644\u062c\u0645\u062c\u0645\u0629 \u0648\u062a\u062d\u0645\u064a \u0627\u0644\u062f\u0645\u0627\u063a \u0648\u062a\u062d\u0627\u0641\u0638 \u0639\u0644\u064a\u0647.<\/p>","protected":false},"excerpt":{"rendered":"<p>Beyin ameliyat\u0131 Kraniotomi;\u00a0cerrahi &#8211; beyin;\u00a0beyin cerrahisi;\u00a0Kraniyektomi;\u00a0Stereotaktik kraniotomi;\u00a0Stereotaktik beyin biyopsisi;\u00a0endoskopik kraniyotomi Beyin cerrahisi, beyindeki ve \u00e7evresindeki yap\u0131lardaki sorunlar\u0131 tedavi etmek i\u00e7in yap\u0131lan bir ameliyatt\u0131r. Subdural hematomun tedavisinde kan\u0131 uzakla\u015ft\u0131rmak ve kafa&hellip;<\/p>","protected":false},"author":1,"featured_media":27007,"parent":0,"menu_order":0,"comment_status":"closed","ping_status":"closed","template":"","meta":{"footnotes":""},"class_list":["post-27006","page","type-page","status-publish","has-post-thumbnail","hentry"],"_links":{"self":[{"href":"https:\/\/rlbhealthagency.com\/ar\/wp-json\/wp\/v2\/pages\/27006","targetHints":{"allow":["GET"]}}],"collection":[{"href":"https:\/\/rlbhealthagency.com\/ar\/wp-json\/wp\/v2\/pages"}],"about":[{"href":"https:\/\/rlbhealthagency.com\/ar\/wp-json\/wp\/v2\/types\/page"}],"author":[{"embeddable":true,"href":"https:\/\/rlbhealthagency.com\/ar\/wp-json\/wp\/v2\/users\/1"}],"replies":[{"embeddable":true,"href":"https:\/\/rlbhealthagency.com\/ar\/wp-json\/wp\/v2\/comments?post=27006"}],"version-history":[{"count":0,"href":"https:\/\/rlbhealthagency.com\/ar\/wp-json\/wp\/v2\/pages\/27006\/revisions"}],"wp:featuredmedia":[{"embeddable":true,"href":"https:\/\/rlbhealthagency.com\/ar\/wp-json\/wp\/v2\/media\/27007"}],"wp:attachment":[{"href":"https:\/\/rlbhealthagency.com\/ar\/wp-json\/wp\/v2\/media?parent=27006"}],"curies":[{"name":"wp","href":"https:\/\/api.w.org\/{rel}","templated":true}]}}