{"id":27009,"date":"2023-02-02T11:56:10","date_gmt":"2023-02-02T11:56:10","guid":{"rendered":"https:\/\/rlbhealthagency.com\/?page_id=27009"},"modified":"2023-05-17T12:02:38","modified_gmt":"2023-05-17T12:02:38","slug":"plastic-surgery","status":"publish","type":"page","link":"https:\/\/rlbhealthagency.com\/ar\/plastic-surgery\/","title":{"rendered":"\u062c\u0631\u0627\u062d\u0629 \u062a\u062c\u0645\u064a\u0644\u064a\u0629"},"content":{"rendered":"<p><strong>\u062a\u0633\u062a\u062e\u062f\u0645 \u0627\u0644\u062c\u0631\u0627\u062d\u0629 \u0627\u0644\u062a\u062c\u0645\u064a\u0644\u064a\u0629 \u0644\u0625\u0635\u0644\u0627\u062d \u0648\u0625\u0639\u0627\u062f\u0629 \u0628\u0646\u0627\u0621 \u0627\u0644\u0623\u0646\u0633\u062c\u0629 \u0648\u0627\u0644\u062c\u0644\u062f \u0627\u0644\u0645\u0641\u0642\u0648\u062f\u0629 \u0623\u0648 \u0627\u0644\u062a\u0627\u0644\u0641\u0629.<\/strong><\/p>\n\n\n\n<p>\u0627\u0644\u063a\u0631\u0636 \u0627\u0644\u0631\u0626\u064a\u0633\u064a \u0645\u0646 \u0627\u0644\u062c\u0631\u0627\u062d\u0629 \u0627\u0644\u062a\u062c\u0645\u064a\u0644\u064a\u0629 \u0647\u0648 \u0627\u0633\u062a\u0639\u0627\u062f\u0629 \u0648\u0638\u064a\u0641\u0629 \u0648\u0645\u0638\u0647\u0631 \u0627\u0644\u0623\u0646\u0633\u062c\u0629 \u0648\u0627\u0644\u062c\u0644\u062f \u0623\u0642\u0631\u0628 \u0645\u0627 \u064a\u0643\u0648\u0646 \u0625\u0644\u0649 \u0637\u0628\u064a\u0639\u062a\u0647\u0645\u0627.<\/p>\n\n\n\n<p>\u062a\u062e\u062a\u0644\u0641 \u0627\u0644\u062c\u0631\u0627\u062d\u0629 \u0627\u0644\u062a\u062c\u0645\u064a\u0644\u064a\u0629 \u0639\u0646 \u0627\u0644\u062c\u0631\u0627\u062d\u0629 \u0627\u0644\u062a\u062c\u0645\u064a\u0644\u064a\u0629 \u060c \u0648\u0647\u064a \u0627\u0644\u062c\u0631\u0627\u062d\u0629 \u0627\u0644\u062a\u064a \u062a\u062a\u0645 \u0641\u0642\u0637 \u0644\u062a\u063a\u064a\u064a\u0631 \u0645\u0638\u0647\u0631 \u0627\u0644\u0634\u062e\u0635 \u0645\u0646 \u0623\u062c\u0644 \u062a\u062d\u0642\u064a\u0642 \u0645\u0627 \u064a\u0639\u062a\u0642\u062f\u0648\u0646 \u0623\u0646\u0647 \u0645\u0638\u0647\u0631 \u0645\u0631\u063a\u0648\u0628 \u0641\u064a\u0647 \u0623\u0643\u062b\u0631.<\/p>\n\n\n\n<figure class=\"wp-block-image size-large\"><img fetchpriority=\"high\" decoding=\"async\" width=\"1024\" height=\"780\" src=\"https:\/\/rlbhealthagency.com\/wp-content\/uploads\/2023\/02\/two-young-thick-thin-women-have-different-figures-comparison-concept-1024x780.webp\" alt=\"\" class=\"wp-image-27010\" srcset=\"https:\/\/rlbhealthagency.com\/wp-content\/uploads\/2023\/02\/two-young-thick-thin-women-have-different-figures-comparison-concept-1024x780.webp 1024w, https:\/\/rlbhealthagency.com\/wp-content\/uploads\/2023\/02\/two-young-thick-thin-women-have-different-figures-comparison-concept-300x229.webp 300w, https:\/\/rlbhealthagency.com\/wp-content\/uploads\/2023\/02\/two-young-thick-thin-women-have-different-figures-comparison-concept-768x585.webp 768w, https:\/\/rlbhealthagency.com\/wp-content\/uploads\/2023\/02\/two-young-thick-thin-women-have-different-figures-comparison-concept-1536x1170.webp 1536w, https:\/\/rlbhealthagency.com\/wp-content\/uploads\/2023\/02\/two-young-thick-thin-women-have-different-figures-comparison-concept-2048x1560.webp 2048w, https:\/\/rlbhealthagency.com\/wp-content\/uploads\/2023\/02\/two-young-thick-thin-women-have-different-figures-comparison-concept-16x12.webp 16w, https:\/\/rlbhealthagency.com\/wp-content\/uploads\/2023\/02\/two-young-thick-thin-women-have-different-figures-comparison-concept-370x282.webp 370w, https:\/\/rlbhealthagency.com\/wp-content\/uploads\/2023\/02\/two-young-thick-thin-women-have-different-figures-comparison-concept-840x640.webp 840w, https:\/\/rlbhealthagency.com\/wp-content\/uploads\/2023\/02\/two-young-thick-thin-women-have-different-figures-comparison-concept-410x312.webp 410w\" sizes=\"(max-width: 1024px) 100vw, 1024px\" \/><\/figure>","protected":false},"excerpt":{"rendered":"<p>Plastik cerrahi, eksik veya hasarl\u0131 doku ve cildi onarmak ve yeniden yap\u0131land\u0131rmak i\u00e7in kullan\u0131l\u0131r. Estetik cerrahinin temel amac\u0131, doku ve derinin i\u015flevini ve g\u00f6r\u00fcn\u00fcm\u00fcn\u00fc m\u00fcmk\u00fcn oldu\u011funca normale yak\u0131n hale getirmektir.&hellip;<\/p>","protected":false},"author":1,"featured_media":27010,"parent":0,"menu_order":0,"comment_status":"closed","ping_status":"closed","template":"","meta":{"footnotes":""},"class_list":["post-27009","page","type-page","status-publish","has-post-thumbnail","hentry"],"_links":{"self":[{"href":"https:\/\/rlbhealthagency.com\/ar\/wp-json\/wp\/v2\/pages\/27009","targetHints":{"allow":["GET"]}}],"collection":[{"href":"https:\/\/rlbhealthagency.com\/ar\/wp-json\/wp\/v2\/pages"}],"about":[{"href":"https:\/\/rlbhealthagency.com\/ar\/wp-json\/wp\/v2\/types\/page"}],"author":[{"embeddable":true,"href":"https:\/\/rlbhealthagency.com\/ar\/wp-json\/wp\/v2\/users\/1"}],"replies":[{"embeddable":true,"href":"https:\/\/rlbhealthagency.com\/ar\/wp-json\/wp\/v2\/comments?post=27009"}],"version-history":[{"count":0,"href":"https:\/\/rlbhealthagency.com\/ar\/wp-json\/wp\/v2\/pages\/27009\/revisions"}],"wp:featuredmedia":[{"embeddable":true,"href":"https:\/\/rlbhealthagency.com\/ar\/wp-json\/wp\/v2\/media\/27010"}],"wp:attachment":[{"href":"https:\/\/rlbhealthagency.com\/ar\/wp-json\/wp\/v2\/media?parent=27009"}],"curies":[{"name":"wp","href":"https:\/\/api.w.org\/{rel}","templated":true}]}}