{"id":27012,"date":"2023-02-02T12:05:13","date_gmt":"2023-02-02T12:05:13","guid":{"rendered":"https:\/\/rlbhealthagency.com\/?page_id=27012"},"modified":"2023-05-17T12:01:45","modified_gmt":"2023-05-17T12:01:45","slug":"ear-nose-throat","status":"publish","type":"page","link":"https:\/\/rlbhealthagency.com\/ar\/ear-nose-throat\/","title":{"rendered":"Kulak Burun Bo\u011faz"},"content":{"rendered":"<p>\u0637\u0628\u064a\u0628 \u0627\u0644\u0623\u0646\u0641 \u0648\u0627\u0644\u0623\u0630\u0646 \u0648\u0627\u0644\u062d\u0646\u062c\u0631\u0629 \u0647\u0648 \u0637\u0628\u064a\u0628 \u0645\u062f\u0631\u0628 \u0639\u0644\u0649 \u0627\u0644\u0639\u0644\u0627\u062c \u0627\u0644\u0637\u0628\u064a \u0648\u0627\u0644\u062c\u0631\u0627\u062d\u064a \u0644\u0644\u0623\u0630\u0646 \u0648\u0627\u0644\u0623\u0646\u0641 \u0648\u0627\u0644\u062d\u0646\u062c\u0631\u0629 \u0648\u0627\u0644\u0647\u064a\u0627\u0643\u0644 \u0627\u0644\u0645\u062a\u0639\u0644\u0642\u0629 \u0628\u0627\u0644\u0631\u0623\u0633 \u0648\u0627\u0644\u0631\u0642\u0628\u0629. \u064a\u062f\u062e\u0644 \u0641\u064a \u0646\u0637\u0627\u0642 \u0642\u0633\u0645 \u0637\u0628 \u0627\u0644\u0623\u0646\u0641 \u0648\u0627\u0644\u0623\u0630\u0646 \u0648\u0627\u0644\u062d\u0646\u062c\u0631\u0629 \u0639\u0644\u0627\u062c \u0623\u0645\u0631\u0627\u0636 \u0627\u0644\u0623\u0630\u0646 \u0648\u0627\u0644\u0623\u0646\u0641 \u0648\u0627\u0644\u0645\u0645\u0631\u0627\u062a \u0627\u0644\u0623\u0646\u0641\u064a\u0629 \u0648\u0627\u0644\u062c\u064a\u0648\u0628 \u0627\u0644\u0623\u0646\u0641\u064a\u0629 \u0648\u0627\u0644\u062d\u0646\u062c\u0631\u0629 \u0648\u062a\u062c\u0648\u064a\u0641 \u0627\u0644\u0641\u0645 \u0648\u0627\u0644\u0628\u0644\u0639\u0648\u0645 \u0627\u0644\u0639\u0644\u0648\u064a \u0648\u062a\u0631\u0627\u0643\u064a\u0628 \u0627\u0644\u0648\u062c\u0647 \u0648\u0627\u0644\u0631\u0642\u0628\u0629 (\u0645\u062b\u0644 \u0643\u062a\u0644 \u0627\u0644\u0639\u0646\u0642 \u0648\u0627\u0644\u063a\u062f\u0629 \u0627\u0644\u062f\u0631\u0642\u064a\u0629 \u0648\u0627\u0644\u063a\u062f\u062f \u0627\u0644\u0644\u0639\u0627\u0628\u064a\u0629) .<\/p>\n\n\n\n<figure class=\"wp-block-image size-large\"><img fetchpriority=\"high\" decoding=\"async\" width=\"1024\" height=\"684\" src=\"https:\/\/rlbhealthagency.com\/wp-content\/uploads\/2023\/02\/female-doctor-checking-little-girl-s-throat-1-1024x684.webp\" alt=\"\" class=\"wp-image-27013\" srcset=\"https:\/\/rlbhealthagency.com\/wp-content\/uploads\/2023\/02\/female-doctor-checking-little-girl-s-throat-1-1024x684.webp 1024w, https:\/\/rlbhealthagency.com\/wp-content\/uploads\/2023\/02\/female-doctor-checking-little-girl-s-throat-1-300x200.webp 300w, https:\/\/rlbhealthagency.com\/wp-content\/uploads\/2023\/02\/female-doctor-checking-little-girl-s-throat-1-768x513.webp 768w, https:\/\/rlbhealthagency.com\/wp-content\/uploads\/2023\/02\/female-doctor-checking-little-girl-s-throat-1-1536x1025.webp 1536w, https:\/\/rlbhealthagency.com\/wp-content\/uploads\/2023\/02\/female-doctor-checking-little-girl-s-throat-1-2048x1367.webp 2048w, https:\/\/rlbhealthagency.com\/wp-content\/uploads\/2023\/02\/female-doctor-checking-little-girl-s-throat-1-18x12.webp 18w, https:\/\/rlbhealthagency.com\/wp-content\/uploads\/2023\/02\/female-doctor-checking-little-girl-s-throat-1-370x247.webp 370w, https:\/\/rlbhealthagency.com\/wp-content\/uploads\/2023\/02\/female-doctor-checking-little-girl-s-throat-1-840x561.webp 840w, https:\/\/rlbhealthagency.com\/wp-content\/uploads\/2023\/02\/female-doctor-checking-little-girl-s-throat-1-410x274.webp 410w\" sizes=\"(max-width: 1024px) 100vw, 1024px\" \/><\/figure>\n\n\n\n<p><br>\u0642\u062f \u064a\u0639\u0645\u0644 \u0637\u0628\u064a\u0628 \u0627\u0644\u0623\u0646\u0641 \u0648\u0627\u0644\u0623\u0630\u0646 \u0648\u0627\u0644\u062d\u0646\u062c\u0631\u0629 \u0645\u0639 \u0627\u0644\u0623\u0637\u0628\u0627\u0621 \u0641\u064a \u0627\u0644\u062a\u062e\u0635\u0635\u0627\u062a \u0627\u0644\u0637\u0628\u064a\u0629 \u0648\u0627\u0644\u062c\u0631\u0627\u062d\u064a\u0629 \u0627\u0644\u0623\u062e\u0631\u0649. \u062c\u0631\u0627\u062d\u0648 \u0627\u0644\u0623\u0639\u0635\u0627\u0628 \u0641\u064a \u0639\u0644\u0627\u062c \u0623\u0645\u0631\u0627\u0636 \u0642\u0627\u0639\u062f\u0629 \u0627\u0644\u062c\u0645\u062c\u0645\u0629 \u060c \u062c\u0631\u0627\u062d\u0648 \u0627\u0644\u062a\u062c\u0645\u064a\u0644 \u0641\u064a \u0639\u0644\u0627\u062c \u0627\u0644\u062a\u0634\u0648\u0647\u0627\u062a \u0627\u0644\u062a\u062c\u0645\u064a\u0644\u064a\u0629 \u0648\u0627\u0644\u0635\u062f\u0645\u0627\u062a \u060c \u0623\u0637\u0628\u0627\u0621 \u0627\u0644\u0639\u064a\u0648\u0646 \u0641\u064a \u0639\u0644\u0627\u062c \u0627\u0644\u062a\u0634\u0648\u0647\u0627\u062a \u0627\u0644\u0647\u064a\u0643\u0644\u064a\u0629 \u062d\u0648\u0644 \u0627\u0644\u0639\u064a\u0646 \u060c \u0623\u0637\u0628\u0627\u0621 \u0627\u0644\u062c\u0644\u062f\u064a\u0629 \u0641\u064a \u0639\u0644\u0627\u062c \u0633\u0631\u0637\u0627\u0646 \u0627\u0644\u062c\u0644\u062f \u060c \u0623\u0637\u0628\u0627\u0621 \u0627\u0644\u0623\u0648\u0631\u0627\u0645 \u0641\u064a \u0639\u0644\u0627\u062c \u0633\u0631\u0637\u0627\u0646 \u0627\u0644\u0631\u0623\u0633 \u0648\u0627\u0644\u0639\u0646\u0642 \u060c \u0641\u064a \u0639\u0644\u0627\u062c \u0627\u0644\u0623\u0645\u0631\u0627\u0636 \u0648\u0627\u0644\u0627\u0636\u0637\u0631\u0627\u0628\u0627\u062a \u0627\u0644\u0645\u0639\u062f\u064a\u0629 \u0648\u0627\u0644\u062e\u0644\u0642\u064a\u0629 \u0648\u0627\u0644\u0635\u062f\u0645\u0627\u062a \u0648\u0627\u0644\u062e\u0628\u064a\u062b\u0629 \u0644\u062f\u0649 \u0627\u0644\u0623\u0637\u0641\u0627\u0644 \u0639\u0627\u0645\u0629 \u0648\u0639\u0627\u0645\u0629 \u0627\u0644\u0633\u0643\u0627\u0646 \u060c \u062d\u064a\u062b \u064a\u0634\u062a\u0631\u0643\u0648\u0646 \u0641\u064a \u0645\u062c\u0627\u0644\u0627\u062a \u0645\u0634\u062a\u0631\u0643\u0629 \u0645\u0639 \u0623\u0637\u0628\u0627\u0621 \u0627\u0644\u0623\u0637\u0641\u0627\u0644 \u0648\u0623\u0637\u0628\u0627\u0621 \u0627\u0644\u0623\u0633\u0631\u0629 \u0641\u064a \u0639\u0644\u0627\u062c\u0647\u0645.<\/p>","protected":false},"excerpt":{"rendered":"<p>Kulak Burun Bo\u011faz uzman\u0131, kulak, burun, bo\u011faz ve ba\u015f ve boyun ile ilgili yap\u0131lar\u0131n t\u0131bbi ve cerrahi tedavisi konusunda e\u011fitim alm\u0131\u015f bir doktordur.&nbsp;Kulak, burun, geniz yollar\u0131, sin\u00fcsler, g\u0131rtlak, a\u011f\u0131z bo\u015flu\u011fu,&hellip;<\/p>","protected":false},"author":1,"featured_media":27013,"parent":0,"menu_order":0,"comment_status":"closed","ping_status":"closed","template":"","meta":{"footnotes":""},"class_list":["post-27012","page","type-page","status-publish","has-post-thumbnail","hentry"],"_links":{"self":[{"href":"https:\/\/rlbhealthagency.com\/ar\/wp-json\/wp\/v2\/pages\/27012","targetHints":{"allow":["GET"]}}],"collection":[{"href":"https:\/\/rlbhealthagency.com\/ar\/wp-json\/wp\/v2\/pages"}],"about":[{"href":"https:\/\/rlbhealthagency.com\/ar\/wp-json\/wp\/v2\/types\/page"}],"author":[{"embeddable":true,"href":"https:\/\/rlbhealthagency.com\/ar\/wp-json\/wp\/v2\/users\/1"}],"replies":[{"embeddable":true,"href":"https:\/\/rlbhealthagency.com\/ar\/wp-json\/wp\/v2\/comments?post=27012"}],"version-history":[{"count":0,"href":"https:\/\/rlbhealthagency.com\/ar\/wp-json\/wp\/v2\/pages\/27012\/revisions"}],"wp:featuredmedia":[{"embeddable":true,"href":"https:\/\/rlbhealthagency.com\/ar\/wp-json\/wp\/v2\/media\/27013"}],"wp:attachment":[{"href":"https:\/\/rlbhealthagency.com\/ar\/wp-json\/wp\/v2\/media?parent=27012"}],"curies":[{"name":"wp","href":"https:\/\/api.w.org\/{rel}","templated":true}]}}