{"id":27015,"date":"2023-02-02T12:25:26","date_gmt":"2023-02-02T12:25:26","guid":{"rendered":"https:\/\/rlbhealthagency.com\/?page_id=27015"},"modified":"2023-05-17T12:03:01","modified_gmt":"2023-05-17T12:03:01","slug":"urology","status":"publish","type":"page","link":"https:\/\/rlbhealthagency.com\/ar\/urology\/","title":{"rendered":"\u062c\u0631\u0627\u062d\u0629 \u0627\u0644\u0645\u0633\u0627\u0644\u0643 \u0627\u0644\u0628\u0648\u0644\u064a\u0629"},"content":{"rendered":"<p>\u0637\u0628\u064a\u0628 \u0627\u0644\u0645\u0633\u0627\u0644\u0643 \u0627\u0644\u0628\u0648\u0644\u064a\u0629 \u0647\u0648 \u0637\u0628\u064a\u0628 \u0645\u062a\u062e\u0635\u0635 \u0641\u064a \u0627\u0644\u062d\u0627\u0644\u0627\u062a \u0627\u0644\u062a\u064a \u062a\u0635\u064a\u0628 \u0627\u0644\u0645\u0633\u0627\u0644\u0643 \u0627\u0644\u0628\u0648\u0644\u064a\u0629 \u0648\u0627\u0644\u0623\u0645\u0631\u0627\u0636 \u0627\u0644\u062a\u064a \u062a\u0635\u064a\u0628 \u0627\u0644\u062c\u0647\u0627\u0632 \u0627\u0644\u062a\u0646\u0627\u0633\u0644\u064a \u0644\u062f\u0649 \u0627\u0644\u0631\u062c\u0627\u0644 \u0648\u0627\u0644\u0646\u0633\u0627\u0621 \u0648\u0627\u0644\u0623\u0637\u0641\u0627\u0644. \u062a\u062a\u0631\u0627\u0648\u062d \u0647\u0630\u0647 \u0627\u0644\u062d\u0627\u0644\u0627\u062a \u0645\u0646 \u0627\u0644\u062a\u0628\u0648\u0644 \u0627\u0644\u0645\u0641\u0631\u0637 \u0623\u0648 \u0627\u0644\u0642\u0644\u064a\u0644 \u062c\u062f\u064b\u0627 \u0625\u0644\u0649 \u0639\u062f\u0645 \u0627\u0644\u0642\u062f\u0631\u0629 \u0639\u0644\u0649 \u0625\u0646\u062c\u0627\u0628 \u0627\u0644\u0623\u0637\u0641\u0627\u0644.<\/p>\n\n\n\n<figure class=\"wp-block-image size-large\"><img fetchpriority=\"high\" decoding=\"async\" width=\"1024\" height=\"682\" src=\"https:\/\/rlbhealthagency.com\/wp-content\/uploads\/2023\/02\/front-view-people-dealing-with-std_23-2149485557-1024x682.webp\" alt=\"\" class=\"wp-image-27016\" srcset=\"https:\/\/rlbhealthagency.com\/wp-content\/uploads\/2023\/02\/front-view-people-dealing-with-std_23-2149485557-1024x682.webp 1024w, https:\/\/rlbhealthagency.com\/wp-content\/uploads\/2023\/02\/front-view-people-dealing-with-std_23-2149485557-300x200.webp 300w, https:\/\/rlbhealthagency.com\/wp-content\/uploads\/2023\/02\/front-view-people-dealing-with-std_23-2149485557-768x512.webp 768w, https:\/\/rlbhealthagency.com\/wp-content\/uploads\/2023\/02\/front-view-people-dealing-with-std_23-2149485557-18x12.webp 18w, https:\/\/rlbhealthagency.com\/wp-content\/uploads\/2023\/02\/front-view-people-dealing-with-std_23-2149485557-370x246.webp 370w, https:\/\/rlbhealthagency.com\/wp-content\/uploads\/2023\/02\/front-view-people-dealing-with-std_23-2149485557-840x559.webp 840w, https:\/\/rlbhealthagency.com\/wp-content\/uploads\/2023\/02\/front-view-people-dealing-with-std_23-2149485557-410x273.webp 410w, https:\/\/rlbhealthagency.com\/wp-content\/uploads\/2023\/02\/front-view-people-dealing-with-std_23-2149485557.webp 1060w\" sizes=\"(max-width: 1024px) 100vw, 1024px\" \/><\/figure>\n\n\n\n<p>\u0625\u0630\u0627 \u0643\u0646\u062a \u0628\u062d\u0627\u062c\u0629 \u0625\u0644\u0649 \u0631\u0639\u0627\u064a\u0629 \u0644\u0645\u0634\u0627\u0643\u0644 \u0627\u0644\u0645\u0633\u0627\u0644\u0643 \u0627\u0644\u0628\u0648\u0644\u064a\u0629 \u0623\u0648 \u0622\u0644\u0627\u0645 \u0627\u0644\u062d\u0648\u0636 \u0623\u0648 \u0627\u0644\u0645\u0634\u0627\u0643\u0644 \u0627\u0644\u062c\u0646\u0633\u064a\u0629 \u060c \u0641\u0642\u062f \u064a\u062d\u064a\u0644\u0643 \u0645\u0642\u062f\u0645 \u0627\u0644\u0631\u0639\u0627\u064a\u0629 \u0627\u0644\u0623\u0648\u0644\u064a\u0629 \u0625\u0644\u0649 \u0623\u062e\u0635\u0627\u0626\u064a \u0641\u064a \u0647\u0630\u0647 \u0627\u0644\u0623\u0645\u0648\u0631 \u060c \u0648\u0647\u0648 \u0637\u0628\u064a\u0628 \u0627\u0644\u0645\u0633\u0627\u0644\u0643 \u0627\u0644\u0628\u0648\u0644\u064a\u0629. \u0642\u062f \u064a\u0637\u0644\u0628 \u0637\u0628\u064a\u0628 \u0627\u0644\u0645\u0633\u0627\u0644\u0643 \u0627\u0644\u0628\u0648\u0644\u064a\u0629 \u0627\u062e\u062a\u0628\u0627\u0631\u0627\u062a \u062a\u0648\u0636\u062d \u0627\u0644\u062a\u0634\u062e\u064a\u0635 \u0648\u062a\u0648\u0636\u062d \u0645\u0633\u0627\u0631 \u0627\u0644\u0639\u0644\u0627\u062c. \u0642\u062f \u064a\u062e\u062c\u0644 \u0628\u0639\u0636 \u0627\u0644\u0623\u0634\u062e\u0627\u0635 \u0645\u0646 \u0627\u0644\u062a\u062d\u062f\u062b \u0639\u0646 \u0627\u0644\u062a\u0628\u0648\u0644 \u0623\u0648 \u0633\u0644\u0633 \u0627\u0644\u0628\u0648\u0644 \u0623\u0648 \u0645\u0634\u0627\u0643\u0644 \u0623\u062e\u0631\u0649 \u062a\u062a\u0639\u0644\u0642 \u0628\u0640 \"\u0623\u0633\u0641\u0644\" \u060c \u0648\u0644\u0643\u0646 \u0645\u0646 \u0627\u0644\u0645\u062d\u062a\u0645\u0644 \u0623\u0646 \u064a\u0633\u0639\u062f \u0647\u0624\u0644\u0627\u0621 \u0627\u0644\u0623\u0634\u062e\u0627\u0635 \u0628\u0645\u0639\u0631\u0641\u0629 \u0623\u0646 \u0647\u0630\u0647 \u0627\u0644\u062d\u0627\u0644\u0627\u062a \u0634\u0627\u0626\u0639\u0629 \u062c\u062f\u064b\u0627 \u0648\u0623\u0646 \u0627\u0644\u0639\u0644\u0627\u062c \u0627\u0644\u0646\u0627\u062c\u062d \u0645\u0645\u0643\u0646. \u0645\u0646 \u0627\u0644\u0645\u0647\u0645 \u0623\u0646 \u062a\u0643\u0648\u0646 \u0635\u0627\u062f\u0642\u064b\u0627 \u0645\u0639 \u0627\u0644\u0645\u062a\u062e\u0635\u0635\u064a\u0646 \u0641\u064a \u0627\u0644\u0631\u0639\u0627\u064a\u0629 \u0627\u0644\u0635\u062d\u064a\u0629 \u062d\u062a\u0649 \u064a\u062a\u0645\u0643\u0646\u0648\u0627 \u0645\u0646 \u0645\u0633\u0627\u0639\u062f\u062a\u0643 \u0641\u064a \u0627\u0633\u062a\u0639\u0627\u062f\u0629 \u0635\u062d\u062a\u0643 \u0648\u0627\u0644\u0627\u0633\u062a\u0645\u062a\u0627\u0639 \u0628\u0627\u0644\u062d\u064a\u0627\u0629.<\/p>","protected":false},"excerpt":{"rendered":"<p>\u00dcrolog, erkeklerde, kad\u0131nlarda ve \u00e7ocuklarda idrar yollar\u0131n\u0131 etkileyen durumlar ve \u00fcreme sistemini etkileyen hastal\u0131klar konusunda uzmanla\u015fm\u0131\u015f bir t\u0131p doktorudur.&nbsp;Bu ko\u015fullar \u00e7ok fazla veya \u00e7ok az i\u015femekten \u00e7ocuk sahibi olamamaya kadar&hellip;<\/p>","protected":false},"author":1,"featured_media":27016,"parent":0,"menu_order":0,"comment_status":"closed","ping_status":"closed","template":"","meta":{"footnotes":""},"class_list":["post-27015","page","type-page","status-publish","has-post-thumbnail","hentry"],"_links":{"self":[{"href":"https:\/\/rlbhealthagency.com\/ar\/wp-json\/wp\/v2\/pages\/27015","targetHints":{"allow":["GET"]}}],"collection":[{"href":"https:\/\/rlbhealthagency.com\/ar\/wp-json\/wp\/v2\/pages"}],"about":[{"href":"https:\/\/rlbhealthagency.com\/ar\/wp-json\/wp\/v2\/types\/page"}],"author":[{"embeddable":true,"href":"https:\/\/rlbhealthagency.com\/ar\/wp-json\/wp\/v2\/users\/1"}],"replies":[{"embeddable":true,"href":"https:\/\/rlbhealthagency.com\/ar\/wp-json\/wp\/v2\/comments?post=27015"}],"version-history":[{"count":0,"href":"https:\/\/rlbhealthagency.com\/ar\/wp-json\/wp\/v2\/pages\/27015\/revisions"}],"wp:featuredmedia":[{"embeddable":true,"href":"https:\/\/rlbhealthagency.com\/ar\/wp-json\/wp\/v2\/media\/27016"}],"wp:attachment":[{"href":"https:\/\/rlbhealthagency.com\/ar\/wp-json\/wp\/v2\/media?parent=27015"}],"curies":[{"name":"wp","href":"https:\/\/api.w.org\/{rel}","templated":true}]}}