{"id":27371,"date":"2023-05-08T08:16:15","date_gmt":"2023-05-08T08:16:15","guid":{"rendered":"https:\/\/rlbhealthagency.com\/?page_id=27371"},"modified":"2023-05-17T12:01:10","modified_gmt":"2023-05-17T12:01:10","slug":"dentist","status":"publish","type":"page","link":"https:\/\/rlbhealthagency.com\/ar\/dentist\/","title":{"rendered":"\u0637\u0628 \u0627\u0644\u0623\u0633\u0646\u0627\u0646"},"content":{"rendered":"<h3 class=\"wp-block-heading\" id=\"what-is-a-dentist-\">\u0645\u0627 \u0647\u0648 \u0637\u0628\u064a\u0628 \u0627\u0644\u0627\u0633\u0646\u0627\u0646\u061f<\/h3>\n\n\n\n<p>\u0637\u0628\u064a\u0628 \u0627\u0644\u0623\u0633\u0646\u0627\u0646 \u060c \u0627\u0644\u0630\u064a \u064a\u064f\u0637\u0644\u0642 \u0639\u0644\u064a\u0647 \u0623\u062d\u064a\u0627\u0646\u064b\u0627 \u0627\u0633\u0645 \u0637\u0628\u064a\u0628 \u0627\u0644\u0623\u0633\u0646\u0627\u0646 \u0627\u0644\u0639\u0627\u0645 \u0623\u0648 \u0637\u0628\u064a\u0628 \u0627\u0644\u0623\u0633\u0646\u0627\u0646 \u0627\u0644\u0639\u0627\u0626\u0644\u064a \u060c \u0647\u0648 \u0645\u0642\u062f\u0645 \u0631\u0639\u0627\u064a\u0629 \u0635\u062d\u064a\u0629 \u064a\u0642\u0648\u0645 \u0628\u062a\u0634\u062e\u064a\u0635 \u0648\u0639\u0644\u0627\u062c \u062d\u0627\u0644\u0627\u062a \u0635\u062d\u0629 \u0627\u0644\u0641\u0645. \u064a\u0633\u0627\u0639\u062f\u0643 \u0623\u0637\u0628\u0627\u0621 \u0627\u0644\u0623\u0633\u0646\u0627\u0646 \u0641\u064a \u0627\u0644\u062d\u0641\u0627\u0638 \u0639\u0644\u0649 \u0635\u062d\u0629 \u0623\u0633\u0646\u0627\u0646\u0643 \u0648\u0644\u062b\u062a\u0643 \u0645\u0646 \u062e\u0644\u0627\u0644 \u0641\u062d\u0648\u0635\u0627\u062a \u0648\u062a\u0646\u0638\u064a\u0641 \u0627\u0644\u0623\u0633\u0646\u0627\u0646 \u0627\u0644\u0645\u0646\u062a\u0638\u0645. \u064a\u0645\u0643\u0646\u0647\u0645 \u0623\u064a\u0636\u064b\u0627 \u0625\u062c\u0631\u0627\u0621 \u0645\u062c\u0645\u0648\u0639\u0629 \u0645\u062a\u0646\u0648\u0639\u0629 \u0645\u0646 \u0639\u0644\u0627\u062c\u0627\u062a \u0635\u062d\u0629 \u0627\u0644\u0641\u0645 \u060c \u0628\u0645\u0627 \u0641\u064a \u0630\u0644\u0643 \u062d\u0634\u0648\u0627\u062a \u0627\u0644\u0623\u0633\u0646\u0627\u0646 \u0648\u0627\u0644\u062a\u064a\u062c\u0627\u0646 \u0648\u0627\u0644\u062c\u0633\u0648\u0631.<\/p>","protected":false},"excerpt":{"rendered":"<p>Di\u015f\u00e7i nedir? Bazen genel di\u015f hekimi veya aile di\u015f hekimi olarak adland\u0131r\u0131lan bir di\u015f hekimi, a\u011f\u0131z sa\u011fl\u0131\u011f\u0131 ko\u015fullar\u0131n\u0131 te\u015fhis eden ve tedavi eden bir sa\u011fl\u0131k hizmeti sa\u011flay\u0131c\u0131s\u0131d\u0131r.\u00a0Di\u015f hekimleri, d\u00fczenli di\u015f&hellip;<\/p>","protected":false},"author":1,"featured_media":0,"parent":0,"menu_order":0,"comment_status":"closed","ping_status":"closed","template":"","meta":{"footnotes":""},"class_list":["post-27371","page","type-page","status-publish","hentry"],"_links":{"self":[{"href":"https:\/\/rlbhealthagency.com\/ar\/wp-json\/wp\/v2\/pages\/27371","targetHints":{"allow":["GET"]}}],"collection":[{"href":"https:\/\/rlbhealthagency.com\/ar\/wp-json\/wp\/v2\/pages"}],"about":[{"href":"https:\/\/rlbhealthagency.com\/ar\/wp-json\/wp\/v2\/types\/page"}],"author":[{"embeddable":true,"href":"https:\/\/rlbhealthagency.com\/ar\/wp-json\/wp\/v2\/users\/1"}],"replies":[{"embeddable":true,"href":"https:\/\/rlbhealthagency.com\/ar\/wp-json\/wp\/v2\/comments?post=27371"}],"version-history":[{"count":0,"href":"https:\/\/rlbhealthagency.com\/ar\/wp-json\/wp\/v2\/pages\/27371\/revisions"}],"wp:attachment":[{"href":"https:\/\/rlbhealthagency.com\/ar\/wp-json\/wp\/v2\/media?parent=27371"}],"curies":[{"name":"wp","href":"https:\/\/api.w.org\/{rel}","templated":true}]}}