{"id":26997,"date":"2023-02-02T11:28:09","date_gmt":"2023-02-02T11:28:09","guid":{"rendered":"https:\/\/rlbhealthagency.com\/?page_id=26997"},"modified":"2023-05-17T12:02:29","modified_gmt":"2023-05-17T12:02:29","slug":"orthopedics","status":"publish","type":"page","link":"https:\/\/rlbhealthagency.com\/en\/orthopedics\/","title":{"rendered":"Orthopedy"},"content":{"rendered":"<p>Orthopedics (also called orthopedic surgery) is the medical specialty that focuses on injuries and diseases in your body's musculoskeletal system. This complex system of bones, joints, ligaments, tendons, muscles and nerves keeps you moving, working and being active.<\/p>\n\n\n\n<p>Orthopedists once devoted to caring for children with spine and limb deformities now care for patients of all ages, from newborns with clubfoot to young athletes requiring arthroscopic surgery to elderly people with arthritis. And anyone can break a bone at any age.<\/p>\n\n\n\n<p>It is important to remember that seeing an orthopedic surgeon does not necessarily mean you will have surgery. Because of the training they receive, orthopedic surgeons are uniquely qualified to determine if surgery is the best option for you, and if so, which procedure(s) will give you the best results.<\/p>","protected":false},"excerpt":{"rendered":"<p>Ortopedi (ortopedik cerrahi olarak da adland\u0131r\u0131l\u0131r), v\u00fccudunuzun kas-iskelet sistemindeki yaralanmalara ve hastal\u0131klara odaklanan t\u0131bbi uzmanl\u0131k alan\u0131d\u0131r.&nbsp;Kemiklerinizi, eklemlerinizi, ba\u011flar\u0131n\u0131z\u0131, tendonlar\u0131n\u0131z\u0131, kaslar\u0131n\u0131z\u0131 ve sinirlerinizi i\u00e7eren bu karma\u015f\u0131k sistem hareket etmenizi, \u00e7al\u0131\u015fman\u0131z\u0131 ve&hellip;<\/p>","protected":false},"author":1,"featured_media":27000,"parent":0,"menu_order":0,"comment_status":"closed","ping_status":"closed","template":"","meta":{"footnotes":""},"class_list":["post-26997","page","type-page","status-publish","has-post-thumbnail","hentry"],"_links":{"self":[{"href":"https:\/\/rlbhealthagency.com\/en\/wp-json\/wp\/v2\/pages\/26997","targetHints":{"allow":["GET"]}}],"collection":[{"href":"https:\/\/rlbhealthagency.com\/en\/wp-json\/wp\/v2\/pages"}],"about":[{"href":"https:\/\/rlbhealthagency.com\/en\/wp-json\/wp\/v2\/types\/page"}],"author":[{"embeddable":true,"href":"https:\/\/rlbhealthagency.com\/en\/wp-json\/wp\/v2\/users\/1"}],"replies":[{"embeddable":true,"href":"https:\/\/rlbhealthagency.com\/en\/wp-json\/wp\/v2\/comments?post=26997"}],"version-history":[{"count":0,"href":"https:\/\/rlbhealthagency.com\/en\/wp-json\/wp\/v2\/pages\/26997\/revisions"}],"wp:featuredmedia":[{"embeddable":true,"href":"https:\/\/rlbhealthagency.com\/en\/wp-json\/wp\/v2\/media\/27000"}],"wp:attachment":[{"href":"https:\/\/rlbhealthagency.com\/en\/wp-json\/wp\/v2\/media?parent=26997"}],"curies":[{"name":"wp","href":"https:\/\/api.w.org\/{rel}","templated":true}]}}