{"id":27006,"date":"2023-02-02T11:39:10","date_gmt":"2023-02-02T11:39:10","guid":{"rendered":"https:\/\/rlbhealthagency.com\/?page_id=27006"},"modified":"2023-05-17T11:59:56","modified_gmt":"2023-05-17T11:59:56","slug":"brain-surgery","status":"publish","type":"page","link":"https:\/\/rlbhealthagency.com\/en\/brain-surgery\/","title":{"rendered":"Brain surgery"},"content":{"rendered":"<h1 class=\"wp-block-heading\">Brain surgery<\/h1>\n\n\n\n<figure class=\"wp-block-image size-large\"><img fetchpriority=\"high\" decoding=\"async\" width=\"1024\" height=\"682\" src=\"https:\/\/rlbhealthagency.com\/wp-content\/uploads\/2023\/02\/surgeons-performing-operation-operation-room_1170-2224-1024x682.webp\" alt=\"\" class=\"wp-image-27007\" srcset=\"https:\/\/rlbhealthagency.com\/wp-content\/uploads\/2023\/02\/surgeons-performing-operation-operation-room_1170-2224-1024x682.webp 1024w, https:\/\/rlbhealthagency.com\/wp-content\/uploads\/2023\/02\/surgeons-performing-operation-operation-room_1170-2224-300x200.webp 300w, https:\/\/rlbhealthagency.com\/wp-content\/uploads\/2023\/02\/surgeons-performing-operation-operation-room_1170-2224-768x512.webp 768w, https:\/\/rlbhealthagency.com\/wp-content\/uploads\/2023\/02\/surgeons-performing-operation-operation-room_1170-2224-18x12.webp 18w, https:\/\/rlbhealthagency.com\/wp-content\/uploads\/2023\/02\/surgeons-performing-operation-operation-room_1170-2224-370x246.webp 370w, https:\/\/rlbhealthagency.com\/wp-content\/uploads\/2023\/02\/surgeons-performing-operation-operation-room_1170-2224-840x559.webp 840w, https:\/\/rlbhealthagency.com\/wp-content\/uploads\/2023\/02\/surgeons-performing-operation-operation-room_1170-2224-410x273.webp 410w, https:\/\/rlbhealthagency.com\/wp-content\/uploads\/2023\/02\/surgeons-performing-operation-operation-room_1170-2224.webp 1060w\" sizes=\"(max-width: 1024px) 100vw, 1024px\" \/><\/figure>\n\n\n\n<p>Craniotomy; surgery \u2013 brain; brain surgery; Craniectomy; Stereotactic craniotomy; Stereotactic brain biopsy; endoscopic craniotomy Neurosurgery is an operation to treat problems in the brain and surrounding structures. In the treatment of subdural hematoma, neurosurgery may be required to remove blood and reduce intracranial pressure. The outcome of the surgery depends on the source, severity and location of the problem. The brain is located inside the skull. The skull is a set of bones that make up the skull and protect and hold the brain. In the treatment of subdural hematoma, neurosurgery may be required to remove blood and reduce intracranial pressure. The outcome of the surgery depends on the source, severity and location of the problem. The brain is located inside the skull. The skull is a set of bones that make up the skull and protect and hold the brain. In the treatment of subdural hematoma, neurosurgery may be required to remove blood and reduce intracranial pressure. The outcome of the surgery depends on the source, severity and location of the problem. The brain is located inside the skull. The skull is a set of bones that make up the skull and protect and hold the brain.<\/p>","protected":false},"excerpt":{"rendered":"<p>Beyin ameliyat\u0131 Kraniotomi;\u00a0cerrahi &#8211; beyin;\u00a0beyin cerrahisi;\u00a0Kraniyektomi;\u00a0Stereotaktik kraniotomi;\u00a0Stereotaktik beyin biyopsisi;\u00a0endoskopik kraniyotomi Beyin cerrahisi, beyindeki ve \u00e7evresindeki yap\u0131lardaki sorunlar\u0131 tedavi etmek i\u00e7in yap\u0131lan bir ameliyatt\u0131r. Subdural hematomun tedavisinde kan\u0131 uzakla\u015ft\u0131rmak ve kafa&hellip;<\/p>","protected":false},"author":1,"featured_media":27007,"parent":0,"menu_order":0,"comment_status":"closed","ping_status":"closed","template":"","meta":{"footnotes":""},"class_list":["post-27006","page","type-page","status-publish","has-post-thumbnail","hentry"],"_links":{"self":[{"href":"https:\/\/rlbhealthagency.com\/en\/wp-json\/wp\/v2\/pages\/27006","targetHints":{"allow":["GET"]}}],"collection":[{"href":"https:\/\/rlbhealthagency.com\/en\/wp-json\/wp\/v2\/pages"}],"about":[{"href":"https:\/\/rlbhealthagency.com\/en\/wp-json\/wp\/v2\/types\/page"}],"author":[{"embeddable":true,"href":"https:\/\/rlbhealthagency.com\/en\/wp-json\/wp\/v2\/users\/1"}],"replies":[{"embeddable":true,"href":"https:\/\/rlbhealthagency.com\/en\/wp-json\/wp\/v2\/comments?post=27006"}],"version-history":[{"count":0,"href":"https:\/\/rlbhealthagency.com\/en\/wp-json\/wp\/v2\/pages\/27006\/revisions"}],"wp:featuredmedia":[{"embeddable":true,"href":"https:\/\/rlbhealthagency.com\/en\/wp-json\/wp\/v2\/media\/27007"}],"wp:attachment":[{"href":"https:\/\/rlbhealthagency.com\/en\/wp-json\/wp\/v2\/media?parent=27006"}],"curies":[{"name":"wp","href":"https:\/\/api.w.org\/{rel}","templated":true}]}}