{"id":27012,"date":"2023-02-02T12:05:13","date_gmt":"2023-02-02T12:05:13","guid":{"rendered":"https:\/\/rlbhealthagency.com\/?page_id=27012"},"modified":"2023-05-17T12:01:45","modified_gmt":"2023-05-17T12:01:45","slug":"ear-nose-throat","status":"publish","type":"page","link":"https:\/\/rlbhealthagency.com\/en\/ear-nose-throat\/","title":{"rendered":"Kulak Burun Bo\u011faz"},"content":{"rendered":"<p>An otolaryngologist is a doctor trained in the medical and surgical treatment of the ear, nose, throat and structures related to the head and neck. The treatment of diseases of the ear, nose, nasal passages, sinuses, larynx, oral cavity, upper pharynx, and structures in the face and neck (such as neck masses, thyroid, salivary glands) is within the scope of the Department of Otolaryngology.<\/p>\n\n\n\n<figure class=\"wp-block-image size-large\"><img fetchpriority=\"high\" decoding=\"async\" width=\"1024\" height=\"684\" src=\"https:\/\/rlbhealthagency.com\/wp-content\/uploads\/2023\/02\/female-doctor-checking-little-girl-s-throat-1-1024x684.webp\" alt=\"\" class=\"wp-image-27013\" srcset=\"https:\/\/rlbhealthagency.com\/wp-content\/uploads\/2023\/02\/female-doctor-checking-little-girl-s-throat-1-1024x684.webp 1024w, https:\/\/rlbhealthagency.com\/wp-content\/uploads\/2023\/02\/female-doctor-checking-little-girl-s-throat-1-300x200.webp 300w, https:\/\/rlbhealthagency.com\/wp-content\/uploads\/2023\/02\/female-doctor-checking-little-girl-s-throat-1-768x513.webp 768w, https:\/\/rlbhealthagency.com\/wp-content\/uploads\/2023\/02\/female-doctor-checking-little-girl-s-throat-1-1536x1025.webp 1536w, https:\/\/rlbhealthagency.com\/wp-content\/uploads\/2023\/02\/female-doctor-checking-little-girl-s-throat-1-2048x1367.webp 2048w, https:\/\/rlbhealthagency.com\/wp-content\/uploads\/2023\/02\/female-doctor-checking-little-girl-s-throat-1-18x12.webp 18w, https:\/\/rlbhealthagency.com\/wp-content\/uploads\/2023\/02\/female-doctor-checking-little-girl-s-throat-1-370x247.webp 370w, https:\/\/rlbhealthagency.com\/wp-content\/uploads\/2023\/02\/female-doctor-checking-little-girl-s-throat-1-840x561.webp 840w, https:\/\/rlbhealthagency.com\/wp-content\/uploads\/2023\/02\/female-doctor-checking-little-girl-s-throat-1-410x274.webp 410w\" sizes=\"(max-width: 1024px) 100vw, 1024px\" \/><\/figure>\n\n\n\n<p><br>An otolaryngologist may work with doctors in other medical and surgical specialties. Neurosurgeons in the treatment of skull base diseases, plastic surgeons in the treatment of cosmetic and traumatic deformities, ophthalmologists in the treatment of structural abnormalities around the eyes, dermatologists in the treatment of skin cancer, oncologists in the treatment of head and neck cancer, in the treatment of infectious, congenital, traumatic and malignant diseases and disorders in the general child and the general population. They share common areas with pediatricians and family physicians in their treatment.<\/p>","protected":false},"excerpt":{"rendered":"<p>Kulak Burun Bo\u011faz uzman\u0131, kulak, burun, bo\u011faz ve ba\u015f ve boyun ile ilgili yap\u0131lar\u0131n t\u0131bbi ve cerrahi tedavisi konusunda e\u011fitim alm\u0131\u015f bir doktordur.&nbsp;Kulak, burun, geniz yollar\u0131, sin\u00fcsler, g\u0131rtlak, a\u011f\u0131z bo\u015flu\u011fu,&hellip;<\/p>","protected":false},"author":1,"featured_media":27013,"parent":0,"menu_order":0,"comment_status":"closed","ping_status":"closed","template":"","meta":{"footnotes":""},"class_list":["post-27012","page","type-page","status-publish","has-post-thumbnail","hentry"],"_links":{"self":[{"href":"https:\/\/rlbhealthagency.com\/en\/wp-json\/wp\/v2\/pages\/27012","targetHints":{"allow":["GET"]}}],"collection":[{"href":"https:\/\/rlbhealthagency.com\/en\/wp-json\/wp\/v2\/pages"}],"about":[{"href":"https:\/\/rlbhealthagency.com\/en\/wp-json\/wp\/v2\/types\/page"}],"author":[{"embeddable":true,"href":"https:\/\/rlbhealthagency.com\/en\/wp-json\/wp\/v2\/users\/1"}],"replies":[{"embeddable":true,"href":"https:\/\/rlbhealthagency.com\/en\/wp-json\/wp\/v2\/comments?post=27012"}],"version-history":[{"count":0,"href":"https:\/\/rlbhealthagency.com\/en\/wp-json\/wp\/v2\/pages\/27012\/revisions"}],"wp:featuredmedia":[{"embeddable":true,"href":"https:\/\/rlbhealthagency.com\/en\/wp-json\/wp\/v2\/media\/27013"}],"wp:attachment":[{"href":"https:\/\/rlbhealthagency.com\/en\/wp-json\/wp\/v2\/media?parent=27012"}],"curies":[{"name":"wp","href":"https:\/\/api.w.org\/{rel}","templated":true}]}}