{"id":27018,"date":"2023-02-02T12:38:12","date_gmt":"2023-02-02T12:38:12","guid":{"rendered":"https:\/\/rlbhealthagency.com\/?page_id=27018"},"modified":"2023-05-17T12:02:52","modified_gmt":"2023-05-17T12:02:52","slug":"radiology","status":"publish","type":"page","link":"https:\/\/rlbhealthagency.com\/en\/radiology\/","title":{"rendered":"Radiology"},"content":{"rendered":"<h2 class=\"wp-block-heading\">What is Radiology?<\/h2>\n\n\n\n<figure class=\"wp-block-image size-full\"><img fetchpriority=\"high\" decoding=\"async\" width=\"740\" height=\"416\" src=\"https:\/\/rlbhealthagency.com\/wp-content\/uploads\/2023\/02\/doctor-with-coronavirus-patient-s-x-ray-film_53876-143047.jpg\" alt=\"\" class=\"wp-image-27019\" srcset=\"https:\/\/rlbhealthagency.com\/wp-content\/uploads\/2023\/02\/doctor-with-coronavirus-patient-s-x-ray-film_53876-143047.jpg 740w, https:\/\/rlbhealthagency.com\/wp-content\/uploads\/2023\/02\/doctor-with-coronavirus-patient-s-x-ray-film_53876-143047-300x169.jpg 300w, https:\/\/rlbhealthagency.com\/wp-content\/uploads\/2023\/02\/doctor-with-coronavirus-patient-s-x-ray-film_53876-143047-18x10.jpg 18w, https:\/\/rlbhealthagency.com\/wp-content\/uploads\/2023\/02\/doctor-with-coronavirus-patient-s-x-ray-film_53876-143047-370x208.jpg 370w, https:\/\/rlbhealthagency.com\/wp-content\/uploads\/2023\/02\/doctor-with-coronavirus-patient-s-x-ray-film_53876-143047-410x230.jpg 410w, https:\/\/rlbhealthagency.com\/wp-content\/uploads\/2023\/02\/doctor-with-coronavirus-patient-s-x-ray-film_53876-143047-270x152.jpg 270w\" sizes=\"(max-width: 740px) 100vw, 740px\" \/><\/figure>\n\n\n\n<p>Radiology, also known as diagnostic imaging, is a series of tests that take pictures or images of parts of the body. This field covers two fields (diagnostic radiology and interventional radiology), both of which use radiant energy to diagnose and treat diseases. While there are several different imaging exams, some of the most common are X-ray, MRI, ultrasound, CT scan, and PET scan.<\/p>\n\n\n\n<p>A radiologist will look at the result of a particular imaging test to find a relevant image that evaluates and supports a diagnosis. These individuals are often highly specialized medical practitioners (MDs) who focus on the interpretation of medical imaging. Radiological technologists also assist in this process as they operate and manage machines during the production of an image. After a patient undergoes imaging tests, radiologists will provide reports of their comments to the referring clinical physicians.<\/p>\n\n\n\n<p>Diagnostic radiology uses these imaging results to identify a wide variety of problems, from broken bones to heart conditions to blood clots. Interventional radiology also uses imaging such as CT scans, MRI and ultrasound to guide medical procedures. Whether treating cancer, back pain, or liver and kidney problems, patients are often awake during these procedures. In some cases, interventional radiology eliminates the need for surgery and scope.<\/p>","protected":false},"excerpt":{"rendered":"<p>Radyoloji Nedir? Tan\u0131sal g\u00f6r\u00fcnt\u00fcleme olarak da bilinen radyoloji, v\u00fccudun b\u00f6l\u00fcmlerinin resimlerini veya g\u00f6r\u00fcnt\u00fclerini alan bir dizi testtir.&nbsp;Bu alan, her ikisi de hastal\u0131klar\u0131 te\u015fhis etmek ve tedavi etmek i\u00e7in radyant enerji&hellip;<\/p>","protected":false},"author":1,"featured_media":27019,"parent":0,"menu_order":0,"comment_status":"closed","ping_status":"closed","template":"","meta":{"footnotes":""},"class_list":["post-27018","page","type-page","status-publish","has-post-thumbnail","hentry"],"_links":{"self":[{"href":"https:\/\/rlbhealthagency.com\/en\/wp-json\/wp\/v2\/pages\/27018","targetHints":{"allow":["GET"]}}],"collection":[{"href":"https:\/\/rlbhealthagency.com\/en\/wp-json\/wp\/v2\/pages"}],"about":[{"href":"https:\/\/rlbhealthagency.com\/en\/wp-json\/wp\/v2\/types\/page"}],"author":[{"embeddable":true,"href":"https:\/\/rlbhealthagency.com\/en\/wp-json\/wp\/v2\/users\/1"}],"replies":[{"embeddable":true,"href":"https:\/\/rlbhealthagency.com\/en\/wp-json\/wp\/v2\/comments?post=27018"}],"version-history":[{"count":0,"href":"https:\/\/rlbhealthagency.com\/en\/wp-json\/wp\/v2\/pages\/27018\/revisions"}],"wp:featuredmedia":[{"embeddable":true,"href":"https:\/\/rlbhealthagency.com\/en\/wp-json\/wp\/v2\/media\/27019"}],"wp:attachment":[{"href":"https:\/\/rlbhealthagency.com\/en\/wp-json\/wp\/v2\/media?parent=27018"}],"curies":[{"name":"wp","href":"https:\/\/api.w.org\/{rel}","templated":true}]}}