{"id":27371,"date":"2023-05-08T08:16:15","date_gmt":"2023-05-08T08:16:15","guid":{"rendered":"https:\/\/rlbhealthagency.com\/?page_id=27371"},"modified":"2023-05-17T12:01:10","modified_gmt":"2023-05-17T12:01:10","slug":"dentist","status":"publish","type":"page","link":"https:\/\/rlbhealthagency.com\/en\/dentist\/","title":{"rendered":"Dentistry"},"content":{"rendered":"<h3 class=\"wp-block-heading\" id=\"what-is-a-dentist-\">What is a dentist?<\/h3>\n\n\n\n<p>A dentist, sometimes called a general dentist or family dentist, is a healthcare provider who diagnoses and treats oral health conditions. Dentists help you keep your teeth and gums healthy with regular dental checkups and cleanings. They may also perform a variety of oral health treatments, including dental fillings, crowns, and bridges.<\/p>","protected":false},"excerpt":{"rendered":"<p>Di\u015f\u00e7i nedir? Bazen genel di\u015f hekimi veya aile di\u015f hekimi olarak adland\u0131r\u0131lan bir di\u015f hekimi, a\u011f\u0131z sa\u011fl\u0131\u011f\u0131 ko\u015fullar\u0131n\u0131 te\u015fhis eden ve tedavi eden bir sa\u011fl\u0131k hizmeti sa\u011flay\u0131c\u0131s\u0131d\u0131r.\u00a0Di\u015f hekimleri, d\u00fczenli di\u015f&hellip;<\/p>","protected":false},"author":1,"featured_media":0,"parent":0,"menu_order":0,"comment_status":"closed","ping_status":"closed","template":"","meta":{"footnotes":""},"class_list":["post-27371","page","type-page","status-publish","hentry"],"_links":{"self":[{"href":"https:\/\/rlbhealthagency.com\/en\/wp-json\/wp\/v2\/pages\/27371","targetHints":{"allow":["GET"]}}],"collection":[{"href":"https:\/\/rlbhealthagency.com\/en\/wp-json\/wp\/v2\/pages"}],"about":[{"href":"https:\/\/rlbhealthagency.com\/en\/wp-json\/wp\/v2\/types\/page"}],"author":[{"embeddable":true,"href":"https:\/\/rlbhealthagency.com\/en\/wp-json\/wp\/v2\/users\/1"}],"replies":[{"embeddable":true,"href":"https:\/\/rlbhealthagency.com\/en\/wp-json\/wp\/v2\/comments?post=27371"}],"version-history":[{"count":0,"href":"https:\/\/rlbhealthagency.com\/en\/wp-json\/wp\/v2\/pages\/27371\/revisions"}],"wp:attachment":[{"href":"https:\/\/rlbhealthagency.com\/en\/wp-json\/wp\/v2\/media?parent=27371"}],"curies":[{"name":"wp","href":"https:\/\/api.w.org\/{rel}","templated":true}]}}