{"id":3738,"date":"2020-05-26T12:04:13","date_gmt":"2020-05-26T12:04:13","guid":{"rendered":"https:\/\/rlbhealthagency.com\/?page_id=3738"},"modified":"2023-05-01T08:28:47","modified_gmt":"2023-05-01T08:28:47","slug":"about","status":"publish","type":"page","link":"https:\/\/rlbhealthagency.com\/en\/about\/","title":{"rendered":"About us"},"content":{"rendered":"<div data-elementor-type=\"wp-page\" data-elementor-id=\"3738\" class=\"elementor elementor-3738\">\n\t\t\t\t\t\t<section class=\"elementor-section elementor-top-section elementor-element elementor-element-49686de elementor-section-height-min-height elementor-section-content-top elementor-section-items-top elementor-section-boxed elementor-section-height-default sc_fly_static\" data-id=\"49686de\" data-element_type=\"section\" data-e-type=\"section\">\n\t\t\t\t\t\t<div class=\"elementor-container elementor-column-gap-extended\">\n\t\t\t\t\t<div class=\"elementor-column elementor-col-100 elementor-top-column elementor-element elementor-element-f1dbf11 sc_layouts_column_align_center sc_layouts_column sc_inner_width_none sc_content_align_inherit sc_layouts_column_icons_position_left sc_fly_static\" data-id=\"f1dbf11\" data-element_type=\"column\" data-e-type=\"column\">\n\t\t\t<div class=\"elementor-widget-wrap elementor-element-populated\">\n\t\t\t\t\t\t<div class=\"elementor-element elementor-element-b5f1be0 elementor-view-default sc_fly_static elementor-widget elementor-widget-icon\" data-id=\"b5f1be0\" data-element_type=\"widget\" data-e-type=\"widget\" data-widget_type=\"icon.default\">\n\t\t\t\t<div class=\"elementor-widget-container\">\n\t\t\t\t\t\t\t<div class=\"elementor-icon-wrapper\">\n\t\t\t<a class=\"elementor-icon\" href=\"#anchor\">\n\t\t\t<svg xmlns=\"http:\/\/www.w3.org\/2000\/svg\" width=\"14.626\" height=\"8.639\" viewbox=\"0 0 14.626 8.639\"><g id=\"down-arrow\" transform=\"translate(0 -70.698)\"><g id=\"Group_8820\" data-name=\"Group 8820\" transform=\"translate(0 100.698)\"><path id=\"Path_6507\" data-name=\"Path 6507\" d=\"M14.392,101.42l-.479-.482a.8.8,0,0,0-1.132,0L7.316,106.4l-5.472-5.472a.8.8,0,0,0-1.132,0l-.479.479a.8.8,0,0,0,0,1.131l6.515,6.538a.818.818,0,0,0,.567.257h0a.818.818,0,0,0,.566-.257l6.508-6.52a.808.808,0,0,0,.234-.571A.8.8,0,0,0,14.392,101.42Z\" transform=\"translate(0 -130.698)\"><\/path><\/g><\/g><\/svg>\t\t\t<\/a>\n\t\t<\/div>\n\t\t\t\t\t\t<\/div>\n\t\t\t\t<\/div>\n\t\t\t\t\t<\/div>\n\t\t<\/div>\n\t\t\t\t\t<\/div>\n\t\t<\/section>\n\t\t\t\t<section class=\"elementor-section elementor-top-section elementor-element elementor-element-48d79eed elementor-section-boxed elementor-section-height-default elementor-section-height-default sc_fly_static\" data-id=\"48d79eed\" data-element_type=\"section\" data-e-type=\"section\">\n\t\t\t\t\t\t<div class=\"elementor-container elementor-column-gap-extended\">\n\t\t\t\t\t<div class=\"elementor-column elementor-col-100 elementor-top-column elementor-element elementor-element-2fc28cdc sc_inner_width_none sc_content_align_inherit sc_layouts_column_icons_position_left sc_fly_static\" data-id=\"2fc28cdc\" data-element_type=\"column\" data-e-type=\"column\">\n\t\t\t<div class=\"elementor-widget-wrap elementor-element-populated\">\n\t\t\t\t\t\t\t<\/div>\n\t\t<\/div>\n\t\t\t\t\t<\/div>\n\t\t<\/section>\n\t\t\t\t<section class=\"elementor-section elementor-top-section elementor-element elementor-element-2917a763 elementor-section-content-middle elementor-section-boxed elementor-section-height-default elementor-section-height-default sc_fly_static\" data-id=\"2917a763\" data-element_type=\"section\" data-e-type=\"section\" data-settings=\"{&quot;background_background&quot;:&quot;classic&quot;}\">\n\t\t\t\t\t\t<div class=\"elementor-container elementor-column-gap-extended\">\n\t\t\t\t\t<div class=\"elementor-column elementor-col-50 elementor-top-column elementor-element elementor-element-2af00c01 sc_inner_width_none sc_content_align_inherit sc_layouts_column_icons_position_left sc_fly_static\" data-id=\"2af00c01\" data-element_type=\"column\" data-e-type=\"column\">\n\t\t\t<div class=\"elementor-widget-wrap elementor-element-populated\">\n\t\t\t\t\t\t<section class=\"elementor-section elementor-inner-section elementor-element elementor-element-6e0fd3fe elementor-section-content-bottom elementor-section-boxed elementor-section-height-default elementor-section-height-default sc_fly_static\" data-id=\"6e0fd3fe\" data-element_type=\"section\" data-e-type=\"section\">\n\t\t\t\t\t\t<div class=\"elementor-container elementor-column-gap-no\">\n\t\t\t\t\t<div class=\"elementor-column elementor-col-100 elementor-inner-column elementor-element elementor-element-5df4f0aa sc_inner_width_none sc_content_align_inherit sc_layouts_column_icons_position_left sc_fly_static\" data-id=\"5df4f0aa\" data-element_type=\"column\" data-e-type=\"column\">\n\t\t\t<div class=\"elementor-widget-wrap elementor-element-populated\">\n\t\t\t\t\t\t<div class=\"elementor-element elementor-element-45ecab45 elementor-widget__width-auto no-title sc_fly_static elementor-widget elementor-widget-image\" data-id=\"45ecab45\" data-element_type=\"widget\" data-e-type=\"widget\" data-widget_type=\"image.default\">\n\t\t\t\t<div class=\"elementor-widget-container\">\n\t\t\t\t\t\t\t\t\t\t\t\t<figure class=\"wp-caption\">\n\t\t\t\t\t\t\t\t\t\t<img decoding=\"async\" src=\"https:\/\/rlbhealthagency.com\/wp-content\/uploads\/elementor\/thumbs\/portrait-hansome-young-male-doctor-man-scaled-q5o16d3vnx7c9f0ts9jm9ss2fd012ctxu69u7f2a9k.jpg\" title=\"Portrait of a hansome young male doctor\" alt=\"Portrait of a hansome young male doctor with stethoscope dressed in uniform standing with arms folded and looking at camera isolated over white background\" loading=\"lazy\" \/>\t\t\t\t\t\t\t\t\t\t\t<figcaption class=\"widget-image-caption wp-caption-text\"><\/figcaption>\n\t\t\t\t\t\t\t\t\t\t<\/figure>\n\t\t\t\t\t\t\t\t\t<\/div>\n\t\t\t\t<\/div>\n\t\t\t\t\t<\/div>\n\t\t<\/div>\n\t\t\t\t\t<\/div>\n\t\t<\/section>\n\t\t\t\t\t<\/div>\n\t\t<\/div>\n\t\t\t\t<div class=\"elementor-column elementor-col-50 elementor-top-column elementor-element elementor-element-33c4f55c sc_inner_width_none sc_content_align_inherit sc_layouts_column_icons_position_left sc_fly_static\" data-id=\"33c4f55c\" data-element_type=\"column\" data-e-type=\"column\">\n\t\t\t<div class=\"elementor-widget-wrap elementor-element-populated\">\n\t\t\t\t\t\t<div class=\"elementor-element elementor-element-9069689 sc_fly_static elementor-widget elementor-widget-trx_sc_title\" data-id=\"9069689\" data-element_type=\"widget\" data-e-type=\"widget\" data-widget_type=\"trx_sc_title.default\">\n\t\t\t\t<div class=\"elementor-widget-container\">\n\t\t\t\t\t<div\t\tclass=\"sc_title sc_title_default\" ><span class=\"sc_item_subtitle sc_title_subtitle sc_item_subtitle_above sc_item_title_style_default\">RLB HEALTH AGENCY<\/span><h1 class=\"sc_item_title sc_title_title sc_item_title_style_default sc_item_title_tag\"\n\t\t\t><span class=\"sc_item_title_text\">Why Turkey in Health Tourism?<\/span><\/h1><\/div>\t\t\t\t<\/div>\n\t\t\t\t<\/div>\n\t\t\t\t<div class=\"elementor-element elementor-element-76daec77 sc_fly_static elementor-widget elementor-widget-spacer\" data-id=\"76daec77\" data-element_type=\"widget\" data-e-type=\"widget\" data-widget_type=\"spacer.default\">\n\t\t\t\t<div class=\"elementor-widget-container\">\n\t\t\t\t\t\t\t<div class=\"elementor-spacer\">\n\t\t\t<div class=\"elementor-spacer-inner\"><\/div>\n\t\t<\/div>\n\t\t\t\t\t\t<\/div>\n\t\t\t\t<\/div>\n\t\t\t\t<div class=\"elementor-element elementor-element-886b09e sc_fly_static elementor-widget elementor-widget-text-editor\" data-id=\"886b09e\" data-element_type=\"widget\" data-e-type=\"widget\" data-widget_type=\"text-editor.default\">\n\t\t\t\t<div class=\"elementor-widget-container\">\n\t\t\t\t\t\t\t\t\t<p>Turkey is in an excellent position in terms of health tourism with its modern hospitals and clinics, specialised physicians and staff, cultural and geographical beauties. At the junction of 3 continents, our multicultural and tolerant society and our approach that embraces everyone is becoming an increasingly attractive destination day by day.<br \/><br \/><\/p>\t\t\t\t\t\t\t\t<\/div>\n\t\t\t\t<\/div>\n\t\t\t\t<div class=\"elementor-element elementor-element-f845f4c sc_fly_static elementor-widget elementor-widget-spacer\" data-id=\"f845f4c\" data-element_type=\"widget\" data-e-type=\"widget\" data-widget_type=\"spacer.default\">\n\t\t\t\t<div class=\"elementor-widget-container\">\n\t\t\t\t\t\t\t<div class=\"elementor-spacer\">\n\t\t\t<div class=\"elementor-spacer-inner\"><\/div>\n\t\t<\/div>\n\t\t\t\t\t\t<\/div>\n\t\t\t\t<\/div>\n\t\t\t\t<div class=\"elementor-element elementor-element-0a76e44 sc_layouts_hide_on_tablet sc_layouts_hide_on_mobile sc_fly_static elementor-widget elementor-widget-trx_sc_button\" data-id=\"0a76e44\" data-element_type=\"widget\" data-e-type=\"widget\" data-widget_type=\"trx_sc_button.default\">\n\t\t\t\t<div class=\"elementor-widget-container\">\n\t\t\t\t\t<div\tclass=\"sc_item_button sc_button_wrap\" ><a href=\"https:\/\/rlbhealthagency.com\/en\/contact\/\" class=\"sc_button hide_on_mobile hide_on_tablet sc_button_default sc_button_size_normal sc_button_icon_left\" ><span class=\"sc_button_text\"><span class=\"sc_button_title\">Contact<\/span><\/span><\/a><a href=\"tel: 905527346584\" class=\"sc_button hide_on_mobile hide_on_tablet sc_button_simple button_bg_icon_color sc_button_size_normal sc_button_with_icon sc_button_icon_left color_style_dark\" ><span class=\"sc_button_icon\"><span class=\"icon-call\"><\/span><\/span><span class=\"sc_button_text\"><span class=\"sc_button_title\">+90 552 734 65 84<\/span><\/span><\/a><\/div>\t\t\t\t<\/div>\n\t\t\t\t<\/div>\n\t\t\t\t<div class=\"elementor-element elementor-element-2e9e24c sc_height_tiny sc_layouts_hide_on_tablet sc_layouts_hide_on_mobile sc_fly_static elementor-widget elementor-widget-spacer\" data-id=\"2e9e24c\" data-element_type=\"widget\" data-e-type=\"widget\" data-widget_type=\"spacer.default\">\n\t\t\t\t<div class=\"elementor-widget-container\">\n\t\t\t\t\t\t\t<div class=\"elementor-spacer\">\n\t\t\t<div class=\"elementor-spacer-inner\"><\/div>\n\t\t<\/div>\n\t\t\t\t\t\t<\/div>\n\t\t\t\t<\/div>\n\t\t\t\t\t<\/div>\n\t\t<\/div>\n\t\t\t\t\t<\/div>\n\t\t<\/section>\n\t\t\t\t<section class=\"elementor-section elementor-top-section elementor-element elementor-element-461122c5 elementor-section-boxed elementor-section-height-default elementor-section-height-default sc_fly_static\" data-id=\"461122c5\" data-element_type=\"section\" data-e-type=\"section\">\n\t\t\t\t\t\t<div class=\"elementor-container elementor-column-gap-extended\">\n\t\t\t\t\t<div class=\"elementor-column elementor-col-100 elementor-top-column elementor-element elementor-element-23898715 sc_inner_width_none sc_content_align_inherit sc_layouts_column_icons_position_left sc_fly_static\" data-id=\"23898715\" data-element_type=\"column\" data-e-type=\"column\">\n\t\t\t<div class=\"elementor-widget-wrap elementor-element-populated\">\n\t\t\t\t\t\t\t<\/div>\n\t\t<\/div>\n\t\t\t\t\t<\/div>\n\t\t<\/section>\n\t\t\t\t<section class=\"elementor-section elementor-top-section elementor-element elementor-element-a6ab552 elementor-section-boxed elementor-section-height-default elementor-section-height-default sc_fly_static\" data-id=\"a6ab552\" data-element_type=\"section\" data-e-type=\"section\" data-settings=\"{&quot;background_background&quot;:&quot;classic&quot;}\">\n\t\t\t\t\t\t<div class=\"elementor-container elementor-column-gap-default\">\n\t\t\t\t\t<div class=\"elementor-column elementor-col-50 elementor-top-column elementor-element elementor-element-b62ab49 sc_inner_width_none sc_content_align_inherit sc_layouts_column_icons_position_left sc_fly_static\" data-id=\"b62ab49\" data-element_type=\"column\" data-e-type=\"column\">\n\t\t\t<div class=\"elementor-widget-wrap elementor-element-populated\">\n\t\t\t\t\t\t<div class=\"elementor-element elementor-element-1d6bb2f sc_fly_static elementor-widget elementor-widget-text-editor\" data-id=\"1d6bb2f\" data-element_type=\"widget\" data-e-type=\"widget\" data-widget_type=\"text-editor.default\">\n\t\t\t\t<div class=\"elementor-widget-container\">\n\t\t\t\t\t\t\t\t\t<p class=\"MsoNormal\"><span lang=\"EN-GB\" style=\"font-family:&quot;Arial&quot;,sans-serif\">Through our diagnostic centres or working partners in various cities around the world, medical records of patients in need of treatment are first received. They are analysed by our specialist doctors and the appropriate and economical treatment method is determined as a result of interviews with the patient's own doctor. Treatment options and prices are presented to our patient.<o:p><\/o:p><\/span><\/p>\t\t\t\t\t\t\t\t<\/div>\n\t\t\t\t<\/div>\n\t\t\t\t<div class=\"elementor-element elementor-element-582d0e5 sc_fly_static elementor-widget elementor-widget-spacer\" data-id=\"582d0e5\" data-element_type=\"widget\" data-e-type=\"widget\" data-widget_type=\"spacer.default\">\n\t\t\t\t<div class=\"elementor-widget-container\">\n\t\t\t\t\t\t\t<div class=\"elementor-spacer\">\n\t\t\t<div class=\"elementor-spacer-inner\"><\/div>\n\t\t<\/div>\n\t\t\t\t\t\t<\/div>\n\t\t\t\t<\/div>\n\t\t\t\t<div class=\"elementor-element elementor-element-6185f4f sc_fly_static elementor-widget elementor-widget-text-editor\" data-id=\"6185f4f\" data-element_type=\"widget\" data-e-type=\"widget\" data-widget_type=\"text-editor.default\">\n\t\t\t\t<div class=\"elementor-widget-container\">\n\t\t\t\t\t\t\t\t\t<p class=\"MsoNormal\"><span lang=\"EN-GB\" style=\"font-family: 'Arial',sans-serif;\">Then an official invitation for treatment is prepared for visa procedures. After the visa, travel planning is made. Flight tickets, airport pick-up, transfer, companion, hotel or home accommodation, translator, short-term tours and all other services will be provided by RLB Health Services.<\/span><\/p>\t\t\t\t\t\t\t\t<\/div>\n\t\t\t\t<\/div>\n\t\t\t\t<div class=\"elementor-element elementor-element-e8d04f1 sc_fly_static elementor-widget elementor-widget-spacer\" data-id=\"e8d04f1\" data-element_type=\"widget\" data-e-type=\"widget\" data-widget_type=\"spacer.default\">\n\t\t\t\t<div class=\"elementor-widget-container\">\n\t\t\t\t\t\t\t<div class=\"elementor-spacer\">\n\t\t\t<div class=\"elementor-spacer-inner\"><\/div>\n\t\t<\/div>\n\t\t\t\t\t\t<\/div>\n\t\t\t\t<\/div>\n\t\t\t\t<div class=\"elementor-element elementor-element-0d089db play_center sc_fly_static elementor-widget elementor-widget-trx_sc_button\" data-id=\"0d089db\" data-element_type=\"widget\" data-e-type=\"widget\" data-widget_type=\"trx_sc_button.default\">\n\t\t\t\t<div class=\"elementor-widget-container\">\n\t\t\t\t\t<div\tclass=\"sc_item_button sc_button_wrap sc_align_center\" ><a href=\"https:\/\/wa.me\/905527346584\" class=\"sc_button sc_button_default mgn_bot sc_button_size_normal sc_button_with_icon sc_button_icon_left\" ><span class=\"sc_button_icon\"><span class=\"icon-whatsapp\"><\/span><\/span><span class=\"sc_button_text\"><span class=\"sc_button_title\">WHATSAPP<\/span><\/span><\/a><\/div>\t\t\t\t<\/div>\n\t\t\t\t<\/div>\n\t\t\t\t\t<\/div>\n\t\t<\/div>\n\t\t\t\t<div class=\"elementor-column elementor-col-50 elementor-top-column elementor-element elementor-element-cb6f3b2 scheme_default sc_inner_width_none sc_content_align_inherit sc_layouts_column_icons_position_left sc_fly_static\" data-id=\"cb6f3b2\" data-element_type=\"column\" data-e-type=\"column\">\n\t\t\t<div class=\"elementor-widget-wrap elementor-element-populated\">\n\t\t\t\t\t\t<div class=\"elementor-element elementor-element-e760ffc sc_fly_static elementor-widget elementor-widget-image\" data-id=\"e760ffc\" data-element_type=\"widget\" data-e-type=\"widget\" data-widget_type=\"image.default\">\n\t\t\t\t<div class=\"elementor-widget-container\">\n\t\t\t\t\t\t\t\t\t\t\t\t\t\t\t<img fetchpriority=\"high\" decoding=\"async\" width=\"1024\" height=\"683\" src=\"https:\/\/rlbhealthagency.com\/wp-content\/uploads\/2023\/04\/portrait-smiling-young-woman-doctor-healthcare-medical-worker-pointing-fingers-left-showing-clini-1024x683.jpg\" class=\"attachment-large size-large wp-image-27320\" alt=\"\" srcset=\"https:\/\/rlbhealthagency.com\/wp-content\/uploads\/2023\/04\/portrait-smiling-young-woman-doctor-healthcare-medical-worker-pointing-fingers-left-showing-clini-1024x683.jpg 1024w, https:\/\/rlbhealthagency.com\/wp-content\/uploads\/2023\/04\/portrait-smiling-young-woman-doctor-healthcare-medical-worker-pointing-fingers-left-showing-clini-300x200.jpg 300w, https:\/\/rlbhealthagency.com\/wp-content\/uploads\/2023\/04\/portrait-smiling-young-woman-doctor-healthcare-medical-worker-pointing-fingers-left-showing-clini-768x512.jpg 768w, https:\/\/rlbhealthagency.com\/wp-content\/uploads\/2023\/04\/portrait-smiling-young-woman-doctor-healthcare-medical-worker-pointing-fingers-left-showing-clini-1536x1024.jpg 1536w, https:\/\/rlbhealthagency.com\/wp-content\/uploads\/2023\/04\/portrait-smiling-young-woman-doctor-healthcare-medical-worker-pointing-fingers-left-showing-clini-2048x1365.jpg 2048w, https:\/\/rlbhealthagency.com\/wp-content\/uploads\/2023\/04\/portrait-smiling-young-woman-doctor-healthcare-medical-worker-pointing-fingers-left-showing-clini-18x12.jpg 18w, https:\/\/rlbhealthagency.com\/wp-content\/uploads\/2023\/04\/portrait-smiling-young-woman-doctor-healthcare-medical-worker-pointing-fingers-left-showing-clini-370x247.jpg 370w, https:\/\/rlbhealthagency.com\/wp-content\/uploads\/2023\/04\/portrait-smiling-young-woman-doctor-healthcare-medical-worker-pointing-fingers-left-showing-clini-840x560.jpg 840w, https:\/\/rlbhealthagency.com\/wp-content\/uploads\/2023\/04\/portrait-smiling-young-woman-doctor-healthcare-medical-worker-pointing-fingers-left-showing-clini-410x273.jpg 410w\" sizes=\"(max-width: 1024px) 100vw, 1024px\" \/>\t\t\t\t\t\t\t\t\t\t\t\t\t\t\t<\/div>\n\t\t\t\t<\/div>\n\t\t\t\t\t<\/div>\n\t\t<\/div>\n\t\t\t\t\t<\/div>\n\t\t<\/section>\n\t\t\t\t<section class=\"elementor-section elementor-top-section elementor-element elementor-element-405ca6f elementor-section-boxed elementor-section-height-default elementor-section-height-default sc_fly_static\" data-id=\"405ca6f\" data-element_type=\"section\" data-e-type=\"section\" data-settings=\"{&quot;background_background&quot;:&quot;classic&quot;}\">\n\t\t\t\t\t\t<div class=\"elementor-container elementor-column-gap-default\">\n\t\t\t\t\t<div class=\"elementor-column elementor-col-50 elementor-top-column elementor-element elementor-element-a1ff9b0 sc_inner_width_none sc_content_align_inherit sc_layouts_column_icons_position_left sc_fly_static\" data-id=\"a1ff9b0\" data-element_type=\"column\" data-e-type=\"column\">\n\t\t\t<div class=\"elementor-widget-wrap elementor-element-populated\">\n\t\t\t\t\t\t<div class=\"elementor-element elementor-element-b0e1a76 sc_fly_static elementor-widget elementor-widget-image\" data-id=\"b0e1a76\" data-element_type=\"widget\" data-e-type=\"widget\" data-widget_type=\"image.default\">\n\t\t\t\t<div class=\"elementor-widget-container\">\n\t\t\t\t\t\t\t\t\t\t\t\t\t\t\t<img decoding=\"async\" width=\"1024\" height=\"683\" src=\"https:\/\/rlbhealthagency.com\/wp-content\/uploads\/2023\/04\/woman-doctor-wearing-lab-coat-with-stethoscope-isolated-1024x683.jpg\" class=\"attachment-large size-large wp-image-27322\" alt=\"\" srcset=\"https:\/\/rlbhealthagency.com\/wp-content\/uploads\/2023\/04\/woman-doctor-wearing-lab-coat-with-stethoscope-isolated-1024x683.jpg 1024w, https:\/\/rlbhealthagency.com\/wp-content\/uploads\/2023\/04\/woman-doctor-wearing-lab-coat-with-stethoscope-isolated-300x200.jpg 300w, https:\/\/rlbhealthagency.com\/wp-content\/uploads\/2023\/04\/woman-doctor-wearing-lab-coat-with-stethoscope-isolated-768x512.jpg 768w, https:\/\/rlbhealthagency.com\/wp-content\/uploads\/2023\/04\/woman-doctor-wearing-lab-coat-with-stethoscope-isolated-1536x1024.jpg 1536w, https:\/\/rlbhealthagency.com\/wp-content\/uploads\/2023\/04\/woman-doctor-wearing-lab-coat-with-stethoscope-isolated-2048x1365.jpg 2048w, https:\/\/rlbhealthagency.com\/wp-content\/uploads\/2023\/04\/woman-doctor-wearing-lab-coat-with-stethoscope-isolated-18x12.jpg 18w, https:\/\/rlbhealthagency.com\/wp-content\/uploads\/2023\/04\/woman-doctor-wearing-lab-coat-with-stethoscope-isolated-370x247.jpg 370w, https:\/\/rlbhealthagency.com\/wp-content\/uploads\/2023\/04\/woman-doctor-wearing-lab-coat-with-stethoscope-isolated-840x560.jpg 840w, https:\/\/rlbhealthagency.com\/wp-content\/uploads\/2023\/04\/woman-doctor-wearing-lab-coat-with-stethoscope-isolated-410x273.jpg 410w\" sizes=\"(max-width: 1024px) 100vw, 1024px\" \/>\t\t\t\t\t\t\t\t\t\t\t\t\t\t\t<\/div>\n\t\t\t\t<\/div>\n\t\t\t\t\t<\/div>\n\t\t<\/div>\n\t\t\t\t<div class=\"elementor-column elementor-col-50 elementor-top-column elementor-element elementor-element-922f31a scheme_default sc_inner_width_none sc_content_align_inherit sc_layouts_column_icons_position_left sc_fly_static\" data-id=\"922f31a\" data-element_type=\"column\" data-e-type=\"column\">\n\t\t\t<div class=\"elementor-widget-wrap elementor-element-populated\">\n\t\t\t\t\t\t<div class=\"elementor-element elementor-element-c0607c4 sc_fly_static elementor-widget elementor-widget-text-editor\" data-id=\"c0607c4\" data-element_type=\"widget\" data-e-type=\"widget\" data-widget_type=\"text-editor.default\">\n\t\t\t\t<div class=\"elementor-widget-container\">\n\t\t\t\t\t\t\t\t\t<p>General health insurance and complication insurance will be provided from the moment the patient arrives in Turkey. The patient will be picked up from the airport with VIP vehicles and hospital examinations will be initiated with an interpreter. During the treatment period, all your needs and comfort will be provided by us in line with your request. Our patients who are treated in hospitals with state-of-the-art equipment and specialist doctors, when the treatment is completed, holiday stays and trips to historical and touristic places will be planned if the patient wishes.<\/p>\t\t\t\t\t\t\t\t<\/div>\n\t\t\t\t<\/div>\n\t\t\t\t<div class=\"elementor-element elementor-element-e9aba9a sc_fly_static elementor-widget elementor-widget-spacer\" data-id=\"e9aba9a\" data-element_type=\"widget\" data-e-type=\"widget\" data-widget_type=\"spacer.default\">\n\t\t\t\t<div class=\"elementor-widget-container\">\n\t\t\t\t\t\t\t<div class=\"elementor-spacer\">\n\t\t\t<div class=\"elementor-spacer-inner\"><\/div>\n\t\t<\/div>\n\t\t\t\t\t\t<\/div>\n\t\t\t\t<\/div>\n\t\t\t\t<div class=\"elementor-element elementor-element-d6fb0bf sc_fly_static elementor-widget elementor-widget-text-editor\" data-id=\"d6fb0bf\" data-element_type=\"widget\" data-e-type=\"widget\" data-widget_type=\"text-editor.default\">\n\t\t\t\t<div class=\"elementor-widget-container\">\n\t\t\t\t\t\t\t\t\t<p>After all these procedures are completed, our patient will return to his country in peace of mind and the follow-up of the treatment will continue with this process.<\/p>\t\t\t\t\t\t\t\t<\/div>\n\t\t\t\t<\/div>\n\t\t\t\t\t<\/div>\n\t\t<\/div>\n\t\t\t\t\t<\/div>\n\t\t<\/section>\n\t\t\t\t<section class=\"elementor-section elementor-top-section elementor-element elementor-element-084ffa6 elementor-section-boxed elementor-section-height-default elementor-section-height-default sc_fly_static\" data-id=\"084ffa6\" data-element_type=\"section\" data-e-type=\"section\" data-settings=\"{&quot;background_background&quot;:&quot;classic&quot;}\">\n\t\t\t\t\t\t<div class=\"elementor-container elementor-column-gap-default\">\n\t\t\t\t\t<div class=\"elementor-column elementor-col-100 elementor-top-column elementor-element elementor-element-8f4280e scheme_default sc_inner_width_none sc_content_align_inherit sc_layouts_column_icons_position_left sc_fly_static\" data-id=\"8f4280e\" data-element_type=\"column\" data-e-type=\"column\">\n\t\t\t<div class=\"elementor-widget-wrap elementor-element-populated\">\n\t\t\t\t\t\t<div class=\"elementor-element elementor-element-514700d sc_height_huge sc_fly_static elementor-widget elementor-widget-spacer\" data-id=\"514700d\" data-element_type=\"widget\" data-e-type=\"widget\" data-widget_type=\"spacer.default\">\n\t\t\t\t<div class=\"elementor-widget-container\">\n\t\t\t\t\t\t\t<div class=\"elementor-spacer\">\n\t\t\t<div class=\"elementor-spacer-inner\"><\/div>\n\t\t<\/div>\n\t\t\t\t\t\t<\/div>\n\t\t\t\t<\/div>\n\t\t\t\t\t<\/div>\n\t\t<\/div>\n\t\t\t\t\t<\/div>\n\t\t<\/section>\n\t\t\t\t<\/div>","protected":false},"excerpt":{"rendered":"<p>RLB HEALTH AGENCY Sa\u011fl\u0131k Turizminde Neden T\u00fcrkiye? T\u00fcrkiye, modern hastane ve klinikleri, konusunda uzman hekim ve kadrosu, k\u00fclt\u00fcrel ve co\u011frafi g\u00fczellikleri ile sa\u011fl\u0131k turizmi a\u00e7\u0131s\u0131ndan m\u00fckemmel bir konumdad\u0131r. 3 k\u0131tan\u0131n&hellip;<\/p>","protected":false},"author":1,"featured_media":0,"parent":0,"menu_order":0,"comment_status":"closed","ping_status":"closed","template":"","meta":{"footnotes":""},"class_list":["post-3738","page","type-page","status-publish","hentry"],"_links":{"self":[{"href":"https:\/\/rlbhealthagency.com\/en\/wp-json\/wp\/v2\/pages\/3738","targetHints":{"allow":["GET"]}}],"collection":[{"href":"https:\/\/rlbhealthagency.com\/en\/wp-json\/wp\/v2\/pages"}],"about":[{"href":"https:\/\/rlbhealthagency.com\/en\/wp-json\/wp\/v2\/types\/page"}],"author":[{"embeddable":true,"href":"https:\/\/rlbhealthagency.com\/en\/wp-json\/wp\/v2\/users\/1"}],"replies":[{"embeddable":true,"href":"https:\/\/rlbhealthagency.com\/en\/wp-json\/wp\/v2\/comments?post=3738"}],"version-history":[{"count":0,"href":"https:\/\/rlbhealthagency.com\/en\/wp-json\/wp\/v2\/pages\/3738\/revisions"}],"wp:attachment":[{"href":"https:\/\/rlbhealthagency.com\/en\/wp-json\/wp\/v2\/media?parent=3738"}],"curies":[{"name":"wp","href":"https:\/\/api.w.org\/{rel}","templated":true}]}}