{"id":26978,"date":"2023-01-31T12:52:21","date_gmt":"2023-01-31T12:52:21","guid":{"rendered":"https:\/\/rlbhealthagency.com\/?page_id=26978"},"modified":"2023-05-17T12:01:02","modified_gmt":"2023-05-17T12:01:02","slug":"internal-medicine","status":"publish","type":"page","link":"https:\/\/rlbhealthagency.com\/ru\/internal-medicine\/","title":{"rendered":"\u041c\u0435\u0434\u0438\u0446\u0438\u043d\u0430 \u0432\u043d\u0443\u0442\u0440\u0435\u043d\u043d\u0438\u0445 \u043e\u0440\u0433\u0430\u043d\u043e\u0432"},"content":{"rendered":"<p>\u0422\u0435\u0440\u0430\u043f\u0438\u044f \u2014 \u044d\u0442\u043e \u043c\u0435\u0434\u0438\u0446\u0438\u043d\u0441\u043a\u0430\u044f \u0441\u043f\u0435\u0446\u0438\u0430\u043b\u044c\u043d\u043e\u0441\u0442\u044c, \u0432 \u043a\u043e\u0442\u043e\u0440\u043e\u0439 \u0432\u0440\u0430\u0447\u0438 \u0438\u0441\u043f\u043e\u043b\u044c\u0437\u0443\u044e\u0442 \u043d\u0430\u0443\u0447\u043d\u044b\u0435 \u0437\u043d\u0430\u043d\u0438\u044f \u0438 \u043a\u043b\u0438\u043d\u0438\u0447\u0435\u0441\u043a\u0438\u0439 \u043e\u043f\u044b\u0442 \u0434\u043b\u044f \u0434\u0438\u0430\u0433\u043d\u043e\u0441\u0442\u0438\u043a\u0438 \u0438 \u043b\u0435\u0447\u0435\u043d\u0438\u044f \u0432\u0437\u0440\u043e\u0441\u043b\u044b\u0445 \u0441 \u0448\u0438\u0440\u043e\u043a\u0438\u043c \u0441\u043f\u0435\u043a\u0442\u0440\u043e\u043c \u043f\u0440\u043e\u0431\u043b\u0435\u043c \u0441\u043e \u0437\u0434\u043e\u0440\u043e\u0432\u044c\u0435\u043c \u0438 \u0431\u043e\u043b\u0435\u0437\u043d\u0435\u0439. \u0412\u0440\u0430\u0447\u0438, \u0441\u043f\u0435\u0446\u0438\u0430\u043b\u0438\u0437\u0438\u0440\u0443\u044e\u0449\u0438\u0435\u0441\u044f \u043d\u0430 \u0432\u043d\u0443\u0442\u0440\u0435\u043d\u043d\u0438\u0445 \u0437\u0430\u0431\u043e\u043b\u0435\u0432\u0430\u043d\u0438\u044f\u0445, \u043d\u0430\u0437\u044b\u0432\u0430\u044e\u0442\u0441\u044f \u0442\u0435\u0440\u0430\u043f\u0435\u0432\u0442\u0430\u043c\u0438 \u0438\u043b\u0438 \u0442\u0435\u0440\u0430\u043f\u0435\u0432\u0442\u0430\u043c\u0438 \u043e\u0431\u0449\u0435\u0433\u043e \u043f\u0440\u043e\u0444\u0438\u043b\u044f.<\/p>\n\n\n\n<figure class=\"wp-block-image size-large\"><img fetchpriority=\"high\" decoding=\"async\" width=\"1024\" height=\"682\" src=\"https:\/\/rlbhealthagency.com\/wp-content\/uploads\/2023\/01\/doctor-crossing-arms-while-holding-stethoscope-white-coat_176474-8491-1024x682.webp\" alt=\"\" class=\"wp-image-26980\" srcset=\"https:\/\/rlbhealthagency.com\/wp-content\/uploads\/2023\/01\/doctor-crossing-arms-while-holding-stethoscope-white-coat_176474-8491-1024x682.webp 1024w, https:\/\/rlbhealthagency.com\/wp-content\/uploads\/2023\/01\/doctor-crossing-arms-while-holding-stethoscope-white-coat_176474-8491-300x200.webp 300w, https:\/\/rlbhealthagency.com\/wp-content\/uploads\/2023\/01\/doctor-crossing-arms-while-holding-stethoscope-white-coat_176474-8491-768x512.webp 768w, https:\/\/rlbhealthagency.com\/wp-content\/uploads\/2023\/01\/doctor-crossing-arms-while-holding-stethoscope-white-coat_176474-8491-18x12.webp 18w, https:\/\/rlbhealthagency.com\/wp-content\/uploads\/2023\/01\/doctor-crossing-arms-while-holding-stethoscope-white-coat_176474-8491-370x246.webp 370w, https:\/\/rlbhealthagency.com\/wp-content\/uploads\/2023\/01\/doctor-crossing-arms-while-holding-stethoscope-white-coat_176474-8491-840x559.webp 840w, https:\/\/rlbhealthagency.com\/wp-content\/uploads\/2023\/01\/doctor-crossing-arms-while-holding-stethoscope-white-coat_176474-8491-410x273.webp 410w, https:\/\/rlbhealthagency.com\/wp-content\/uploads\/2023\/01\/doctor-crossing-arms-while-holding-stethoscope-white-coat_176474-8491.webp 1060w\" sizes=\"(max-width: 1024px) 100vw, 1024px\" \/><\/figure>\n\n\n\n<h2 class=\"wp-block-heading\">\u0420\u0430\u0437\u043b\u0438\u0447\u0438\u044f \u043c\u0435\u0436\u0434\u0443 \u0432\u043d\u0443\u0442\u0440\u0435\u043d\u043d\u0435\u0439 \u043c\u0435\u0434\u0438\u0446\u0438\u043d\u043e\u0439 \u0438 \u043e\u0431\u0449\u0435\u0439\/\u0441\u0435\u043c\u0435\u0439\u043d\u043e\u0439 \u043c\u0435\u0434\u0438\u0446\u0438\u043d\u043e\u0439<\/h2>\n\n\n\n<p>\u0425\u043e\u0442\u044f \u043e\u0431\u0430 \u044f\u0432\u043b\u044f\u044e\u0442\u0441\u044f \u0432\u0440\u0430\u0447\u0430\u043c\u0438 \u043f\u0435\u0440\u0432\u0438\u0447\u043d\u043e\u0439 \u043c\u0435\u0434\u0438\u043a\u043e-\u0441\u0430\u043d\u0438\u0442\u0430\u0440\u043d\u043e\u0439 \u043f\u043e\u043c\u043e\u0449\u0438 \u2014 \u0438 \u044d\u0442\u0438 \u0442\u0435\u0440\u043c\u0438\u043d\u044b \u0447\u0430\u0441\u0442\u043e \u0438\u0441\u043f\u043e\u043b\u044c\u0437\u0443\u044e\u0442\u0441\u044f \u0432\u0437\u0430\u0438\u043c\u043e\u0437\u0430\u043c\u0435\u043d\u044f\u0435\u043c\u043e \u2014 \u0442\u0435\u0440\u0430\u043f\u0435\u0432\u0442\u044b \u2014 \u044d\u0442\u043e \u043d\u0435 \u0442\u043e \u0436\u0435 \u0441\u0430\u043c\u043e\u0435, \u0447\u0442\u043e \u0432\u0440\u0430\u0447\u0438 \u043e\u0431\u0449\u0435\u0439 \u043f\u0440\u0430\u043a\u0442\u0438\u043a\u0438 \u0438 \u0441\u0435\u043c\u0435\u0439\u043d\u044b\u0435 \u0432\u0440\u0430\u0447\u0438. \u041e\u0434\u043d\u043e \u0438\u0437 \u043e\u0441\u043d\u043e\u0432\u043d\u044b\u0445 \u043e\u0442\u043b\u0438\u0447\u0438\u0439 \u0437\u0430\u043a\u043b\u044e\u0447\u0430\u0435\u0442\u0441\u044f \u0432 \u0442\u043e\u043c, \u0447\u0442\u043e \u0442\u0435\u0440\u0430\u043f\u0435\u0432\u0442\u044b \u043f\u0440\u0438\u043d\u0438\u043c\u0430\u044e\u0442 \u0442\u043e\u043b\u044c\u043a\u043e \u0432\u0437\u0440\u043e\u0441\u043b\u044b\u0445, \u0430 \u0441\u0435\u043c\u0435\u0439\u043d\u044b\u0435 \u0432\u0440\u0430\u0447\u0438 \u043f\u0440\u0438\u043d\u0438\u043c\u0430\u044e\u0442 \u0438 \u0434\u0435\u0442\u0435\u0439, \u0438 \u0432\u0437\u0440\u043e\u0441\u043b\u044b\u0445.<\/p>\n\n\n\n<h3 class=\"wp-block-heading\">\u041e\u0431\u0449\u0438\u0435 \u0432\u043d\u0443\u0442\u0440\u0435\u043d\u043d\u0438\u0435 \u0431\u043e\u043b\u0435\u0437\u043d\u0438<\/h3>\n\n\n\n<p>\u0412\u0440\u0430\u0447\u0438 \u043e\u0431\u0449\u0435\u0439 \u043f\u0440\u0430\u043a\u0442\u0438\u043a\u0438 \u043e\u0431\u043b\u0430\u0434\u0430\u044e\u0442 \u0443\u043d\u0438\u043a\u0430\u043b\u044c\u043d\u043e\u0439 \u043a\u0432\u0430\u043b\u0438\u0444\u0438\u043a\u0430\u0446\u0438\u0435\u0439 \u0434\u043b\u044f \u043e\u043a\u0430\u0437\u0430\u043d\u0438\u044f \u043f\u0435\u0440\u0432\u0438\u0447\u043d\u043e\u0439 \u043c\u0435\u0434\u0438\u043a\u043e-\u0441\u0430\u043d\u0438\u0442\u0430\u0440\u043d\u043e\u0439 \u043f\u043e\u043c\u043e\u0449\u0438 \u0438 \u043d\u0430\u0431\u043b\u044e\u0434\u0435\u043d\u0438\u044f \u0437\u0430 \u043f\u0430\u0446\u0438\u0435\u043d\u0442\u0430\u043c\u0438 \u043d\u0430 \u043f\u0440\u043e\u0442\u044f\u0436\u0435\u043d\u0438\u0438 \u0432\u0441\u0435\u0439 \u0438\u0445 \u0432\u0437\u0440\u043e\u0441\u043b\u043e\u0439 \u0436\u0438\u0437\u043d\u0438. \u041d\u0435\u043a\u043e\u0442\u043e\u0440\u044b\u0435 \u0442\u0435\u0440\u0430\u043f\u0435\u0432\u0442\u044b \u0440\u0430\u0431\u043e\u0442\u0430\u044e\u0442 \u0433\u043e\u0441\u043f\u0438\u0442\u0430\u043b\u0438\u0441\u0442\u0430\u043c\u0438 \u043f\u0435\u0440\u0432\u0438\u0447\u043d\u043e\u0439 \u043f\u043e\u043c\u043e\u0449\u0438 \u0432 \u0431\u043e\u043b\u044c\u043d\u0438\u0446\u0430\u0445; \u0434\u0440\u0443\u0433\u0438\u0435 \u043e\u043a\u0430\u0437\u044b\u0432\u0430\u044e\u0442 \u0442\u043e\u043b\u044c\u043a\u043e \u0430\u043c\u0431\u0443\u043b\u0430\u0442\u043e\u0440\u043d\u0443\u044e \u043f\u043e\u043c\u043e\u0449\u044c. \u0422\u0435\u0440\u0430\u043f\u0435\u0432\u0442\u044b \u0442\u0430\u043a\u0436\u0435 \u043c\u043e\u0433\u0443\u0442 \u0440\u0430\u0431\u043e\u0442\u0430\u0442\u044c \u0432 \u0440\u0435\u0430\u0431\u0438\u043b\u0438\u0442\u0430\u0446\u0438\u043e\u043d\u043d\u044b\u0445 \u0446\u0435\u043d\u0442\u0440\u0430\u0445 \u0438 \u0443\u0447\u0440\u0435\u0436\u0434\u0435\u043d\u0438\u044f\u0445 \u0434\u043b\u0438\u0442\u0435\u043b\u044c\u043d\u043e\u0433\u043e \u0443\u0445\u043e\u0434\u0430.<\/p>","protected":false},"excerpt":{"rendered":"<p>Dahiliye, doktorlar\u0131n \u00e7ok \u00e7e\u015fitli sa\u011fl\u0131k sorunlar\u0131 ve hastal\u0131klar\u0131 olan yeti\u015fkinleri te\u015fhis etmek ve tedavi etmek i\u00e7in bilimsel bilgi ve klinik uzmanl\u0131\u011f\u0131 kulland\u0131klar\u0131 bir t\u0131bbi uzmanl\u0131k alan\u0131d\u0131r. \u0130\u00e7 hastal\u0131klar\u0131 konusunda uzmanla\u015fm\u0131\u015f&hellip;<\/p>","protected":false},"author":1,"featured_media":26981,"parent":0,"menu_order":0,"comment_status":"closed","ping_status":"closed","template":"","meta":{"footnotes":""},"class_list":["post-26978","page","type-page","status-publish","has-post-thumbnail","hentry"],"_links":{"self":[{"href":"https:\/\/rlbhealthagency.com\/ru\/wp-json\/wp\/v2\/pages\/26978","targetHints":{"allow":["GET"]}}],"collection":[{"href":"https:\/\/rlbhealthagency.com\/ru\/wp-json\/wp\/v2\/pages"}],"about":[{"href":"https:\/\/rlbhealthagency.com\/ru\/wp-json\/wp\/v2\/types\/page"}],"author":[{"embeddable":true,"href":"https:\/\/rlbhealthagency.com\/ru\/wp-json\/wp\/v2\/users\/1"}],"replies":[{"embeddable":true,"href":"https:\/\/rlbhealthagency.com\/ru\/wp-json\/wp\/v2\/comments?post=26978"}],"version-history":[{"count":0,"href":"https:\/\/rlbhealthagency.com\/ru\/wp-json\/wp\/v2\/pages\/26978\/revisions"}],"wp:featuredmedia":[{"embeddable":true,"href":"https:\/\/rlbhealthagency.com\/ru\/wp-json\/wp\/v2\/media\/26981"}],"wp:attachment":[{"href":"https:\/\/rlbhealthagency.com\/ru\/wp-json\/wp\/v2\/media?parent=26978"}],"curies":[{"name":"wp","href":"https:\/\/api.w.org\/{rel}","templated":true}]}}