{"id":27006,"date":"2023-02-02T11:39:10","date_gmt":"2023-02-02T11:39:10","guid":{"rendered":"https:\/\/rlbhealthagency.com\/?page_id=27006"},"modified":"2023-05-17T11:59:56","modified_gmt":"2023-05-17T11:59:56","slug":"brain-surgery","status":"publish","type":"page","link":"https:\/\/rlbhealthagency.com\/ru\/brain-surgery\/","title":{"rendered":"\u041e\u043f\u0435\u0440\u0430\u0446\u0438\u044f \u043d\u0430 \u043c\u043e\u0437\u0433\u0435"},"content":{"rendered":"<h1 class=\"wp-block-heading\">\u041e\u043f\u0435\u0440\u0430\u0446\u0438\u044f \u043d\u0430 \u043c\u043e\u0437\u0433\u0435<\/h1>\n\n\n\n<figure class=\"wp-block-image size-large\"><img fetchpriority=\"high\" decoding=\"async\" width=\"1024\" height=\"682\" src=\"https:\/\/rlbhealthagency.com\/wp-content\/uploads\/2023\/02\/surgeons-performing-operation-operation-room_1170-2224-1024x682.webp\" alt=\"\" class=\"wp-image-27007\" srcset=\"https:\/\/rlbhealthagency.com\/wp-content\/uploads\/2023\/02\/surgeons-performing-operation-operation-room_1170-2224-1024x682.webp 1024w, https:\/\/rlbhealthagency.com\/wp-content\/uploads\/2023\/02\/surgeons-performing-operation-operation-room_1170-2224-300x200.webp 300w, https:\/\/rlbhealthagency.com\/wp-content\/uploads\/2023\/02\/surgeons-performing-operation-operation-room_1170-2224-768x512.webp 768w, https:\/\/rlbhealthagency.com\/wp-content\/uploads\/2023\/02\/surgeons-performing-operation-operation-room_1170-2224-18x12.webp 18w, https:\/\/rlbhealthagency.com\/wp-content\/uploads\/2023\/02\/surgeons-performing-operation-operation-room_1170-2224-370x246.webp 370w, https:\/\/rlbhealthagency.com\/wp-content\/uploads\/2023\/02\/surgeons-performing-operation-operation-room_1170-2224-840x559.webp 840w, https:\/\/rlbhealthagency.com\/wp-content\/uploads\/2023\/02\/surgeons-performing-operation-operation-room_1170-2224-410x273.webp 410w, https:\/\/rlbhealthagency.com\/wp-content\/uploads\/2023\/02\/surgeons-performing-operation-operation-room_1170-2224.webp 1060w\" sizes=\"(max-width: 1024px) 100vw, 1024px\" \/><\/figure>\n\n\n\n<p>\u043a\u0440\u0430\u043d\u0438\u043e\u0442\u043e\u043c\u0438\u044f; \u0445\u0438\u0440\u0443\u0440\u0433\u0438\u044f \u2013 \u0433\u043e\u043b\u043e\u0432\u043d\u043e\u0439 \u043c\u043e\u0437\u0433; \u043e\u043f\u0435\u0440\u0430\u0446\u0438\u044f \u043d\u0430 \u043c\u043e\u0437\u0433\u0435; \u041a\u0440\u0430\u043d\u0438\u044d\u043a\u0442\u043e\u043c\u0438\u044f; \u0421\u0442\u0435\u0440\u0435\u043e\u0442\u0430\u043a\u0441\u0438\u0447\u0435\u0441\u043a\u0430\u044f \u043a\u0440\u0430\u043d\u0438\u043e\u0442\u043e\u043c\u0438\u044f; \u0421\u0442\u0435\u0440\u0435\u043e\u0442\u0430\u043a\u0441\u0438\u0447\u0435\u0441\u043a\u0430\u044f \u0431\u0438\u043e\u043f\u0441\u0438\u044f \u0433\u043e\u043b\u043e\u0432\u043d\u043e\u0433\u043e \u043c\u043e\u0437\u0433\u0430; \u044d\u043d\u0434\u043e\u0441\u043a\u043e\u043f\u0438\u0447\u0435\u0441\u043a\u0430\u044f \u0442\u0440\u0435\u043f\u0430\u043d\u0430\u0446\u0438\u044f \u0447\u0435\u0440\u0435\u043f\u0430 \u041d\u0435\u0439\u0440\u043e\u0445\u0438\u0440\u0443\u0440\u0433\u0438\u044f \u2014 \u044d\u0442\u043e \u043e\u043f\u0435\u0440\u0430\u0446\u0438\u044f \u043f\u043e \u043b\u0435\u0447\u0435\u043d\u0438\u044e \u043f\u0440\u043e\u0431\u043b\u0435\u043c \u0432 \u0433\u043e\u043b\u043e\u0432\u043d\u043e\u043c \u043c\u043e\u0437\u0433\u0435 \u0438 \u043e\u043a\u0440\u0443\u0436\u0430\u044e\u0449\u0438\u0445 \u0441\u0442\u0440\u0443\u043a\u0442\u0443\u0440\u0430\u0445. \u041f\u0440\u0438 \u043b\u0435\u0447\u0435\u043d\u0438\u0438 \u0441\u0443\u0431\u0434\u0443\u0440\u0430\u043b\u044c\u043d\u043e\u0439 \u0433\u0435\u043c\u0430\u0442\u043e\u043c\u044b \u043c\u043e\u0436\u0435\u0442 \u043f\u043e\u0442\u0440\u0435\u0431\u043e\u0432\u0430\u0442\u044c\u0441\u044f \u043d\u0435\u0439\u0440\u043e\u0445\u0438\u0440\u0443\u0440\u0433\u0438\u0447\u0435\u0441\u043a\u043e\u0435 \u0432\u043c\u0435\u0448\u0430\u0442\u0435\u043b\u044c\u0441\u0442\u0432\u043e \u0434\u043b\u044f \u0443\u0434\u0430\u043b\u0435\u043d\u0438\u044f \u043a\u0440\u043e\u0432\u0438 \u0438 \u0441\u043d\u0438\u0436\u0435\u043d\u0438\u044f \u0432\u043d\u0443\u0442\u0440\u0438\u0447\u0435\u0440\u0435\u043f\u043d\u043e\u0433\u043e \u0434\u0430\u0432\u043b\u0435\u043d\u0438\u044f. \u0418\u0441\u0445\u043e\u0434 \u043e\u043f\u0435\u0440\u0430\u0446\u0438\u0438 \u0437\u0430\u0432\u0438\u0441\u0438\u0442 \u043e\u0442 \u0438\u0441\u0442\u043e\u0447\u043d\u0438\u043a\u0430, \u0442\u044f\u0436\u0435\u0441\u0442\u0438 \u0438 \u043b\u043e\u043a\u0430\u043b\u0438\u0437\u0430\u0446\u0438\u0438 \u043f\u0440\u043e\u0431\u043b\u0435\u043c\u044b. \u041c\u043e\u0437\u0433 \u0440\u0430\u0441\u043f\u043e\u043b\u043e\u0436\u0435\u043d \u0432\u043d\u0443\u0442\u0440\u0438 \u0447\u0435\u0440\u0435\u043f\u0430. \u0427\u0435\u0440\u0435\u043f \u043f\u0440\u0435\u0434\u0441\u0442\u0430\u0432\u043b\u044f\u0435\u0442 \u0441\u043e\u0431\u043e\u0439 \u043d\u0430\u0431\u043e\u0440 \u043a\u043e\u0441\u0442\u0435\u0439, \u043a\u043e\u0442\u043e\u0440\u044b\u0435 \u0441\u043e\u0441\u0442\u0430\u0432\u043b\u044f\u044e\u0442 \u0447\u0435\u0440\u0435\u043f \u0438 \u0437\u0430\u0449\u0438\u0449\u0430\u044e\u0442 \u0438 \u0443\u0434\u0435\u0440\u0436\u0438\u0432\u0430\u044e\u0442 \u043c\u043e\u0437\u0433. \u041f\u0440\u0438 \u043b\u0435\u0447\u0435\u043d\u0438\u0438 \u0441\u0443\u0431\u0434\u0443\u0440\u0430\u043b\u044c\u043d\u043e\u0439 \u0433\u0435\u043c\u0430\u0442\u043e\u043c\u044b \u043c\u043e\u0436\u0435\u0442 \u043f\u043e\u0442\u0440\u0435\u0431\u043e\u0432\u0430\u0442\u044c\u0441\u044f \u043d\u0435\u0439\u0440\u043e\u0445\u0438\u0440\u0443\u0440\u0433\u0438\u0447\u0435\u0441\u043a\u043e\u0435 \u0432\u043c\u0435\u0448\u0430\u0442\u0435\u043b\u044c\u0441\u0442\u0432\u043e \u0434\u043b\u044f \u0443\u0434\u0430\u043b\u0435\u043d\u0438\u044f \u043a\u0440\u043e\u0432\u0438 \u0438 \u0441\u043d\u0438\u0436\u0435\u043d\u0438\u044f \u0432\u043d\u0443\u0442\u0440\u0438\u0447\u0435\u0440\u0435\u043f\u043d\u043e\u0433\u043e \u0434\u0430\u0432\u043b\u0435\u043d\u0438\u044f. \u0418\u0441\u0445\u043e\u0434 \u043e\u043f\u0435\u0440\u0430\u0446\u0438\u0438 \u0437\u0430\u0432\u0438\u0441\u0438\u0442 \u043e\u0442 \u0438\u0441\u0442\u043e\u0447\u043d\u0438\u043a\u0430, \u0442\u044f\u0436\u0435\u0441\u0442\u0438 \u0438 \u043b\u043e\u043a\u0430\u043b\u0438\u0437\u0430\u0446\u0438\u0438 \u043f\u0440\u043e\u0431\u043b\u0435\u043c\u044b. \u041c\u043e\u0437\u0433 \u0440\u0430\u0441\u043f\u043e\u043b\u043e\u0436\u0435\u043d \u0432\u043d\u0443\u0442\u0440\u0438 \u0447\u0435\u0440\u0435\u043f\u0430. \u0427\u0435\u0440\u0435\u043f \u043f\u0440\u0435\u0434\u0441\u0442\u0430\u0432\u043b\u044f\u0435\u0442 \u0441\u043e\u0431\u043e\u0439 \u043d\u0430\u0431\u043e\u0440 \u043a\u043e\u0441\u0442\u0435\u0439, \u043a\u043e\u0442\u043e\u0440\u044b\u0435 \u0441\u043e\u0441\u0442\u0430\u0432\u043b\u044f\u044e\u0442 \u0447\u0435\u0440\u0435\u043f \u0438 \u0437\u0430\u0449\u0438\u0449\u0430\u044e\u0442 \u0438 \u0443\u0434\u0435\u0440\u0436\u0438\u0432\u0430\u044e\u0442 \u043c\u043e\u0437\u0433. \u041f\u0440\u0438 \u043b\u0435\u0447\u0435\u043d\u0438\u0438 \u0441\u0443\u0431\u0434\u0443\u0440\u0430\u043b\u044c\u043d\u043e\u0439 \u0433\u0435\u043c\u0430\u0442\u043e\u043c\u044b \u043c\u043e\u0436\u0435\u0442 \u043f\u043e\u0442\u0440\u0435\u0431\u043e\u0432\u0430\u0442\u044c\u0441\u044f \u043d\u0435\u0439\u0440\u043e\u0445\u0438\u0440\u0443\u0440\u0433\u0438\u0447\u0435\u0441\u043a\u043e\u0435 \u0432\u043c\u0435\u0448\u0430\u0442\u0435\u043b\u044c\u0441\u0442\u0432\u043e \u0434\u043b\u044f \u0443\u0434\u0430\u043b\u0435\u043d\u0438\u044f \u043a\u0440\u043e\u0432\u0438 \u0438 \u0441\u043d\u0438\u0436\u0435\u043d\u0438\u044f \u0432\u043d\u0443\u0442\u0440\u0438\u0447\u0435\u0440\u0435\u043f\u043d\u043e\u0433\u043e \u0434\u0430\u0432\u043b\u0435\u043d\u0438\u044f. \u0418\u0441\u0445\u043e\u0434 \u043e\u043f\u0435\u0440\u0430\u0446\u0438\u0438 \u0437\u0430\u0432\u0438\u0441\u0438\u0442 \u043e\u0442 \u0438\u0441\u0442\u043e\u0447\u043d\u0438\u043a\u0430, \u0442\u044f\u0436\u0435\u0441\u0442\u0438 \u0438 \u043b\u043e\u043a\u0430\u043b\u0438\u0437\u0430\u0446\u0438\u0438 \u043f\u0440\u043e\u0431\u043b\u0435\u043c\u044b. \u041c\u043e\u0437\u0433 \u0440\u0430\u0441\u043f\u043e\u043b\u043e\u0436\u0435\u043d \u0432\u043d\u0443\u0442\u0440\u0438 \u0447\u0435\u0440\u0435\u043f\u0430. \u0427\u0435\u0440\u0435\u043f \u043f\u0440\u0435\u0434\u0441\u0442\u0430\u0432\u043b\u044f\u0435\u0442 \u0441\u043e\u0431\u043e\u0439 \u043d\u0430\u0431\u043e\u0440 \u043a\u043e\u0441\u0442\u0435\u0439, \u043a\u043e\u0442\u043e\u0440\u044b\u0435 \u0441\u043e\u0441\u0442\u0430\u0432\u043b\u044f\u044e\u0442 \u0447\u0435\u0440\u0435\u043f \u0438 \u0437\u0430\u0449\u0438\u0449\u0430\u044e\u0442 \u0438 \u0443\u0434\u0435\u0440\u0436\u0438\u0432\u0430\u044e\u0442 \u043c\u043e\u0437\u0433.<\/p>","protected":false},"excerpt":{"rendered":"<p>Beyin ameliyat\u0131 Kraniotomi;\u00a0cerrahi &#8211; beyin;\u00a0beyin cerrahisi;\u00a0Kraniyektomi;\u00a0Stereotaktik kraniotomi;\u00a0Stereotaktik beyin biyopsisi;\u00a0endoskopik kraniyotomi Beyin cerrahisi, beyindeki ve \u00e7evresindeki yap\u0131lardaki sorunlar\u0131 tedavi etmek i\u00e7in yap\u0131lan bir ameliyatt\u0131r. Subdural hematomun tedavisinde kan\u0131 uzakla\u015ft\u0131rmak ve kafa&hellip;<\/p>","protected":false},"author":1,"featured_media":27007,"parent":0,"menu_order":0,"comment_status":"closed","ping_status":"closed","template":"","meta":{"footnotes":""},"class_list":["post-27006","page","type-page","status-publish","has-post-thumbnail","hentry"],"_links":{"self":[{"href":"https:\/\/rlbhealthagency.com\/ru\/wp-json\/wp\/v2\/pages\/27006","targetHints":{"allow":["GET"]}}],"collection":[{"href":"https:\/\/rlbhealthagency.com\/ru\/wp-json\/wp\/v2\/pages"}],"about":[{"href":"https:\/\/rlbhealthagency.com\/ru\/wp-json\/wp\/v2\/types\/page"}],"author":[{"embeddable":true,"href":"https:\/\/rlbhealthagency.com\/ru\/wp-json\/wp\/v2\/users\/1"}],"replies":[{"embeddable":true,"href":"https:\/\/rlbhealthagency.com\/ru\/wp-json\/wp\/v2\/comments?post=27006"}],"version-history":[{"count":0,"href":"https:\/\/rlbhealthagency.com\/ru\/wp-json\/wp\/v2\/pages\/27006\/revisions"}],"wp:featuredmedia":[{"embeddable":true,"href":"https:\/\/rlbhealthagency.com\/ru\/wp-json\/wp\/v2\/media\/27007"}],"wp:attachment":[{"href":"https:\/\/rlbhealthagency.com\/ru\/wp-json\/wp\/v2\/media?parent=27006"}],"curies":[{"name":"wp","href":"https:\/\/api.w.org\/{rel}","templated":true}]}}