{"id":27009,"date":"2023-02-02T11:56:10","date_gmt":"2023-02-02T11:56:10","guid":{"rendered":"https:\/\/rlbhealthagency.com\/?page_id=27009"},"modified":"2023-05-17T12:02:38","modified_gmt":"2023-05-17T12:02:38","slug":"plastic-surgery","status":"publish","type":"page","link":"https:\/\/rlbhealthagency.com\/ru\/plastic-surgery\/","title":{"rendered":"\u041f\u043b\u0430\u0441\u0442\u0438\u0447\u0435\u0441\u043a\u0430\u044f \u0445\u0438\u0440\u0443\u0440\u0433\u0438\u044f"},"content":{"rendered":"<p><strong>\u041f\u043b\u0430\u0441\u0442\u0438\u0447\u0435\u0441\u043a\u0430\u044f \u0445\u0438\u0440\u0443\u0440\u0433\u0438\u044f \u0438\u0441\u043f\u043e\u043b\u044c\u0437\u0443\u0435\u0442\u0441\u044f \u0434\u043b\u044f \u0432\u043e\u0441\u0441\u0442\u0430\u043d\u043e\u0432\u043b\u0435\u043d\u0438\u044f \u0438 \u0432\u043e\u0441\u0441\u0442\u0430\u043d\u043e\u0432\u043b\u0435\u043d\u0438\u044f \u043e\u0442\u0441\u0443\u0442\u0441\u0442\u0432\u0443\u044e\u0449\u0438\u0445 \u0438\u043b\u0438 \u043f\u043e\u0432\u0440\u0435\u0436\u0434\u0435\u043d\u043d\u044b\u0445 \u0442\u043a\u0430\u043d\u0435\u0439 \u0438 \u043a\u043e\u0436\u0438.<\/strong><\/p>\n\n\n\n<p>\u041e\u0441\u043d\u043e\u0432\u043d\u043e\u0439 \u0446\u0435\u043b\u044c\u044e \u043f\u043b\u0430\u0441\u0442\u0438\u0447\u0435\u0441\u043a\u043e\u0439 \u0445\u0438\u0440\u0443\u0440\u0433\u0438\u0438 \u044f\u0432\u043b\u044f\u0435\u0442\u0441\u044f \u0432\u043e\u0441\u0441\u0442\u0430\u043d\u043e\u0432\u043b\u0435\u043d\u0438\u0435 \u0444\u0443\u043d\u043a\u0446\u0438\u0439 \u0438 \u0432\u043d\u0435\u0448\u043d\u0435\u0433\u043e \u0432\u0438\u0434\u0430 \u0442\u043a\u0430\u043d\u0435\u0439 \u0438 \u043a\u043e\u0436\u0438, \u043c\u0430\u043a\u0441\u0438\u043c\u0430\u043b\u044c\u043d\u043e \u043f\u0440\u0438\u0431\u043b\u0438\u0436\u0435\u043d\u043d\u044b\u0445 \u043a \u043d\u043e\u0440\u043c\u0435.<\/p>\n\n\n\n<p>\u041f\u043b\u0430\u0441\u0442\u0438\u0447\u0435\u0441\u043a\u0430\u044f \u0445\u0438\u0440\u0443\u0440\u0433\u0438\u044f \u043e\u0442\u043b\u0438\u0447\u0430\u0435\u0442\u0441\u044f \u043e\u0442 \u043a\u043e\u0441\u043c\u0435\u0442\u0438\u0447\u0435\u0441\u043a\u043e\u0439 \u0445\u0438\u0440\u0443\u0440\u0433\u0438\u0438, \u043a\u043e\u0442\u043e\u0440\u0430\u044f \u043f\u0440\u043e\u0432\u043e\u0434\u0438\u0442\u0441\u044f \u0438\u0441\u043a\u043b\u044e\u0447\u0438\u0442\u0435\u043b\u044c\u043d\u043e \u0434\u043b\u044f \u0438\u0437\u043c\u0435\u043d\u0435\u043d\u0438\u044f \u0432\u043d\u0435\u0448\u043d\u043e\u0441\u0442\u0438 \u0447\u0435\u043b\u043e\u0432\u0435\u043a\u0430, \u0447\u0442\u043e\u0431\u044b \u0434\u043e\u0431\u0438\u0442\u044c\u0441\u044f \u0442\u043e\u0433\u043e, \u0447\u0442\u043e \u043e\u043d \u0441\u0447\u0438\u0442\u0430\u0435\u0442 \u0431\u043e\u043b\u0435\u0435 \u0436\u0435\u043b\u0430\u0442\u0435\u043b\u044c\u043d\u044b\u043c.<\/p>\n\n\n\n<figure class=\"wp-block-image size-large\"><img fetchpriority=\"high\" decoding=\"async\" width=\"1024\" height=\"780\" src=\"https:\/\/rlbhealthagency.com\/wp-content\/uploads\/2023\/02\/two-young-thick-thin-women-have-different-figures-comparison-concept-1024x780.webp\" alt=\"\" class=\"wp-image-27010\" srcset=\"https:\/\/rlbhealthagency.com\/wp-content\/uploads\/2023\/02\/two-young-thick-thin-women-have-different-figures-comparison-concept-1024x780.webp 1024w, https:\/\/rlbhealthagency.com\/wp-content\/uploads\/2023\/02\/two-young-thick-thin-women-have-different-figures-comparison-concept-300x229.webp 300w, https:\/\/rlbhealthagency.com\/wp-content\/uploads\/2023\/02\/two-young-thick-thin-women-have-different-figures-comparison-concept-768x585.webp 768w, https:\/\/rlbhealthagency.com\/wp-content\/uploads\/2023\/02\/two-young-thick-thin-women-have-different-figures-comparison-concept-1536x1170.webp 1536w, https:\/\/rlbhealthagency.com\/wp-content\/uploads\/2023\/02\/two-young-thick-thin-women-have-different-figures-comparison-concept-2048x1560.webp 2048w, https:\/\/rlbhealthagency.com\/wp-content\/uploads\/2023\/02\/two-young-thick-thin-women-have-different-figures-comparison-concept-16x12.webp 16w, https:\/\/rlbhealthagency.com\/wp-content\/uploads\/2023\/02\/two-young-thick-thin-women-have-different-figures-comparison-concept-370x282.webp 370w, https:\/\/rlbhealthagency.com\/wp-content\/uploads\/2023\/02\/two-young-thick-thin-women-have-different-figures-comparison-concept-840x640.webp 840w, https:\/\/rlbhealthagency.com\/wp-content\/uploads\/2023\/02\/two-young-thick-thin-women-have-different-figures-comparison-concept-410x312.webp 410w\" sizes=\"(max-width: 1024px) 100vw, 1024px\" \/><\/figure>","protected":false},"excerpt":{"rendered":"<p>Plastik cerrahi, eksik veya hasarl\u0131 doku ve cildi onarmak ve yeniden yap\u0131land\u0131rmak i\u00e7in kullan\u0131l\u0131r. Estetik cerrahinin temel amac\u0131, doku ve derinin i\u015flevini ve g\u00f6r\u00fcn\u00fcm\u00fcn\u00fc m\u00fcmk\u00fcn oldu\u011funca normale yak\u0131n hale getirmektir.&hellip;<\/p>","protected":false},"author":1,"featured_media":27010,"parent":0,"menu_order":0,"comment_status":"closed","ping_status":"closed","template":"","meta":{"footnotes":""},"class_list":["post-27009","page","type-page","status-publish","has-post-thumbnail","hentry"],"_links":{"self":[{"href":"https:\/\/rlbhealthagency.com\/ru\/wp-json\/wp\/v2\/pages\/27009","targetHints":{"allow":["GET"]}}],"collection":[{"href":"https:\/\/rlbhealthagency.com\/ru\/wp-json\/wp\/v2\/pages"}],"about":[{"href":"https:\/\/rlbhealthagency.com\/ru\/wp-json\/wp\/v2\/types\/page"}],"author":[{"embeddable":true,"href":"https:\/\/rlbhealthagency.com\/ru\/wp-json\/wp\/v2\/users\/1"}],"replies":[{"embeddable":true,"href":"https:\/\/rlbhealthagency.com\/ru\/wp-json\/wp\/v2\/comments?post=27009"}],"version-history":[{"count":0,"href":"https:\/\/rlbhealthagency.com\/ru\/wp-json\/wp\/v2\/pages\/27009\/revisions"}],"wp:featuredmedia":[{"embeddable":true,"href":"https:\/\/rlbhealthagency.com\/ru\/wp-json\/wp\/v2\/media\/27010"}],"wp:attachment":[{"href":"https:\/\/rlbhealthagency.com\/ru\/wp-json\/wp\/v2\/media?parent=27009"}],"curies":[{"name":"wp","href":"https:\/\/api.w.org\/{rel}","templated":true}]}}