{"id":27018,"date":"2023-02-02T12:38:12","date_gmt":"2023-02-02T12:38:12","guid":{"rendered":"https:\/\/rlbhealthagency.com\/?page_id=27018"},"modified":"2023-05-17T12:02:52","modified_gmt":"2023-05-17T12:02:52","slug":"radiology","status":"publish","type":"page","link":"https:\/\/rlbhealthagency.com\/ru\/radiology\/","title":{"rendered":"\u0420\u0430\u0434\u0438\u043e\u043b\u043e\u0433\u0438\u044f"},"content":{"rendered":"<h2 class=\"wp-block-heading\">\u0427\u0442\u043e \u0442\u0430\u043a\u043e\u0435 \u0440\u0430\u0434\u0438\u043e\u043b\u043e\u0433\u0438\u044f?<\/h2>\n\n\n\n<figure class=\"wp-block-image size-full\"><img fetchpriority=\"high\" decoding=\"async\" width=\"740\" height=\"416\" src=\"https:\/\/rlbhealthagency.com\/wp-content\/uploads\/2023\/02\/doctor-with-coronavirus-patient-s-x-ray-film_53876-143047.jpg\" alt=\"\" class=\"wp-image-27019\" srcset=\"https:\/\/rlbhealthagency.com\/wp-content\/uploads\/2023\/02\/doctor-with-coronavirus-patient-s-x-ray-film_53876-143047.jpg 740w, https:\/\/rlbhealthagency.com\/wp-content\/uploads\/2023\/02\/doctor-with-coronavirus-patient-s-x-ray-film_53876-143047-300x169.jpg 300w, https:\/\/rlbhealthagency.com\/wp-content\/uploads\/2023\/02\/doctor-with-coronavirus-patient-s-x-ray-film_53876-143047-18x10.jpg 18w, https:\/\/rlbhealthagency.com\/wp-content\/uploads\/2023\/02\/doctor-with-coronavirus-patient-s-x-ray-film_53876-143047-370x208.jpg 370w, https:\/\/rlbhealthagency.com\/wp-content\/uploads\/2023\/02\/doctor-with-coronavirus-patient-s-x-ray-film_53876-143047-410x230.jpg 410w, https:\/\/rlbhealthagency.com\/wp-content\/uploads\/2023\/02\/doctor-with-coronavirus-patient-s-x-ray-film_53876-143047-270x152.jpg 270w\" sizes=\"(max-width: 740px) 100vw, 740px\" \/><\/figure>\n\n\n\n<p>\u0420\u0430\u0434\u0438\u043e\u043b\u043e\u0433\u0438\u044f, \u0442\u0430\u043a\u0436\u0435 \u0438\u0437\u0432\u0435\u0441\u0442\u043d\u0430\u044f \u043a\u0430\u043a \u0434\u0438\u0430\u0433\u043d\u043e\u0441\u0442\u0438\u0447\u0435\u0441\u043a\u0430\u044f \u0432\u0438\u0437\u0443\u0430\u043b\u0438\u0437\u0430\u0446\u0438\u044f, \u043f\u0440\u0435\u0434\u0441\u0442\u0430\u0432\u043b\u044f\u0435\u0442 \u0441\u043e\u0431\u043e\u0439 \u0441\u0435\u0440\u0438\u044e \u0442\u0435\u0441\u0442\u043e\u0432, \u043a\u043e\u0442\u043e\u0440\u044b\u0435 \u0434\u0435\u043b\u0430\u044e\u0442 \u0441\u043d\u0438\u043c\u043a\u0438 \u0438\u043b\u0438 \u0438\u0437\u043e\u0431\u0440\u0430\u0436\u0435\u043d\u0438\u044f \u0447\u0430\u0441\u0442\u0435\u0439 \u0442\u0435\u043b\u0430. \u042d\u0442\u0430 \u043e\u0431\u043b\u0430\u0441\u0442\u044c \u043e\u0445\u0432\u0430\u0442\u044b\u0432\u0430\u0435\u0442 \u0434\u0432\u0435 \u043e\u0431\u043b\u0430\u0441\u0442\u0438 (\u0434\u0438\u0430\u0433\u043d\u043e\u0441\u0442\u0438\u0447\u0435\u0441\u043a\u0430\u044f \u0440\u0430\u0434\u0438\u043e\u043b\u043e\u0433\u0438\u044f \u0438 \u0438\u043d\u0442\u0435\u0440\u0432\u0435\u043d\u0446\u0438\u043e\u043d\u043d\u0430\u044f \u0440\u0430\u0434\u0438\u043e\u043b\u043e\u0433\u0438\u044f), \u043e\u0431\u0435 \u0438\u0437 \u043a\u043e\u0442\u043e\u0440\u044b\u0445 \u0438\u0441\u043f\u043e\u043b\u044c\u0437\u0443\u044e\u0442 \u043b\u0443\u0447\u0438\u0441\u0442\u0443\u044e \u044d\u043d\u0435\u0440\u0433\u0438\u044e \u0434\u043b\u044f \u0434\u0438\u0430\u0433\u043d\u043e\u0441\u0442\u0438\u043a\u0438 \u0438 \u043b\u0435\u0447\u0435\u043d\u0438\u044f \u0437\u0430\u0431\u043e\u043b\u0435\u0432\u0430\u043d\u0438\u0439. \u0425\u043e\u0442\u044f \u0441\u0443\u0449\u0435\u0441\u0442\u0432\u0443\u0435\u0442 \u043d\u0435\u0441\u043a\u043e\u043b\u044c\u043a\u043e \u0440\u0430\u0437\u043b\u0438\u0447\u043d\u044b\u0445 \u0432\u0438\u0437\u0443\u0430\u043b\u0438\u0437\u0438\u0440\u0443\u044e\u0449\u0438\u0445 \u0438\u0441\u0441\u043b\u0435\u0434\u043e\u0432\u0430\u043d\u0438\u0439, \u043d\u0430\u0438\u0431\u043e\u043b\u0435\u0435 \u0440\u0430\u0441\u043f\u0440\u043e\u0441\u0442\u0440\u0430\u043d\u0435\u043d\u043d\u044b\u043c\u0438 \u044f\u0432\u043b\u044f\u044e\u0442\u0441\u044f \u0440\u0435\u043d\u0442\u0433\u0435\u043d, \u041c\u0420\u0422, \u0423\u0417\u0418, \u043a\u043e\u043c\u043f\u044c\u044e\u0442\u0435\u0440\u043d\u0430\u044f \u0442\u043e\u043c\u043e\u0433\u0440\u0430\u0444\u0438\u044f \u0438 \u041f\u042d\u0422.<\/p>\n\n\n\n<p>\u0420\u0435\u043d\u0442\u0433\u0435\u043d\u043e\u043b\u043e\u0433 \u0440\u0430\u0441\u0441\u043c\u043e\u0442\u0440\u0438\u0442 \u0440\u0435\u0437\u0443\u043b\u044c\u0442\u0430\u0442 \u043a\u043e\u043d\u043a\u0440\u0435\u0442\u043d\u043e\u0433\u043e \u0442\u0435\u0441\u0442\u0430 \u0432\u0438\u0437\u0443\u0430\u043b\u0438\u0437\u0430\u0446\u0438\u0438, \u0447\u0442\u043e\u0431\u044b \u043d\u0430\u0439\u0442\u0438 \u0441\u043e\u043e\u0442\u0432\u0435\u0442\u0441\u0442\u0432\u0443\u044e\u0449\u0435\u0435 \u0438\u0437\u043e\u0431\u0440\u0430\u0436\u0435\u043d\u0438\u0435, \u043a\u043e\u0442\u043e\u0440\u043e\u0435 \u043e\u0446\u0435\u043d\u0438\u0432\u0430\u0435\u0442 \u0438 \u043f\u043e\u0434\u0434\u0435\u0440\u0436\u0438\u0432\u0430\u0435\u0442 \u0434\u0438\u0430\u0433\u043d\u043e\u0437. \u042d\u0442\u0438 \u043b\u044e\u0434\u0438 \u0447\u0430\u0441\u0442\u043e \u044f\u0432\u043b\u044f\u044e\u0442\u0441\u044f \u0443\u0437\u043a\u043e\u0441\u043f\u0435\u0446\u0438\u0430\u043b\u0438\u0437\u0438\u0440\u043e\u0432\u0430\u043d\u043d\u044b\u043c\u0438 \u043f\u0440\u0430\u043a\u0442\u0438\u043a\u0443\u044e\u0449\u0438\u043c\u0438 \u0432\u0440\u0430\u0447\u0430\u043c\u0438 (MD), \u043a\u043e\u0442\u043e\u0440\u044b\u0435 \u0441\u043e\u0441\u0440\u0435\u0434\u043e\u0442\u043e\u0447\u0435\u043d\u044b \u043d\u0430 \u0438\u043d\u0442\u0435\u0440\u043f\u0440\u0435\u0442\u0430\u0446\u0438\u0438 \u043c\u0435\u0434\u0438\u0446\u0438\u043d\u0441\u043a\u0438\u0445 \u0438\u0437\u043e\u0431\u0440\u0430\u0436\u0435\u043d\u0438\u0439. \u0420\u0430\u0434\u0438\u043e\u043b\u043e\u0433\u0438\u0447\u0435\u0441\u043a\u0438\u0435 \u0442\u0435\u0445\u043d\u043e\u043b\u043e\u0433\u0438 \u0442\u0430\u043a\u0436\u0435 \u043f\u043e\u043c\u043e\u0433\u0430\u044e\u0442 \u0432 \u044d\u0442\u043e\u043c \u043f\u0440\u043e\u0446\u0435\u0441\u0441\u0435, \u043f\u043e\u0441\u043a\u043e\u043b\u044c\u043a\u0443 \u043e\u043d\u0438 \u0443\u043f\u0440\u0430\u0432\u043b\u044f\u044e\u0442 \u043c\u0430\u0448\u0438\u043d\u0430\u043c\u0438 \u0432\u043e \u0432\u0440\u0435\u043c\u044f \u0441\u043e\u0437\u0434\u0430\u043d\u0438\u044f \u0438\u0437\u043e\u0431\u0440\u0430\u0436\u0435\u043d\u0438\u044f. \u041f\u043e\u0441\u043b\u0435 \u0442\u043e\u0433\u043e, \u043a\u0430\u043a \u043f\u0430\u0446\u0438\u0435\u043d\u0442 \u043f\u0440\u043e\u0439\u0434\u0435\u0442 \u0432\u0438\u0437\u0443\u0430\u043b\u0438\u0437\u0438\u0440\u0443\u044e\u0449\u0438\u0435 \u0442\u0435\u0441\u0442\u044b, \u0440\u0435\u043d\u0442\u0433\u0435\u043d\u043e\u043b\u043e\u0433\u0438 \u043f\u0440\u0435\u0434\u043e\u0441\u0442\u0430\u0432\u044f\u0442 \u043e\u0442\u0447\u0435\u0442\u044b \u0441\u043e \u0441\u0432\u043e\u0438\u043c\u0438 \u043a\u043e\u043c\u043c\u0435\u043d\u0442\u0430\u0440\u0438\u044f\u043c\u0438 \u043b\u0435\u0447\u0430\u0449\u0438\u043c \u0432\u0440\u0430\u0447\u0430\u043c.<\/p>\n\n\n\n<p>\u0414\u0438\u0430\u0433\u043d\u043e\u0441\u0442\u0438\u0447\u0435\u0441\u043a\u0430\u044f \u0440\u0430\u0434\u0438\u043e\u043b\u043e\u0433\u0438\u044f \u0438\u0441\u043f\u043e\u043b\u044c\u0437\u0443\u0435\u0442 \u044d\u0442\u0438 \u0440\u0435\u0437\u0443\u043b\u044c\u0442\u0430\u0442\u044b \u0432\u0438\u0437\u0443\u0430\u043b\u0438\u0437\u0430\u0446\u0438\u0438 \u0434\u043b\u044f \u0432\u044b\u044f\u0432\u043b\u0435\u043d\u0438\u044f \u0448\u0438\u0440\u043e\u043a\u043e\u0433\u043e \u0441\u043f\u0435\u043a\u0442\u0440\u0430 \u043f\u0440\u043e\u0431\u043b\u0435\u043c, \u043e\u0442 \u0441\u043b\u043e\u043c\u0430\u043d\u043d\u044b\u0445 \u043a\u043e\u0441\u0442\u0435\u0439 \u0434\u043e \u0441\u0435\u0440\u0434\u0435\u0447\u043d\u044b\u0445 \u0437\u0430\u0431\u043e\u043b\u0435\u0432\u0430\u043d\u0438\u0439 \u0438 \u0442\u0440\u043e\u043c\u0431\u043e\u0432. \u0418\u043d\u0442\u0435\u0440\u0432\u0435\u043d\u0446\u0438\u043e\u043d\u043d\u0430\u044f \u0440\u0430\u0434\u0438\u043e\u043b\u043e\u0433\u0438\u044f \u0442\u0430\u043a\u0436\u0435 \u0438\u0441\u043f\u043e\u043b\u044c\u0437\u0443\u0435\u0442 \u0438\u0437\u043e\u0431\u0440\u0430\u0436\u0435\u043d\u0438\u044f, \u0442\u0430\u043a\u0438\u0435 \u043a\u0430\u043a \u043a\u043e\u043c\u043f\u044c\u044e\u0442\u0435\u0440\u043d\u0430\u044f \u0442\u043e\u043c\u043e\u0433\u0440\u0430\u0444\u0438\u044f, \u041c\u0420\u0422 \u0438 \u0443\u043b\u044c\u0442\u0440\u0430\u0437\u0432\u0443\u043a, \u0434\u043b\u044f \u0440\u0443\u043a\u043e\u0432\u043e\u0434\u0441\u0442\u0432\u0430 \u043c\u0435\u0434\u0438\u0446\u0438\u043d\u0441\u043a\u0438\u043c\u0438 \u043f\u0440\u043e\u0446\u0435\u0434\u0443\u0440\u0430\u043c\u0438. \u041f\u0440\u0438 \u043b\u0435\u0447\u0435\u043d\u0438\u0438 \u0440\u0430\u043a\u0430, \u0431\u043e\u043b\u0435\u0439 \u0432 \u0441\u043f\u0438\u043d\u0435 \u0438\u043b\u0438 \u043f\u0440\u043e\u0431\u043b\u0435\u043c \u0441 \u043f\u0435\u0447\u0435\u043d\u044c\u044e \u0438 \u043f\u043e\u0447\u043a\u0430\u043c\u0438 \u043f\u0430\u0446\u0438\u0435\u043d\u0442\u044b \u0447\u0430\u0441\u0442\u043e \u043d\u0435 \u0441\u043f\u044f\u0442 \u0432\u043e \u0432\u0440\u0435\u043c\u044f \u044d\u0442\u0438\u0445 \u043f\u0440\u043e\u0446\u0435\u0434\u0443\u0440. \u0412 \u043d\u0435\u043a\u043e\u0442\u043e\u0440\u044b\u0445 \u0441\u043b\u0443\u0447\u0430\u044f\u0445 \u0438\u043d\u0442\u0435\u0440\u0432\u0435\u043d\u0446\u0438\u043e\u043d\u043d\u0430\u044f \u0440\u0430\u0434\u0438\u043e\u043b\u043e\u0433\u0438\u044f \u0443\u0441\u0442\u0440\u0430\u043d\u044f\u0435\u0442 \u043d\u0435\u043e\u0431\u0445\u043e\u0434\u0438\u043c\u043e\u0441\u0442\u044c \u0432 \u0445\u0438\u0440\u0443\u0440\u0433\u0438\u0447\u0435\u0441\u043a\u043e\u043c \u0432\u043c\u0435\u0448\u0430\u0442\u0435\u043b\u044c\u0441\u0442\u0432\u0435 \u0438 \u043e\u0431\u044a\u0435\u043c\u0435.<\/p>","protected":false},"excerpt":{"rendered":"<p>Radyoloji Nedir? Tan\u0131sal g\u00f6r\u00fcnt\u00fcleme olarak da bilinen radyoloji, v\u00fccudun b\u00f6l\u00fcmlerinin resimlerini veya g\u00f6r\u00fcnt\u00fclerini alan bir dizi testtir.&nbsp;Bu alan, her ikisi de hastal\u0131klar\u0131 te\u015fhis etmek ve tedavi etmek i\u00e7in radyant enerji&hellip;<\/p>","protected":false},"author":1,"featured_media":27019,"parent":0,"menu_order":0,"comment_status":"closed","ping_status":"closed","template":"","meta":{"footnotes":""},"class_list":["post-27018","page","type-page","status-publish","has-post-thumbnail","hentry"],"_links":{"self":[{"href":"https:\/\/rlbhealthagency.com\/ru\/wp-json\/wp\/v2\/pages\/27018","targetHints":{"allow":["GET"]}}],"collection":[{"href":"https:\/\/rlbhealthagency.com\/ru\/wp-json\/wp\/v2\/pages"}],"about":[{"href":"https:\/\/rlbhealthagency.com\/ru\/wp-json\/wp\/v2\/types\/page"}],"author":[{"embeddable":true,"href":"https:\/\/rlbhealthagency.com\/ru\/wp-json\/wp\/v2\/users\/1"}],"replies":[{"embeddable":true,"href":"https:\/\/rlbhealthagency.com\/ru\/wp-json\/wp\/v2\/comments?post=27018"}],"version-history":[{"count":0,"href":"https:\/\/rlbhealthagency.com\/ru\/wp-json\/wp\/v2\/pages\/27018\/revisions"}],"wp:featuredmedia":[{"embeddable":true,"href":"https:\/\/rlbhealthagency.com\/ru\/wp-json\/wp\/v2\/media\/27019"}],"wp:attachment":[{"href":"https:\/\/rlbhealthagency.com\/ru\/wp-json\/wp\/v2\/media?parent=27018"}],"curies":[{"name":"wp","href":"https:\/\/api.w.org\/{rel}","templated":true}]}}