{"id":27371,"date":"2023-05-08T08:16:15","date_gmt":"2023-05-08T08:16:15","guid":{"rendered":"https:\/\/rlbhealthagency.com\/?page_id=27371"},"modified":"2023-05-17T12:01:10","modified_gmt":"2023-05-17T12:01:10","slug":"dentist","status":"publish","type":"page","link":"https:\/\/rlbhealthagency.com\/ru\/dentist\/","title":{"rendered":"\u0637\u0628 \u0627\u0644\u0623\u0633\u0646\u0627\u0646"},"content":{"rendered":"<h3 class=\"wp-block-heading\" id=\"what-is-a-dentist-\">\u0427\u0442\u043e \u0442\u0430\u043a\u043e\u0435 \u0434\u0430\u043d\u0442\u0438\u0441\u0442?<\/h3>\n\n\n\n<p>\u0421\u0442\u043e\u043c\u0430\u0442\u043e\u043b\u043e\u0433, \u043a\u043e\u0442\u043e\u0440\u043e\u0433\u043e \u0438\u043d\u043e\u0433\u0434\u0430 \u043d\u0430\u0437\u044b\u0432\u0430\u044e\u0442 \u0441\u0442\u043e\u043c\u0430\u0442\u043e\u043b\u043e\u0433\u043e\u043c \u043e\u0431\u0449\u0435\u0433\u043e \u043f\u0440\u043e\u0444\u0438\u043b\u044f \u0438\u043b\u0438 \u0441\u0435\u043c\u0435\u0439\u043d\u044b\u043c \u0441\u0442\u043e\u043c\u0430\u0442\u043e\u043b\u043e\u0433\u043e\u043c, \u044f\u0432\u043b\u044f\u0435\u0442\u0441\u044f \u043f\u043e\u0441\u0442\u0430\u0432\u0449\u0438\u043a\u043e\u043c \u043c\u0435\u0434\u0438\u0446\u0438\u043d\u0441\u043a\u0438\u0445 \u0443\u0441\u043b\u0443\u0433, \u043a\u043e\u0442\u043e\u0440\u044b\u0439 \u0434\u0438\u0430\u0433\u043d\u043e\u0441\u0442\u0438\u0440\u0443\u0435\u0442 \u0438 \u043b\u0435\u0447\u0438\u0442 \u0437\u0430\u0431\u043e\u043b\u0435\u0432\u0430\u043d\u0438\u044f \u043f\u043e\u043b\u043e\u0441\u0442\u0438 \u0440\u0442\u0430. \u0421\u0442\u043e\u043c\u0430\u0442\u043e\u043b\u043e\u0433\u0438 \u043f\u043e\u043c\u043e\u0433\u0443\u0442 \u0432\u0430\u043c \u0441\u043e\u0445\u0440\u0430\u043d\u0438\u0442\u044c \u0437\u0434\u043e\u0440\u043e\u0432\u044c\u0435 \u0437\u0443\u0431\u043e\u0432 \u0438 \u0434\u0435\u0441\u0435\u043d \u0441 \u043f\u043e\u043c\u043e\u0449\u044c\u044e \u0440\u0435\u0433\u0443\u043b\u044f\u0440\u043d\u044b\u0445 \u0441\u0442\u043e\u043c\u0430\u0442\u043e\u043b\u043e\u0433\u0438\u0447\u0435\u0441\u043a\u0438\u0445 \u043e\u0441\u043c\u043e\u0442\u0440\u043e\u0432 \u0438 \u0447\u0438\u0441\u0442\u043e\u043a. \u041e\u043d\u0438 \u0442\u0430\u043a\u0436\u0435 \u043c\u043e\u0433\u0443\u0442 \u0432\u044b\u043f\u043e\u043b\u043d\u044f\u0442\u044c \u0440\u0430\u0437\u043b\u0438\u0447\u043d\u044b\u0435 \u043f\u0440\u043e\u0446\u0435\u0434\u0443\u0440\u044b \u043f\u043e \u0443\u0445\u043e\u0434\u0443 \u0437\u0430 \u043f\u043e\u043b\u043e\u0441\u0442\u044c\u044e \u0440\u0442\u0430, \u0432\u043a\u043b\u044e\u0447\u0430\u044f \u0437\u0443\u0431\u043d\u044b\u0435 \u043f\u043b\u043e\u043c\u0431\u044b, \u043a\u043e\u0440\u043e\u043d\u043a\u0438 \u0438 \u043c\u043e\u0441\u0442\u044b.<\/p>","protected":false},"excerpt":{"rendered":"<p>Di\u015f\u00e7i nedir? Bazen genel di\u015f hekimi veya aile di\u015f hekimi olarak adland\u0131r\u0131lan bir di\u015f hekimi, a\u011f\u0131z sa\u011fl\u0131\u011f\u0131 ko\u015fullar\u0131n\u0131 te\u015fhis eden ve tedavi eden bir sa\u011fl\u0131k hizmeti sa\u011flay\u0131c\u0131s\u0131d\u0131r.\u00a0Di\u015f hekimleri, d\u00fczenli di\u015f&hellip;<\/p>","protected":false},"author":1,"featured_media":0,"parent":0,"menu_order":0,"comment_status":"closed","ping_status":"closed","template":"","meta":{"footnotes":""},"class_list":["post-27371","page","type-page","status-publish","hentry"],"_links":{"self":[{"href":"https:\/\/rlbhealthagency.com\/ru\/wp-json\/wp\/v2\/pages\/27371","targetHints":{"allow":["GET"]}}],"collection":[{"href":"https:\/\/rlbhealthagency.com\/ru\/wp-json\/wp\/v2\/pages"}],"about":[{"href":"https:\/\/rlbhealthagency.com\/ru\/wp-json\/wp\/v2\/types\/page"}],"author":[{"embeddable":true,"href":"https:\/\/rlbhealthagency.com\/ru\/wp-json\/wp\/v2\/users\/1"}],"replies":[{"embeddable":true,"href":"https:\/\/rlbhealthagency.com\/ru\/wp-json\/wp\/v2\/comments?post=27371"}],"version-history":[{"count":0,"href":"https:\/\/rlbhealthagency.com\/ru\/wp-json\/wp\/v2\/pages\/27371\/revisions"}],"wp:attachment":[{"href":"https:\/\/rlbhealthagency.com\/ru\/wp-json\/wp\/v2\/media?parent=27371"}],"curies":[{"name":"wp","href":"https:\/\/api.w.org\/{rel}","templated":true}]}}