{"id":26978,"date":"2023-01-31T12:52:21","date_gmt":"2023-01-31T12:52:21","guid":{"rendered":"https:\/\/rlbhealthagency.com\/?page_id=26978"},"modified":"2023-05-17T12:01:02","modified_gmt":"2023-05-17T12:01:02","slug":"internal-medicine","status":"publish","type":"page","link":"https:\/\/rlbhealthagency.com\/tr\/internal-medicine\/","title":{"rendered":"Dahiliye"},"content":{"rendered":"\n<p>Dahiliye, doktorlar\u0131n \u00e7ok \u00e7e\u015fitli sa\u011fl\u0131k sorunlar\u0131 ve hastal\u0131klar\u0131 olan yeti\u015fkinleri te\u015fhis etmek ve tedavi etmek i\u00e7in bilimsel bilgi ve klinik uzmanl\u0131\u011f\u0131 kulland\u0131klar\u0131 bir t\u0131bbi uzmanl\u0131k alan\u0131d\u0131r. \u0130\u00e7 hastal\u0131klar\u0131 konusunda uzmanla\u015fm\u0131\u015f doktorlara dahiliyeci veya genel dahiliyeci denir.<\/p>\n\n\n\n<figure class=\"wp-block-image size-large\"><img fetchpriority=\"high\" decoding=\"async\" width=\"1024\" height=\"682\" src=\"https:\/\/rlbhealthagency.com\/wp-content\/uploads\/2023\/01\/doctor-crossing-arms-while-holding-stethoscope-white-coat_176474-8491-1024x682.webp\" alt=\"\" class=\"wp-image-26980\" srcset=\"https:\/\/rlbhealthagency.com\/wp-content\/uploads\/2023\/01\/doctor-crossing-arms-while-holding-stethoscope-white-coat_176474-8491-1024x682.webp 1024w, https:\/\/rlbhealthagency.com\/wp-content\/uploads\/2023\/01\/doctor-crossing-arms-while-holding-stethoscope-white-coat_176474-8491-300x200.webp 300w, https:\/\/rlbhealthagency.com\/wp-content\/uploads\/2023\/01\/doctor-crossing-arms-while-holding-stethoscope-white-coat_176474-8491-768x512.webp 768w, https:\/\/rlbhealthagency.com\/wp-content\/uploads\/2023\/01\/doctor-crossing-arms-while-holding-stethoscope-white-coat_176474-8491-18x12.webp 18w, https:\/\/rlbhealthagency.com\/wp-content\/uploads\/2023\/01\/doctor-crossing-arms-while-holding-stethoscope-white-coat_176474-8491-370x246.webp 370w, https:\/\/rlbhealthagency.com\/wp-content\/uploads\/2023\/01\/doctor-crossing-arms-while-holding-stethoscope-white-coat_176474-8491-840x559.webp 840w, https:\/\/rlbhealthagency.com\/wp-content\/uploads\/2023\/01\/doctor-crossing-arms-while-holding-stethoscope-white-coat_176474-8491-410x273.webp 410w, https:\/\/rlbhealthagency.com\/wp-content\/uploads\/2023\/01\/doctor-crossing-arms-while-holding-stethoscope-white-coat_176474-8491.webp 1060w\" sizes=\"(max-width: 1024px) 100vw, 1024px\" \/><\/figure>\n\n\n\n<h2 class=\"wp-block-heading\">Dahiliye ve Genel\/Aile Hekimli\u011fi Aras\u0131ndaki Farklar<\/h2>\n\n\n\n<p>Her ikisi de birinci basamak doktoru olsalar da &#8211; ve terimler genellikle birbirinin yerine kullan\u0131l\u0131r &#8211; dahiliyeciler pratisyen hekimler ve aile hekimleri ile ayn\u0131 de\u011fildir.&nbsp;Temel farkl\u0131l\u0131klardan biri, dahiliyecilerin yaln\u0131zca yeti\u015fkinleri g\u00f6rmesi ve aile hekimlerinin hem \u00e7ocuklar\u0131 hem de yeti\u015fkinleri g\u00f6rmesidir.<\/p>\n\n\n\n<h3 class=\"wp-block-heading\">Genel \u0130\u00e7 Hastal\u0131klar\u0131<\/h3>\n\n\n\n<p>Genel dahiliyeciler, birinci basamak sa\u011fl\u0131k hizmeti uygulama ve hastalar\u0131 yeti\u015fkin ya\u015famlar\u0131 boyunca takip etme konusunda benzersiz niteliklere sahiptir.\u00a0Baz\u0131 dahiliyeciler, hastane ortamlar\u0131nda birinci basamak sa\u011fl\u0131k hizmeti veren hastaneci olarak \u00e7al\u0131\u015f\u0131r;\u00a0di\u011ferleri sadece ayakta hasta bak\u0131m\u0131 sa\u011flar.\u00a0Dahiliyeciler rehabilitasyon merkezlerinde ve uzun s\u00fcreli bak\u0131m tesislerinde de \u00e7al\u0131\u015fabilirler.<\/p>\n\n\n\n","protected":false},"excerpt":{"rendered":"<p>Dahiliye, doktorlar\u0131n \u00e7ok \u00e7e\u015fitli sa\u011fl\u0131k sorunlar\u0131 ve hastal\u0131klar\u0131 olan yeti\u015fkinleri te\u015fhis etmek ve tedavi etmek i\u00e7in bilimsel bilgi ve klinik uzmanl\u0131\u011f\u0131 kulland\u0131klar\u0131 bir t\u0131bbi uzmanl\u0131k alan\u0131d\u0131r. \u0130\u00e7 hastal\u0131klar\u0131 konusunda uzmanla\u015fm\u0131\u015f&hellip;<\/p>\n","protected":false},"author":1,"featured_media":26981,"parent":0,"menu_order":0,"comment_status":"closed","ping_status":"closed","template":"","meta":{"footnotes":""},"class_list":["post-26978","page","type-page","status-publish","has-post-thumbnail","hentry"],"_links":{"self":[{"href":"https:\/\/rlbhealthagency.com\/tr\/wp-json\/wp\/v2\/pages\/26978","targetHints":{"allow":["GET"]}}],"collection":[{"href":"https:\/\/rlbhealthagency.com\/tr\/wp-json\/wp\/v2\/pages"}],"about":[{"href":"https:\/\/rlbhealthagency.com\/tr\/wp-json\/wp\/v2\/types\/page"}],"author":[{"embeddable":true,"href":"https:\/\/rlbhealthagency.com\/tr\/wp-json\/wp\/v2\/users\/1"}],"replies":[{"embeddable":true,"href":"https:\/\/rlbhealthagency.com\/tr\/wp-json\/wp\/v2\/comments?post=26978"}],"version-history":[{"count":0,"href":"https:\/\/rlbhealthagency.com\/tr\/wp-json\/wp\/v2\/pages\/26978\/revisions"}],"wp:featuredmedia":[{"embeddable":true,"href":"https:\/\/rlbhealthagency.com\/tr\/wp-json\/wp\/v2\/media\/26981"}],"wp:attachment":[{"href":"https:\/\/rlbhealthagency.com\/tr\/wp-json\/wp\/v2\/media?parent=26978"}],"curies":[{"name":"wp","href":"https:\/\/api.w.org\/{rel}","templated":true}]}}