{"id":26997,"date":"2023-02-02T11:28:09","date_gmt":"2023-02-02T11:28:09","guid":{"rendered":"https:\/\/rlbhealthagency.com\/?page_id=26997"},"modified":"2023-05-17T12:02:29","modified_gmt":"2023-05-17T12:02:29","slug":"orthopedics","status":"publish","type":"page","link":"https:\/\/rlbhealthagency.com\/tr\/orthopedics\/","title":{"rendered":"Ortopedi"},"content":{"rendered":"\n<p>Ortopedi (ortopedik cerrahi olarak da adland\u0131r\u0131l\u0131r), v\u00fccudunuzun kas-iskelet sistemindeki yaralanmalara ve hastal\u0131klara odaklanan t\u0131bbi uzmanl\u0131k alan\u0131d\u0131r.&nbsp;Kemiklerinizi, eklemlerinizi, ba\u011flar\u0131n\u0131z\u0131, tendonlar\u0131n\u0131z\u0131, kaslar\u0131n\u0131z\u0131 ve sinirlerinizi i\u00e7eren bu karma\u015f\u0131k sistem hareket etmenizi, \u00e7al\u0131\u015fman\u0131z\u0131 ve aktif olman\u0131z\u0131 sa\u011flar.<\/p>\n\n\n\n<p>Ortopedistler bir zamanlar kendilerini omurga ve uzuv deformiteleri olan \u00e7ocuklar\u0131n bak\u0131m\u0131na adad\u0131lar, \u015fimdi PEV&#8217;li yenido\u011fanlardan artroskopik cerrahi gerektiren gen\u00e7 sporculara ve artritli ya\u015fl\u0131 insanlara kadar her ya\u015ftan hastayla ilgileniyorlar.\u00a0Ve herkes herhangi bir ya\u015fta kemik k\u0131rabilir.<\/p>\n\n\n\n<p>Bir ortopedi cerrah\u0131na g\u00f6r\u00fcnmenin mutlaka ameliyat olaca\u011f\u0131n\u0131z anlam\u0131na gelmedi\u011fini unutmamak \u00f6nemlidir.&nbsp;Ald\u0131klar\u0131 e\u011fitim nedeniyle, ortopedi cerrahlar\u0131, ameliyat\u0131n sizin i\u00e7in en iyi se\u00e7enek olup olmad\u0131\u011f\u0131n\u0131 ve e\u011fer \u00f6yleyse, hangi prosed\u00fcr\u00fcn\/i\u015flemlerin size en iyi sonu\u00e7lar\u0131 verece\u011fini belirleme konusunda benzersiz niteliklere sahiptir.<\/p>\n\n\n\n","protected":false},"excerpt":{"rendered":"<p>Ortopedi (ortopedik cerrahi olarak da adland\u0131r\u0131l\u0131r), v\u00fccudunuzun kas-iskelet sistemindeki yaralanmalara ve hastal\u0131klara odaklanan t\u0131bbi uzmanl\u0131k alan\u0131d\u0131r.&nbsp;Kemiklerinizi, eklemlerinizi, ba\u011flar\u0131n\u0131z\u0131, tendonlar\u0131n\u0131z\u0131, kaslar\u0131n\u0131z\u0131 ve sinirlerinizi i\u00e7eren bu karma\u015f\u0131k sistem hareket etmenizi, \u00e7al\u0131\u015fman\u0131z\u0131 ve&hellip;<\/p>\n","protected":false},"author":1,"featured_media":27000,"parent":0,"menu_order":0,"comment_status":"closed","ping_status":"closed","template":"","meta":{"footnotes":""},"class_list":["post-26997","page","type-page","status-publish","has-post-thumbnail","hentry"],"_links":{"self":[{"href":"https:\/\/rlbhealthagency.com\/tr\/wp-json\/wp\/v2\/pages\/26997","targetHints":{"allow":["GET"]}}],"collection":[{"href":"https:\/\/rlbhealthagency.com\/tr\/wp-json\/wp\/v2\/pages"}],"about":[{"href":"https:\/\/rlbhealthagency.com\/tr\/wp-json\/wp\/v2\/types\/page"}],"author":[{"embeddable":true,"href":"https:\/\/rlbhealthagency.com\/tr\/wp-json\/wp\/v2\/users\/1"}],"replies":[{"embeddable":true,"href":"https:\/\/rlbhealthagency.com\/tr\/wp-json\/wp\/v2\/comments?post=26997"}],"version-history":[{"count":0,"href":"https:\/\/rlbhealthagency.com\/tr\/wp-json\/wp\/v2\/pages\/26997\/revisions"}],"wp:featuredmedia":[{"embeddable":true,"href":"https:\/\/rlbhealthagency.com\/tr\/wp-json\/wp\/v2\/media\/27000"}],"wp:attachment":[{"href":"https:\/\/rlbhealthagency.com\/tr\/wp-json\/wp\/v2\/media?parent=26997"}],"curies":[{"name":"wp","href":"https:\/\/api.w.org\/{rel}","templated":true}]}}