{"id":27009,"date":"2023-02-02T11:56:10","date_gmt":"2023-02-02T11:56:10","guid":{"rendered":"https:\/\/rlbhealthagency.com\/?page_id=27009"},"modified":"2023-05-17T12:02:38","modified_gmt":"2023-05-17T12:02:38","slug":"plastic-surgery","status":"publish","type":"page","link":"https:\/\/rlbhealthagency.com\/tr\/plastic-surgery\/","title":{"rendered":"Plastik Cerrahi"},"content":{"rendered":"\n<p><strong>Plastik cerrahi, eksik veya hasarl\u0131 doku ve cildi onarmak ve yeniden yap\u0131land\u0131rmak i\u00e7in kullan\u0131l\u0131r.<\/strong><\/p>\n\n\n\n<p>Estetik cerrahinin temel amac\u0131, doku ve derinin i\u015flevini ve g\u00f6r\u00fcn\u00fcm\u00fcn\u00fc m\u00fcmk\u00fcn oldu\u011funca normale yak\u0131n hale getirmektir.<\/p>\n\n\n\n<p>Plastik cerrahi, bir ki\u015finin daha arzu edilen bir g\u00f6r\u00fcn\u00fcm oldu\u011funu d\u00fc\u015f\u00fcnd\u00fcklerini elde etmek i\u00e7in yaln\u0131zca g\u00f6r\u00fcn\u00fc\u015f\u00fcn\u00fc de\u011fi\u015ftirmek i\u00e7in yap\u0131lan cerrahi olan kozmetik cerrahiden farkl\u0131d\u0131r.<\/p>\n\n\n\n<figure class=\"wp-block-image size-large\"><img fetchpriority=\"high\" decoding=\"async\" width=\"1024\" height=\"780\" src=\"https:\/\/rlbhealthagency.com\/wp-content\/uploads\/2023\/02\/two-young-thick-thin-women-have-different-figures-comparison-concept-1024x780.webp\" alt=\"\" class=\"wp-image-27010\" srcset=\"https:\/\/rlbhealthagency.com\/wp-content\/uploads\/2023\/02\/two-young-thick-thin-women-have-different-figures-comparison-concept-1024x780.webp 1024w, https:\/\/rlbhealthagency.com\/wp-content\/uploads\/2023\/02\/two-young-thick-thin-women-have-different-figures-comparison-concept-300x229.webp 300w, https:\/\/rlbhealthagency.com\/wp-content\/uploads\/2023\/02\/two-young-thick-thin-women-have-different-figures-comparison-concept-768x585.webp 768w, https:\/\/rlbhealthagency.com\/wp-content\/uploads\/2023\/02\/two-young-thick-thin-women-have-different-figures-comparison-concept-1536x1170.webp 1536w, https:\/\/rlbhealthagency.com\/wp-content\/uploads\/2023\/02\/two-young-thick-thin-women-have-different-figures-comparison-concept-2048x1560.webp 2048w, https:\/\/rlbhealthagency.com\/wp-content\/uploads\/2023\/02\/two-young-thick-thin-women-have-different-figures-comparison-concept-16x12.webp 16w, https:\/\/rlbhealthagency.com\/wp-content\/uploads\/2023\/02\/two-young-thick-thin-women-have-different-figures-comparison-concept-370x282.webp 370w, https:\/\/rlbhealthagency.com\/wp-content\/uploads\/2023\/02\/two-young-thick-thin-women-have-different-figures-comparison-concept-840x640.webp 840w, https:\/\/rlbhealthagency.com\/wp-content\/uploads\/2023\/02\/two-young-thick-thin-women-have-different-figures-comparison-concept-410x312.webp 410w\" sizes=\"(max-width: 1024px) 100vw, 1024px\" \/><\/figure>\n\n\n\n","protected":false},"excerpt":{"rendered":"<p>Plastik cerrahi, eksik veya hasarl\u0131 doku ve cildi onarmak ve yeniden yap\u0131land\u0131rmak i\u00e7in kullan\u0131l\u0131r. Estetik cerrahinin temel amac\u0131, doku ve derinin i\u015flevini ve g\u00f6r\u00fcn\u00fcm\u00fcn\u00fc m\u00fcmk\u00fcn oldu\u011funca normale yak\u0131n hale getirmektir.&hellip;<\/p>\n","protected":false},"author":1,"featured_media":27010,"parent":0,"menu_order":0,"comment_status":"closed","ping_status":"closed","template":"","meta":{"footnotes":""},"class_list":["post-27009","page","type-page","status-publish","has-post-thumbnail","hentry"],"_links":{"self":[{"href":"https:\/\/rlbhealthagency.com\/tr\/wp-json\/wp\/v2\/pages\/27009","targetHints":{"allow":["GET"]}}],"collection":[{"href":"https:\/\/rlbhealthagency.com\/tr\/wp-json\/wp\/v2\/pages"}],"about":[{"href":"https:\/\/rlbhealthagency.com\/tr\/wp-json\/wp\/v2\/types\/page"}],"author":[{"embeddable":true,"href":"https:\/\/rlbhealthagency.com\/tr\/wp-json\/wp\/v2\/users\/1"}],"replies":[{"embeddable":true,"href":"https:\/\/rlbhealthagency.com\/tr\/wp-json\/wp\/v2\/comments?post=27009"}],"version-history":[{"count":0,"href":"https:\/\/rlbhealthagency.com\/tr\/wp-json\/wp\/v2\/pages\/27009\/revisions"}],"wp:featuredmedia":[{"embeddable":true,"href":"https:\/\/rlbhealthagency.com\/tr\/wp-json\/wp\/v2\/media\/27010"}],"wp:attachment":[{"href":"https:\/\/rlbhealthagency.com\/tr\/wp-json\/wp\/v2\/media?parent=27009"}],"curies":[{"name":"wp","href":"https:\/\/api.w.org\/{rel}","templated":true}]}}