{"id":27015,"date":"2023-02-02T12:25:26","date_gmt":"2023-02-02T12:25:26","guid":{"rendered":"https:\/\/rlbhealthagency.com\/?page_id=27015"},"modified":"2023-05-17T12:03:01","modified_gmt":"2023-05-17T12:03:01","slug":"urology","status":"publish","type":"page","link":"https:\/\/rlbhealthagency.com\/tr\/urology\/","title":{"rendered":"\u00dcroloji"},"content":{"rendered":"\n<p>\u00dcrolog, erkeklerde, kad\u0131nlarda ve \u00e7ocuklarda idrar yollar\u0131n\u0131 etkileyen durumlar ve \u00fcreme sistemini etkileyen hastal\u0131klar konusunda uzmanla\u015fm\u0131\u015f bir t\u0131p doktorudur.&nbsp;Bu ko\u015fullar \u00e7ok fazla veya \u00e7ok az i\u015femekten \u00e7ocuk sahibi olamamaya kadar de\u011fi\u015fir.<\/p>\n\n\n\n<figure class=\"wp-block-image size-large\"><img fetchpriority=\"high\" decoding=\"async\" width=\"1024\" height=\"682\" src=\"https:\/\/rlbhealthagency.com\/wp-content\/uploads\/2023\/02\/front-view-people-dealing-with-std_23-2149485557-1024x682.webp\" alt=\"\" class=\"wp-image-27016\" srcset=\"https:\/\/rlbhealthagency.com\/wp-content\/uploads\/2023\/02\/front-view-people-dealing-with-std_23-2149485557-1024x682.webp 1024w, https:\/\/rlbhealthagency.com\/wp-content\/uploads\/2023\/02\/front-view-people-dealing-with-std_23-2149485557-300x200.webp 300w, https:\/\/rlbhealthagency.com\/wp-content\/uploads\/2023\/02\/front-view-people-dealing-with-std_23-2149485557-768x512.webp 768w, https:\/\/rlbhealthagency.com\/wp-content\/uploads\/2023\/02\/front-view-people-dealing-with-std_23-2149485557-18x12.webp 18w, https:\/\/rlbhealthagency.com\/wp-content\/uploads\/2023\/02\/front-view-people-dealing-with-std_23-2149485557-370x246.webp 370w, https:\/\/rlbhealthagency.com\/wp-content\/uploads\/2023\/02\/front-view-people-dealing-with-std_23-2149485557-840x559.webp 840w, https:\/\/rlbhealthagency.com\/wp-content\/uploads\/2023\/02\/front-view-people-dealing-with-std_23-2149485557-410x273.webp 410w, https:\/\/rlbhealthagency.com\/wp-content\/uploads\/2023\/02\/front-view-people-dealing-with-std_23-2149485557.webp 1060w\" sizes=\"(max-width: 1024px) 100vw, 1024px\" \/><\/figure>\n\n\n\n<p>\u0130drar sorunlar\u0131, pelvik a\u011fr\u0131 veya cinsel sorunlar i\u00e7in bak\u0131ma ihtiyac\u0131n\u0131z varsa, birinci basamak sa\u011fl\u0131k hizmeti sa\u011flay\u0131c\u0131n\u0131z sizi bu konularda bir uzmana, yani bir \u00fcrolo\u011fa sevk edebilir.&nbsp;\u00dcrolog tan\u0131y\u0131 netle\u015ftirecek ve tedavi yolunu g\u00f6sterecek testler isteyebilir.&nbsp;Baz\u0131 insanlar idrar yapma, idrar ka\u00e7\u0131rma veya &#8220;a\u015fa\u011f\u0131&#8221; ile ilgili di\u011fer sorunlar hakk\u0131nda konu\u015fmaktan utanabilir, ancak ayn\u0131 ki\u015filer muhtemelen bu durumlar\u0131n \u00e7ok yayg\u0131n oldu\u011funu ve ba\u015far\u0131l\u0131 bir tedavinin m\u00fcmk\u00fcn oldu\u011funu bilmekten memnun olacakt\u0131r.&nbsp;Sa\u011fl\u0131kl\u0131 olmaya ve hayattan zevk almaya geri d\u00f6nmenize yard\u0131mc\u0131 olabilmeleri i\u00e7in sa\u011fl\u0131k uzmanlar\u0131na kar\u015f\u0131 d\u00fcr\u00fcst olmak \u00f6nemlidir.<\/p>\n\n\n\n","protected":false},"excerpt":{"rendered":"<p>\u00dcrolog, erkeklerde, kad\u0131nlarda ve \u00e7ocuklarda idrar yollar\u0131n\u0131 etkileyen durumlar ve \u00fcreme sistemini etkileyen hastal\u0131klar konusunda uzmanla\u015fm\u0131\u015f bir t\u0131p doktorudur.&nbsp;Bu ko\u015fullar \u00e7ok fazla veya \u00e7ok az i\u015femekten \u00e7ocuk sahibi olamamaya kadar&hellip;<\/p>\n","protected":false},"author":1,"featured_media":27016,"parent":0,"menu_order":0,"comment_status":"closed","ping_status":"closed","template":"","meta":{"footnotes":""},"class_list":["post-27015","page","type-page","status-publish","has-post-thumbnail","hentry"],"_links":{"self":[{"href":"https:\/\/rlbhealthagency.com\/tr\/wp-json\/wp\/v2\/pages\/27015","targetHints":{"allow":["GET"]}}],"collection":[{"href":"https:\/\/rlbhealthagency.com\/tr\/wp-json\/wp\/v2\/pages"}],"about":[{"href":"https:\/\/rlbhealthagency.com\/tr\/wp-json\/wp\/v2\/types\/page"}],"author":[{"embeddable":true,"href":"https:\/\/rlbhealthagency.com\/tr\/wp-json\/wp\/v2\/users\/1"}],"replies":[{"embeddable":true,"href":"https:\/\/rlbhealthagency.com\/tr\/wp-json\/wp\/v2\/comments?post=27015"}],"version-history":[{"count":0,"href":"https:\/\/rlbhealthagency.com\/tr\/wp-json\/wp\/v2\/pages\/27015\/revisions"}],"wp:featuredmedia":[{"embeddable":true,"href":"https:\/\/rlbhealthagency.com\/tr\/wp-json\/wp\/v2\/media\/27016"}],"wp:attachment":[{"href":"https:\/\/rlbhealthagency.com\/tr\/wp-json\/wp\/v2\/media?parent=27015"}],"curies":[{"name":"wp","href":"https:\/\/api.w.org\/{rel}","templated":true}]}}