{"id":27018,"date":"2023-02-02T12:38:12","date_gmt":"2023-02-02T12:38:12","guid":{"rendered":"https:\/\/rlbhealthagency.com\/?page_id=27018"},"modified":"2023-05-17T12:02:52","modified_gmt":"2023-05-17T12:02:52","slug":"radiology","status":"publish","type":"page","link":"https:\/\/rlbhealthagency.com\/tr\/radiology\/","title":{"rendered":"Radyoloji"},"content":{"rendered":"\n<h2 class=\"wp-block-heading\">Radyoloji Nedir?<\/h2>\n\n\n\n<figure class=\"wp-block-image size-full\"><img fetchpriority=\"high\" decoding=\"async\" width=\"740\" height=\"416\" src=\"https:\/\/rlbhealthagency.com\/wp-content\/uploads\/2023\/02\/doctor-with-coronavirus-patient-s-x-ray-film_53876-143047.jpg\" alt=\"\" class=\"wp-image-27019\" srcset=\"https:\/\/rlbhealthagency.com\/wp-content\/uploads\/2023\/02\/doctor-with-coronavirus-patient-s-x-ray-film_53876-143047.jpg 740w, https:\/\/rlbhealthagency.com\/wp-content\/uploads\/2023\/02\/doctor-with-coronavirus-patient-s-x-ray-film_53876-143047-300x169.jpg 300w, https:\/\/rlbhealthagency.com\/wp-content\/uploads\/2023\/02\/doctor-with-coronavirus-patient-s-x-ray-film_53876-143047-18x10.jpg 18w, https:\/\/rlbhealthagency.com\/wp-content\/uploads\/2023\/02\/doctor-with-coronavirus-patient-s-x-ray-film_53876-143047-370x208.jpg 370w, https:\/\/rlbhealthagency.com\/wp-content\/uploads\/2023\/02\/doctor-with-coronavirus-patient-s-x-ray-film_53876-143047-410x230.jpg 410w, https:\/\/rlbhealthagency.com\/wp-content\/uploads\/2023\/02\/doctor-with-coronavirus-patient-s-x-ray-film_53876-143047-270x152.jpg 270w\" sizes=\"(max-width: 740px) 100vw, 740px\" \/><\/figure>\n\n\n\n<p>Tan\u0131sal g\u00f6r\u00fcnt\u00fcleme olarak da bilinen radyoloji, v\u00fccudun b\u00f6l\u00fcmlerinin resimlerini veya g\u00f6r\u00fcnt\u00fclerini alan bir dizi testtir.&nbsp;Bu alan, her ikisi de hastal\u0131klar\u0131 te\u015fhis etmek ve tedavi etmek i\u00e7in radyant enerji kullanan iki alan\u0131 (tan\u0131sal radyoloji ve giri\u015fimsel radyoloji) kapsar.&nbsp;Birka\u00e7 farkl\u0131 g\u00f6r\u00fcnt\u00fcleme muayenesi&nbsp;olsa da&nbsp;, en yayg\u0131n olanlardan baz\u0131lar\u0131 r\u00f6ntgen, MRI, ultrason, CT taramas\u0131 ve PET taramas\u0131d\u0131r.<\/p>\n\n\n\n<p>Bir radyolog, bir tan\u0131y\u0131 de\u011ferlendiren ve destekleyen ilgili bir g\u00f6r\u00fcnt\u00fc bulmak i\u00e7in belirli bir g\u00f6r\u00fcnt\u00fcleme testinin sonucuna bakacakt\u0131r.&nbsp;Bu ki\u015filer genellikle t\u0131bbi g\u00f6r\u00fcnt\u00fclemenin yorumlanmas\u0131na odaklanan y\u00fcksek uzmanl\u0131k e\u011fitimi alm\u0131\u015f t\u0131p doktorlar\u0131d\u0131r (MD&#8217;ler).&nbsp;Radyolojik teknologlar da bir g\u00f6r\u00fcnt\u00fcn\u00fcn \u00fcretilmesi s\u00fcrecinde makineleri kullan\u0131p y\u00f6nettikleri i\u00e7in bu s\u00fcrece yard\u0131mc\u0131 olurlar.&nbsp;Bir hasta g\u00f6r\u00fcnt\u00fcleme testlerinden ge\u00e7tikten sonra, radyologlar, sevk eden klinik doktorlara yorumlar\u0131n\u0131n raporlar\u0131n\u0131 verecektir.<\/p>\n\n\n\n<p>Te\u015fhis radyolojisi, k\u0131r\u0131k kemiklerden kalp rahats\u0131zl\u0131klar\u0131na ve kan p\u0131ht\u0131lar\u0131na kadar \u00e7ok \u00e7e\u015fitli sorunlar\u0131 tan\u0131mlamak i\u00e7in bu g\u00f6r\u00fcnt\u00fcleme sonu\u00e7lar\u0131n\u0131 kullan\u0131r.&nbsp;Giri\u015fimsel radyoloji ayr\u0131ca t\u0131bbi prosed\u00fcrleri y\u00f6nlendirmek i\u00e7in&nbsp;CT taramalar\u0131&nbsp;,&nbsp;MRI&nbsp;ve&nbsp;ultrason&nbsp;gibi g\u00f6r\u00fcnt\u00fclemeleri kullan\u0131r .&nbsp;Kanser, s\u0131rt a\u011fr\u0131s\u0131 veya karaci\u011fer ve b\u00f6brek problemlerini tedavi ediyor olsun, hastalar bu prosed\u00fcrler s\u0131ras\u0131nda genellikle uyan\u0131kt\u0131r.&nbsp;Baz\u0131 durumlarda giri\u015fimsel radyoloji, ameliyat ve skop ihtiyac\u0131n\u0131 ortadan kald\u0131r\u0131r.<\/p>\n\n\n\n","protected":false},"excerpt":{"rendered":"<p>Radyoloji Nedir? Tan\u0131sal g\u00f6r\u00fcnt\u00fcleme olarak da bilinen radyoloji, v\u00fccudun b\u00f6l\u00fcmlerinin resimlerini veya g\u00f6r\u00fcnt\u00fclerini alan bir dizi testtir.&nbsp;Bu alan, her ikisi de hastal\u0131klar\u0131 te\u015fhis etmek ve tedavi etmek i\u00e7in radyant enerji&hellip;<\/p>\n","protected":false},"author":1,"featured_media":27019,"parent":0,"menu_order":0,"comment_status":"closed","ping_status":"closed","template":"","meta":{"footnotes":""},"class_list":["post-27018","page","type-page","status-publish","has-post-thumbnail","hentry"],"_links":{"self":[{"href":"https:\/\/rlbhealthagency.com\/tr\/wp-json\/wp\/v2\/pages\/27018","targetHints":{"allow":["GET"]}}],"collection":[{"href":"https:\/\/rlbhealthagency.com\/tr\/wp-json\/wp\/v2\/pages"}],"about":[{"href":"https:\/\/rlbhealthagency.com\/tr\/wp-json\/wp\/v2\/types\/page"}],"author":[{"embeddable":true,"href":"https:\/\/rlbhealthagency.com\/tr\/wp-json\/wp\/v2\/users\/1"}],"replies":[{"embeddable":true,"href":"https:\/\/rlbhealthagency.com\/tr\/wp-json\/wp\/v2\/comments?post=27018"}],"version-history":[{"count":0,"href":"https:\/\/rlbhealthagency.com\/tr\/wp-json\/wp\/v2\/pages\/27018\/revisions"}],"wp:featuredmedia":[{"embeddable":true,"href":"https:\/\/rlbhealthagency.com\/tr\/wp-json\/wp\/v2\/media\/27019"}],"wp:attachment":[{"href":"https:\/\/rlbhealthagency.com\/tr\/wp-json\/wp\/v2\/media?parent=27018"}],"curies":[{"name":"wp","href":"https:\/\/api.w.org\/{rel}","templated":true}]}}