{"id":27371,"date":"2023-05-08T08:16:15","date_gmt":"2023-05-08T08:16:15","guid":{"rendered":"https:\/\/rlbhealthagency.com\/?page_id=27371"},"modified":"2023-05-17T12:01:10","modified_gmt":"2023-05-17T12:01:10","slug":"dentist","status":"publish","type":"page","link":"https:\/\/rlbhealthagency.com\/tr\/dentist\/","title":{"rendered":"Di\u015f Hekimli\u011fi"},"content":{"rendered":"\n<h3 class=\"wp-block-heading\" id=\"what-is-a-dentist-\">Di\u015f\u00e7i nedir?<\/h3>\n\n\n\n<p>Bazen genel di\u015f hekimi veya aile di\u015f hekimi olarak adland\u0131r\u0131lan bir di\u015f hekimi, a\u011f\u0131z sa\u011fl\u0131\u011f\u0131 ko\u015fullar\u0131n\u0131 te\u015fhis eden ve tedavi eden bir sa\u011fl\u0131k hizmeti sa\u011flay\u0131c\u0131s\u0131d\u0131r.\u00a0Di\u015f hekimleri, d\u00fczenli di\u015f kontrolleri\u00a0ve temizlikleri\u00a0ile di\u015flerinizi ve di\u015f etlerinizi sa\u011fl\u0131kl\u0131 tutman\u0131za yard\u0131mc\u0131 olur .\u00a0Ayr\u0131ca di\u015f dolgular\u0131, kronlar ve k\u00f6pr\u00fcler dahil olmak \u00fczere \u00e7e\u015fitli a\u011f\u0131z sa\u011fl\u0131\u011f\u0131 tedavileri yapabilirler.<\/p>\n\n\n\n","protected":false},"excerpt":{"rendered":"<p>Di\u015f\u00e7i nedir? Bazen genel di\u015f hekimi veya aile di\u015f hekimi olarak adland\u0131r\u0131lan bir di\u015f hekimi, a\u011f\u0131z sa\u011fl\u0131\u011f\u0131 ko\u015fullar\u0131n\u0131 te\u015fhis eden ve tedavi eden bir sa\u011fl\u0131k hizmeti sa\u011flay\u0131c\u0131s\u0131d\u0131r.\u00a0Di\u015f hekimleri, d\u00fczenli di\u015f&hellip;<\/p>\n","protected":false},"author":1,"featured_media":0,"parent":0,"menu_order":0,"comment_status":"closed","ping_status":"closed","template":"","meta":{"footnotes":""},"class_list":["post-27371","page","type-page","status-publish","hentry"],"_links":{"self":[{"href":"https:\/\/rlbhealthagency.com\/tr\/wp-json\/wp\/v2\/pages\/27371","targetHints":{"allow":["GET"]}}],"collection":[{"href":"https:\/\/rlbhealthagency.com\/tr\/wp-json\/wp\/v2\/pages"}],"about":[{"href":"https:\/\/rlbhealthagency.com\/tr\/wp-json\/wp\/v2\/types\/page"}],"author":[{"embeddable":true,"href":"https:\/\/rlbhealthagency.com\/tr\/wp-json\/wp\/v2\/users\/1"}],"replies":[{"embeddable":true,"href":"https:\/\/rlbhealthagency.com\/tr\/wp-json\/wp\/v2\/comments?post=27371"}],"version-history":[{"count":0,"href":"https:\/\/rlbhealthagency.com\/tr\/wp-json\/wp\/v2\/pages\/27371\/revisions"}],"wp:attachment":[{"href":"https:\/\/rlbhealthagency.com\/tr\/wp-json\/wp\/v2\/media?parent=27371"}],"curies":[{"name":"wp","href":"https:\/\/api.w.org\/{rel}","templated":true}]}}